{"id":949,"date":"2015-06-02T11:02:36","date_gmt":"2015-06-02T08:02:36","guid":{"rendered":"http:\/\/www.rsc.org.tr\/indextr\/?page_id=949"},"modified":"2015-06-03T11:15:39","modified_gmt":"2015-06-03T08:15:39","slug":"949-2","status":"publish","type":"page","link":"http:\/\/www.rsc.org.tr\/indextr\/index.php\/949-2\/","title":{"rendered":"YAZKAR KL\u0130MA SO\u011eUTMA A.\u015e."},"content":{"rendered":"<p style=\"color: #88888a;\"><a href=\"http:\/\/www.rsc.org.tr\/indextr\/wp-content\/uploads\/fabrikayazkar-c.jpg\"><img loading=\"lazy\" decoding=\"async\" class=\"aligncenter  wp-image-955\" src=\"http:\/\/www.rsc.org.tr\/indextr\/wp-content\/uploads\/fabrikayazkar-c.jpg\" alt=\"fabrikayazkar c\" width=\"348\" height=\"196\" srcset=\"http:\/\/www.rsc.org.tr\/indextr\/wp-content\/uploads\/fabrikayazkar-c.jpg 800w, http:\/\/www.rsc.org.tr\/indextr\/wp-content\/uploads\/fabrikayazkar-c-300x168.jpg 300w, http:\/\/www.rsc.org.tr\/indextr\/wp-content\/uploads\/fabrikayazkar-c-600x337.jpg 600w\" sizes=\"auto, (max-width: 348px) 100vw, 348px\" \/><\/a><\/p>\n<p style=\"color: #88888a;\">So\u011fuk zincir ta\u015f\u0131mac\u0131l\u0131\u011f\u0131nda, g\u0131da \u00fcr\u00fcnlerinin muhafazas\u0131nda kullan\u0131lan ara\u00e7lar\u0131n frigorifik kasa-izolasyonunu, so\u011fuk muhafaza cihazlar\u0131n\u0131, so\u011fuk zincirin k\u0131r\u0131lmas\u0131n\u0131 \u00f6nleyen frigoboxlar\u0131, yolcu ta\u015f\u0131mac\u0131l\u0131\u011f\u0131nda ticari ara\u00e7 klimalar\u0131n\u0131, Rayl\u0131 sistemlerde Tren-Metro Klimalar\u0131n\u0131 \u00fcreten bir firmad\u0131r.<\/p>\n<p style=\"color: #88888a;\">Yerle\u015fik alanda ise g\u0131da \u00fcr\u00fcnlerinin uzun \u00f6m\u00fcrl\u00fc muhafazas\u0131 i\u00e7in so\u011fuk hava depolar\u0131 projelendirip kuran bir firmad\u0131r.<\/p>\n<p style=\"color: #88888a;\">TCDD, TUVASA\u015e, ANKARA-EGO ve B\u00fcy\u00fck \u015fehir belediyelerine Tren ve Rayl\u0131 sistem klimalar\u0131; \u0130stanbul Belediyesine ba\u011fl\u0131 \u0130ETT ve \u00d6zel Halk otob\u00fcslerine, Adana Belediyesine, di\u011fer B\u00fcy\u00fck\u015fehir Belediyelerine otob\u00fcs klimalar\u0131; BMC, IVECO ihracata otob\u00fcs-minib\u00fcs klimalar\u0131, Mercedes AXOR ihra\u00e7 kamyonlar\u0131na kabin klimalar\u0131, Savunma Sanayine z\u0131rhl\u0131 ara\u00e7 klimalar\u0131 tedarik\u00e7isi olarak uzun y\u0131llard\u0131r hizmet etmekteyiz.<\/p>\n<p>Kara \u2013 Deniz \u2013 Demir Yollar\u0131na Klima ve So\u011futucu \u00fcreten firmam\u0131z YAZKAR A.\u015e. Dizel So\u011futucu \u00fcretimine de ba\u015flayarak ilklere imza atmaya devam etmektedir<\/p>\n<p>Daha fazla bilgi i\u00e7in:\u00a0<a href=\"http:\/\/www.yazkar.com.tr\/\">http:\/\/www.yazkar.com.tr\/<\/a><\/p>\n","protected":false},"excerpt":{"rendered":"<p>So\u011fuk zincir ta\u015f\u0131mac\u0131l\u0131\u011f\u0131nda, g\u0131da \u00fcr\u00fcnlerinin muhafazas\u0131nda kullan\u0131lan ara\u00e7lar\u0131n frigorifik kasa-izolasyonunu, so\u011fuk muhafaza cihazlar\u0131n\u0131, so\u011fuk zincirin k\u0131r\u0131lmas\u0131n\u0131 \u00f6nleyen frigoboxlar\u0131, yolcu ta\u015f\u0131mac\u0131l\u0131\u011f\u0131nda ticari ara\u00e7 klimalar\u0131n\u0131, Rayl\u0131 sistemlerde Tren-Metro Klimalar\u0131n\u0131 \u00fcreten bir firmad\u0131r. Yerle\u015fik alanda ise g\u0131da \u00fcr\u00fcnlerinin uzun \u00f6m\u00fcrl\u00fc muhafazas\u0131 i\u00e7in so\u011fuk hava depolar\u0131 projelendirip kuran bir firmad\u0131r. TCDD, TUVASA\u015e, ANKARA-EGO ve B\u00fcy\u00fck \u015fehir belediyelerine Tren ve [&hellip;]<\/p>\n","protected":false},"author":1,"featured_media":0,"parent":0,"menu_order":0,"comment_status":"closed","ping_status":"closed","template":"","meta":{"footnotes":""},"class_list":["post-949","page","type-page","status-publish","hentry"],"_links":{"self":[{"href":"http:\/\/www.rsc.org.tr\/indextr\/index.php\/wp-json\/wp\/v2\/pages\/949","targetHints":{"allow":["GET"]}}],"collection":[{"href":"http:\/\/www.rsc.org.tr\/indextr\/index.php\/wp-json\/wp\/v2\/pages"}],"about":[{"href":"http:\/\/www.rsc.org.tr\/indextr\/index.php\/wp-json\/wp\/v2\/types\/page"}],"author":[{"embeddable":true,"href":"http:\/\/www.rsc.org.tr\/indextr\/index.php\/wp-json\/wp\/v2\/users\/1"}],"replies":[{"embeddable":true,"href":"http:\/\/www.rsc.org.tr\/indextr\/index.php\/wp-json\/wp\/v2\/comments?post=949"}],"version-history":[{"count":9,"href":"http:\/\/www.rsc.org.tr\/indextr\/index.php\/wp-json\/wp\/v2\/pages\/949\/revisions"}],"predecessor-version":[{"id":1016,"href":"http:\/\/www.rsc.org.tr\/indextr\/index.php\/wp-json\/wp\/v2\/pages\/949\/revisions\/1016"}],"wp:attachment":[{"href":"http:\/\/www.rsc.org.tr\/indextr\/index.php\/wp-json\/wp\/v2\/media?parent=949"}],"curies":[{"name":"wp","href":"https:\/\/api.w.org\/{rel}","templated":true}]}}