{"id":867,"date":"2015-02-06T16:30:20","date_gmt":"2015-02-06T14:30:20","guid":{"rendered":"http:\/\/www.rsc.org.tr\/indextr\/?page_id=867"},"modified":"2015-02-06T17:35:53","modified_gmt":"2015-02-06T15:35:53","slug":"kume-is-modeli-calisma-grubu","status":"publish","type":"page","link":"http:\/\/www.rsc.org.tr\/indextr\/index.php\/kume-is-modeli-calisma-grubu\/","title":{"rendered":"K\u00fcme \u0130\u015f Modeli \u00c7al\u0131\u015fma Grubu"},"content":{"rendered":"<p><strong>G\u00f6revler:<\/strong><\/p>\n<p>K\u00fcme ekonomik i\u015fletmesi kurulmas\u0131 (sanal tedarik zinciri)<\/p>\n<p>K\u00fcmenin \u00e7al\u0131\u015fma imkanlar\u0131n\u0131n geli\u015ftirilmesi<\/p>\n<p>K\u00fcme \u00fcyelerinin birlikte \u00e7al\u0131\u015fma ve i\u015fbirli\u011fi esaslar\u0131n\u0131 belirleyen mevzuat ve protokol (s\u00f6zle\u015fme) \u00f6rneklerinin haz\u0131rlanmas\u0131<\/p>\n<p>Potansiyel m\u00fc\u015fteri ve tedarik\u00e7i se\u00e7me teknikleri ve e\u011fitimlerinin planlanmas\u0131, ihale haz\u0131rl\u0131k e\u011fitimleri planlanmas\u0131<\/p>\n","protected":false},"excerpt":{"rendered":"<p>G\u00f6revler: K\u00fcme ekonomik i\u015fletmesi kurulmas\u0131 (sanal tedarik zinciri) K\u00fcmenin \u00e7al\u0131\u015fma imkanlar\u0131n\u0131n geli\u015ftirilmesi K\u00fcme \u00fcyelerinin birlikte \u00e7al\u0131\u015fma ve i\u015fbirli\u011fi esaslar\u0131n\u0131 belirleyen mevzuat ve protokol (s\u00f6zle\u015fme) \u00f6rneklerinin haz\u0131rlanmas\u0131 Potansiyel m\u00fc\u015fteri ve tedarik\u00e7i se\u00e7me teknikleri ve e\u011fitimlerinin planlanmas\u0131, ihale haz\u0131rl\u0131k e\u011fitimleri planlanmas\u0131<\/p>\n","protected":false},"author":1,"featured_media":0,"parent":0,"menu_order":0,"comment_status":"closed","ping_status":"closed","template":"","meta":{"footnotes":""},"class_list":["post-867","page","type-page","status-publish","hentry"],"_links":{"self":[{"href":"http:\/\/www.rsc.org.tr\/indextr\/index.php\/wp-json\/wp\/v2\/pages\/867","targetHints":{"allow":["GET"]}}],"collection":[{"href":"http:\/\/www.rsc.org.tr\/indextr\/index.php\/wp-json\/wp\/v2\/pages"}],"about":[{"href":"http:\/\/www.rsc.org.tr\/indextr\/index.php\/wp-json\/wp\/v2\/types\/page"}],"author":[{"embeddable":true,"href":"http:\/\/www.rsc.org.tr\/indextr\/index.php\/wp-json\/wp\/v2\/users\/1"}],"replies":[{"embeddable":true,"href":"http:\/\/www.rsc.org.tr\/indextr\/index.php\/wp-json\/wp\/v2\/comments?post=867"}],"version-history":[{"count":1,"href":"http:\/\/www.rsc.org.tr\/indextr\/index.php\/wp-json\/wp\/v2\/pages\/867\/revisions"}],"predecessor-version":[{"id":868,"href":"http:\/\/www.rsc.org.tr\/indextr\/index.php\/wp-json\/wp\/v2\/pages\/867\/revisions\/868"}],"wp:attachment":[{"href":"http:\/\/www.rsc.org.tr\/indextr\/index.php\/wp-json\/wp\/v2\/media?parent=867"}],"curies":[{"name":"wp","href":"https:\/\/api.w.org\/{rel}","templated":true}]}}