{"id":864,"date":"2015-02-06T16:23:22","date_gmt":"2015-02-06T14:23:22","guid":{"rendered":"http:\/\/www.rsc.org.tr\/indextr\/?page_id=864"},"modified":"2015-02-06T17:35:59","modified_gmt":"2015-02-06T15:35:59","slug":"kume-ve-kume-uyeleri-tanitimi-ve-isbirlikleri","status":"publish","type":"page","link":"http:\/\/www.rsc.org.tr\/indextr\/index.php\/kume-ve-kume-uyeleri-tanitimi-ve-isbirlikleri\/","title":{"rendered":"K\u00fcme ve K\u00fcme \u00dcyeleri Tan\u0131t\u0131m\u0131 ve \u0130\u015fbirlikleri"},"content":{"rendered":"<p>K\u00fcme \u00fcyelerinin faaliyetlerinin ve yeteneklerinin k\u00fcme i\u00e7inde sunumlar ve firma ziyaretleri yap\u0131larak \u00f6\u011frenilmesi<\/p>\n<p>Uluslararas\u0131 benzer k\u00fcmelerin belirlenmesi, \u00e7al\u0131\u015fma y\u00f6ntemleri ve ba\u015far\u0131 hikayeleri ve \u00f6zellikle m\u00fc\u015fteri y\u00f6netimi ve pazarlama faaliyetleri ile ilgili bilgi edinilmesi<\/p>\n<p>K\u00fcme Tan\u0131t\u0131m ve Pazarlama ekibinin olu\u015fturularak, stratejisinin belirlenerek t\u00fcm k\u00fcme \u00fcyesi firmalarla payla\u015f\u0131lmas\u0131<\/p>\n<p>Fuar g\u00f6r\u00fc\u015fmeleri, al\u0131m heyetlerinin takip edilmesi<\/p>\n<p>&nbsp;<\/p>\n","protected":false},"excerpt":{"rendered":"<p>K\u00fcme \u00fcyelerinin faaliyetlerinin ve yeteneklerinin k\u00fcme i\u00e7inde sunumlar ve firma ziyaretleri yap\u0131larak \u00f6\u011frenilmesi Uluslararas\u0131 benzer k\u00fcmelerin belirlenmesi, \u00e7al\u0131\u015fma y\u00f6ntemleri ve ba\u015far\u0131 hikayeleri ve \u00f6zellikle m\u00fc\u015fteri y\u00f6netimi ve pazarlama faaliyetleri ile ilgili bilgi edinilmesi K\u00fcme Tan\u0131t\u0131m ve Pazarlama ekibinin olu\u015fturularak, stratejisinin belirlenerek t\u00fcm k\u00fcme \u00fcyesi firmalarla payla\u015f\u0131lmas\u0131 Fuar g\u00f6r\u00fc\u015fmeleri, al\u0131m heyetlerinin takip edilmesi &nbsp;<\/p>\n","protected":false},"author":1,"featured_media":0,"parent":0,"menu_order":0,"comment_status":"closed","ping_status":"closed","template":"","meta":{"footnotes":""},"class_list":["post-864","page","type-page","status-publish","hentry"],"_links":{"self":[{"href":"http:\/\/www.rsc.org.tr\/indextr\/index.php\/wp-json\/wp\/v2\/pages\/864","targetHints":{"allow":["GET"]}}],"collection":[{"href":"http:\/\/www.rsc.org.tr\/indextr\/index.php\/wp-json\/wp\/v2\/pages"}],"about":[{"href":"http:\/\/www.rsc.org.tr\/indextr\/index.php\/wp-json\/wp\/v2\/types\/page"}],"author":[{"embeddable":true,"href":"http:\/\/www.rsc.org.tr\/indextr\/index.php\/wp-json\/wp\/v2\/users\/1"}],"replies":[{"embeddable":true,"href":"http:\/\/www.rsc.org.tr\/indextr\/index.php\/wp-json\/wp\/v2\/comments?post=864"}],"version-history":[{"count":1,"href":"http:\/\/www.rsc.org.tr\/indextr\/index.php\/wp-json\/wp\/v2\/pages\/864\/revisions"}],"predecessor-version":[{"id":865,"href":"http:\/\/www.rsc.org.tr\/indextr\/index.php\/wp-json\/wp\/v2\/pages\/864\/revisions\/865"}],"wp:attachment":[{"href":"http:\/\/www.rsc.org.tr\/indextr\/index.php\/wp-json\/wp\/v2\/media?parent=864"}],"curies":[{"name":"wp","href":"https:\/\/api.w.org\/{rel}","templated":true}]}}