{"id":862,"date":"2015-02-06T16:18:37","date_gmt":"2015-02-06T14:18:37","guid":{"rendered":"http:\/\/www.rsc.org.tr\/indextr\/?page_id=862"},"modified":"2015-02-06T17:36:13","modified_gmt":"2015-02-06T15:36:13","slug":"standartlar-sertifikasyon-ve-egitim","status":"publish","type":"page","link":"http:\/\/www.rsc.org.tr\/indextr\/index.php\/standartlar-sertifikasyon-ve-egitim\/","title":{"rendered":"Standartlar, Sertifikasyon ve E\u011fitim"},"content":{"rendered":"<p><strong>G\u00f6revler:<\/strong><\/p>\n<p>Firma \/\u00a0sertifika matrisinin g\u00fcncellenmesi<\/p>\n<p>Firmalar\u0131n sertifikasyon ihtiya\u00e7lar\u0131n\u0131n analizi i\u00e7in fark\u0131ndal\u0131k toplant\u0131lar\u0131 yap\u0131lmas\u0131, ihaleler ve ana m\u00fc\u015fteri beklentilerinin sunulmas\u0131<\/p>\n<p>Standartlar\u0131 belirleyen uluslararas\u0131 teknik komitelerde yer al\u0131nmas\u0131n\u0131n sa\u011flanmas\u0131<\/p>\n<p>Firmalar\u0131n sertifikasyon ihtiya\u00e7 analizine g\u00f6re ihtiya\u00e7 duyulan e\u011fitimlerin destekler kapsam\u0131nda sa\u011flanmas\u0131<\/p>\n<p>&nbsp;<\/p>\n","protected":false},"excerpt":{"rendered":"<p>G\u00f6revler: Firma \/\u00a0sertifika matrisinin g\u00fcncellenmesi Firmalar\u0131n sertifikasyon ihtiya\u00e7lar\u0131n\u0131n analizi i\u00e7in fark\u0131ndal\u0131k toplant\u0131lar\u0131 yap\u0131lmas\u0131, ihaleler ve ana m\u00fc\u015fteri beklentilerinin sunulmas\u0131 Standartlar\u0131 belirleyen uluslararas\u0131 teknik komitelerde yer al\u0131nmas\u0131n\u0131n sa\u011flanmas\u0131 Firmalar\u0131n sertifikasyon ihtiya\u00e7 analizine g\u00f6re ihtiya\u00e7 duyulan e\u011fitimlerin destekler kapsam\u0131nda sa\u011flanmas\u0131 &nbsp;<\/p>\n","protected":false},"author":1,"featured_media":0,"parent":0,"menu_order":0,"comment_status":"closed","ping_status":"closed","template":"","meta":{"footnotes":""},"class_list":["post-862","page","type-page","status-publish","hentry"],"_links":{"self":[{"href":"http:\/\/www.rsc.org.tr\/indextr\/index.php\/wp-json\/wp\/v2\/pages\/862","targetHints":{"allow":["GET"]}}],"collection":[{"href":"http:\/\/www.rsc.org.tr\/indextr\/index.php\/wp-json\/wp\/v2\/pages"}],"about":[{"href":"http:\/\/www.rsc.org.tr\/indextr\/index.php\/wp-json\/wp\/v2\/types\/page"}],"author":[{"embeddable":true,"href":"http:\/\/www.rsc.org.tr\/indextr\/index.php\/wp-json\/wp\/v2\/users\/1"}],"replies":[{"embeddable":true,"href":"http:\/\/www.rsc.org.tr\/indextr\/index.php\/wp-json\/wp\/v2\/comments?post=862"}],"version-history":[{"count":1,"href":"http:\/\/www.rsc.org.tr\/indextr\/index.php\/wp-json\/wp\/v2\/pages\/862\/revisions"}],"predecessor-version":[{"id":863,"href":"http:\/\/www.rsc.org.tr\/indextr\/index.php\/wp-json\/wp\/v2\/pages\/862\/revisions\/863"}],"wp:attachment":[{"href":"http:\/\/www.rsc.org.tr\/indextr\/index.php\/wp-json\/wp\/v2\/media?parent=862"}],"curies":[{"name":"wp","href":"https:\/\/api.w.org\/{rel}","templated":true}]}}