{"id":858,"date":"2015-02-06T16:12:55","date_gmt":"2015-02-06T14:12:55","guid":{"rendered":"http:\/\/www.rsc.org.tr\/indextr\/?page_id=858"},"modified":"2015-02-06T17:36:21","modified_gmt":"2015-02-06T15:36:21","slug":"teknoloji-izleme-kume-teknolojik-yenilikleri-ve-ortak-ar-ge-projeleri-belirleme","status":"publish","type":"page","link":"http:\/\/www.rsc.org.tr\/indextr\/index.php\/teknoloji-izleme-kume-teknolojik-yenilikleri-ve-ortak-ar-ge-projeleri-belirleme\/","title":{"rendered":"Teknoloji \u0130zleme, K\u00fcme Teknolojik Yenilikleri ve Ortak Ar-Ge Projeleri Belirleme"},"content":{"rendered":"<p><strong>G\u00f6revler:<\/strong><\/p>\n<p>Milli Tren projesi i\u00e7in teknolojik gerekliliklerin ve minimum yeterliliklerin belirlenmesi, RSK firma yetenek\/yetkinlik matrisinin g\u00fcncellenerek K\u00fcme yeteneklerinin belirlenmesi(AR-GE, \u00fcretim, kalite), yetkinliklerin de\u011ferlendirilmesi ve ihalelere girebilmek i\u00e7in ihtiya\u00e7lar\u0131n saptanmas\u0131<\/p>\n<p>Firma ve k\u00fcme rekabet\u00e7ili\u011fini artt\u0131racak \u015fekilde ortak AR-GE proje fikirleri geli\u015ftirmek \u00fczere kat\u0131l\u0131mc\u0131 y\u00f6ntemle \u00e7al\u0131\u015ftaylar yap\u0131lmas\u0131<\/p>\n","protected":false},"excerpt":{"rendered":"<p>G\u00f6revler: Milli Tren projesi i\u00e7in teknolojik gerekliliklerin ve minimum yeterliliklerin belirlenmesi, RSK firma yetenek\/yetkinlik matrisinin g\u00fcncellenerek K\u00fcme yeteneklerinin belirlenmesi(AR-GE, \u00fcretim, kalite), yetkinliklerin de\u011ferlendirilmesi ve ihalelere girebilmek i\u00e7in ihtiya\u00e7lar\u0131n saptanmas\u0131 Firma ve k\u00fcme rekabet\u00e7ili\u011fini artt\u0131racak \u015fekilde ortak AR-GE proje fikirleri geli\u015ftirmek \u00fczere kat\u0131l\u0131mc\u0131 y\u00f6ntemle \u00e7al\u0131\u015ftaylar yap\u0131lmas\u0131<\/p>\n","protected":false},"author":1,"featured_media":0,"parent":0,"menu_order":0,"comment_status":"closed","ping_status":"closed","template":"","meta":{"footnotes":""},"class_list":["post-858","page","type-page","status-publish","hentry"],"_links":{"self":[{"href":"http:\/\/www.rsc.org.tr\/indextr\/index.php\/wp-json\/wp\/v2\/pages\/858","targetHints":{"allow":["GET"]}}],"collection":[{"href":"http:\/\/www.rsc.org.tr\/indextr\/index.php\/wp-json\/wp\/v2\/pages"}],"about":[{"href":"http:\/\/www.rsc.org.tr\/indextr\/index.php\/wp-json\/wp\/v2\/types\/page"}],"author":[{"embeddable":true,"href":"http:\/\/www.rsc.org.tr\/indextr\/index.php\/wp-json\/wp\/v2\/users\/1"}],"replies":[{"embeddable":true,"href":"http:\/\/www.rsc.org.tr\/indextr\/index.php\/wp-json\/wp\/v2\/comments?post=858"}],"version-history":[{"count":2,"href":"http:\/\/www.rsc.org.tr\/indextr\/index.php\/wp-json\/wp\/v2\/pages\/858\/revisions"}],"predecessor-version":[{"id":860,"href":"http:\/\/www.rsc.org.tr\/indextr\/index.php\/wp-json\/wp\/v2\/pages\/858\/revisions\/860"}],"wp:attachment":[{"href":"http:\/\/www.rsc.org.tr\/indextr\/index.php\/wp-json\/wp\/v2\/media?parent=858"}],"curies":[{"name":"wp","href":"https:\/\/api.w.org\/{rel}","templated":true}]}}