{"id":851,"date":"2015-02-06T15:58:24","date_gmt":"2015-02-06T13:58:24","guid":{"rendered":"http:\/\/www.rsc.org.tr\/indextr\/?page_id=851"},"modified":"2015-02-06T17:36:06","modified_gmt":"2015-02-06T15:36:06","slug":"proje-ve-musteri-yonetimi-sistemi","status":"publish","type":"page","link":"http:\/\/www.rsc.org.tr\/indextr\/index.php\/proje-ve-musteri-yonetimi-sistemi\/","title":{"rendered":"Proje ve M\u00fc\u015fteri Y\u00f6netimi Sistemi"},"content":{"rendered":"<p><strong>G\u00f6revler:<\/strong><\/p>\n<p>Milli Tren Projesi mevcut durumu, Teknik \u015eartnamesi ve yol haritas\u0131 hakk\u0131nda bilgi al\u0131nmas\u0131, k\u00fcme payda\u015flar\u0131n\u0131n olas\u0131 katk\u0131lar\u0131n\u0131n tespit edilmesi<\/p>\n<p>\u015eehir i\u00e7i ula\u015f\u0131m projeleri konusunda ihtiya\u00e7 sahiplerinin \u015fartlar\u0131 ve yol haritas\u0131 hakk\u0131nda bilgi al\u0131nmas\u0131 ve projelere k\u00fcme payda\u015flar\u0131n\u0131n olas\u0131 katk\u0131lar\u0131n\u0131n tespit edilmesi<\/p>\n<p>Rayl\u0131 Sistem sekt\u00f6r firmalar\u0131n\u0131n yol haritalar\u0131n\u0131n \u00f6\u011frenilerek k\u00fcme \u00fcyeleri ile payla\u015f\u0131lmas\u0131 ve mevcut projelerine katk\u0131 sa\u011flayabilecek firmalar\u0131n belirlenmesi<\/p>\n<p>&nbsp;<\/p>\n","protected":false},"excerpt":{"rendered":"<p>G\u00f6revler: Milli Tren Projesi mevcut durumu, Teknik \u015eartnamesi ve yol haritas\u0131 hakk\u0131nda bilgi al\u0131nmas\u0131, k\u00fcme payda\u015flar\u0131n\u0131n olas\u0131 katk\u0131lar\u0131n\u0131n tespit edilmesi \u015eehir i\u00e7i ula\u015f\u0131m projeleri konusunda ihtiya\u00e7 sahiplerinin \u015fartlar\u0131 ve yol haritas\u0131 hakk\u0131nda bilgi al\u0131nmas\u0131 ve projelere k\u00fcme payda\u015flar\u0131n\u0131n olas\u0131 katk\u0131lar\u0131n\u0131n tespit edilmesi Rayl\u0131 Sistem sekt\u00f6r firmalar\u0131n\u0131n yol haritalar\u0131n\u0131n \u00f6\u011frenilerek k\u00fcme \u00fcyeleri ile payla\u015f\u0131lmas\u0131 ve mevcut [&hellip;]<\/p>\n","protected":false},"author":1,"featured_media":0,"parent":0,"menu_order":0,"comment_status":"closed","ping_status":"closed","template":"","meta":{"footnotes":""},"class_list":["post-851","page","type-page","status-publish","hentry"],"_links":{"self":[{"href":"http:\/\/www.rsc.org.tr\/indextr\/index.php\/wp-json\/wp\/v2\/pages\/851","targetHints":{"allow":["GET"]}}],"collection":[{"href":"http:\/\/www.rsc.org.tr\/indextr\/index.php\/wp-json\/wp\/v2\/pages"}],"about":[{"href":"http:\/\/www.rsc.org.tr\/indextr\/index.php\/wp-json\/wp\/v2\/types\/page"}],"author":[{"embeddable":true,"href":"http:\/\/www.rsc.org.tr\/indextr\/index.php\/wp-json\/wp\/v2\/users\/1"}],"replies":[{"embeddable":true,"href":"http:\/\/www.rsc.org.tr\/indextr\/index.php\/wp-json\/wp\/v2\/comments?post=851"}],"version-history":[{"count":3,"href":"http:\/\/www.rsc.org.tr\/indextr\/index.php\/wp-json\/wp\/v2\/pages\/851\/revisions"}],"predecessor-version":[{"id":861,"href":"http:\/\/www.rsc.org.tr\/indextr\/index.php\/wp-json\/wp\/v2\/pages\/851\/revisions\/861"}],"wp:attachment":[{"href":"http:\/\/www.rsc.org.tr\/indextr\/index.php\/wp-json\/wp\/v2\/media?parent=851"}],"curies":[{"name":"wp","href":"https:\/\/api.w.org\/{rel}","templated":true}]}}