{"id":792,"date":"2014-12-30T11:50:15","date_gmt":"2014-12-30T09:50:15","guid":{"rendered":"http:\/\/www.rsc.org.tr\/indextr\/?page_id=792"},"modified":"2014-12-30T11:50:15","modified_gmt":"2014-12-30T09:50:15","slug":"kalite-ve-olcum-hizmetleri","status":"publish","type":"page","link":"http:\/\/www.rsc.org.tr\/indextr\/index.php\/kalite-ve-olcum-hizmetleri\/","title":{"rendered":"KAL\u0130TE VE \u00d6L\u00c7\u00dcM H\u0130ZMETLER\u0130"},"content":{"rendered":"<p>Sayfa yap\u0131m a\u015famas\u0131ndad\u0131r.<\/p>\n","protected":false},"excerpt":{"rendered":"<p>Sayfa yap\u0131m a\u015famas\u0131ndad\u0131r.<\/p>\n","protected":false},"author":1,"featured_media":0,"parent":0,"menu_order":0,"comment_status":"closed","ping_status":"closed","template":"page-full-width.php","meta":{"footnotes":""},"class_list":["post-792","page","type-page","status-publish","hentry"],"_links":{"self":[{"href":"http:\/\/www.rsc.org.tr\/indextr\/index.php\/wp-json\/wp\/v2\/pages\/792","targetHints":{"allow":["GET"]}}],"collection":[{"href":"http:\/\/www.rsc.org.tr\/indextr\/index.php\/wp-json\/wp\/v2\/pages"}],"about":[{"href":"http:\/\/www.rsc.org.tr\/indextr\/index.php\/wp-json\/wp\/v2\/types\/page"}],"author":[{"embeddable":true,"href":"http:\/\/www.rsc.org.tr\/indextr\/index.php\/wp-json\/wp\/v2\/users\/1"}],"replies":[{"embeddable":true,"href":"http:\/\/www.rsc.org.tr\/indextr\/index.php\/wp-json\/wp\/v2\/comments?post=792"}],"version-history":[{"count":1,"href":"http:\/\/www.rsc.org.tr\/indextr\/index.php\/wp-json\/wp\/v2\/pages\/792\/revisions"}],"predecessor-version":[{"id":793,"href":"http:\/\/www.rsc.org.tr\/indextr\/index.php\/wp-json\/wp\/v2\/pages\/792\/revisions\/793"}],"wp:attachment":[{"href":"http:\/\/www.rsc.org.tr\/indextr\/index.php\/wp-json\/wp\/v2\/media?parent=792"}],"curies":[{"name":"wp","href":"https:\/\/api.w.org\/{rel}","templated":true}]}}