{"id":782,"date":"2014-12-30T11:41:39","date_gmt":"2014-12-30T09:41:39","guid":{"rendered":"http:\/\/www.rsc.org.tr\/indextr\/?page_id=782"},"modified":"2014-12-30T11:41:39","modified_gmt":"2014-12-30T09:41:39","slug":"faydali-linkler-2","status":"publish","type":"page","link":"http:\/\/www.rsc.org.tr\/indextr\/index.php\/faydali-linkler-2\/","title":{"rendered":"FAYDALI L\u0130NKLER"},"content":{"rendered":"<div id=\"text-3\" class=\"widget widget_text\">\n<h5 class=\"widget-title\"><\/h5>\n<div class=\"textwidget\">\n<hr \/>\n<p><a href=\"http:\/\/www.esac.org.tr\" target=\"_blank\">ESAC \u2013 Eski\u015fehir Havac\u0131l\u0131k K\u00fcmelenmesi <\/a><\/p>\n<hr \/>\n<p><a href=\"http:\/\/www.bebka.org.tr\" target=\"_blank\">Bursa Eski\u015fehir Bilecik Kalk\u0131nma Ajans\u0131<\/a><\/p>\n<hr \/>\n<p><a href=\"http:\/\/www.kalkinma.gov.tr\" target=\"_blank\">T\u00fcrkiye Cumhuriyeti Kalk\u0131nma Bakanl\u0131\u011f\u0131<\/a><\/p>\n<hr \/>\n<p><a href=\"http:\/\/www.kosgeb.gov.tr\" target=\"_blank\">KOSGEB<\/a><\/p>\n<hr \/>\n<p><a href=\"http:\/\/www.ekonomi.gov.tr\" target=\"_blank\">Ekonomi Bakanl\u0131\u011f\u0131<\/a><\/p>\n<hr \/>\n<\/div>\n<\/div>\n","protected":false},"excerpt":{"rendered":"<p>ESAC \u2013 Eski\u015fehir Havac\u0131l\u0131k K\u00fcmelenmesi Bursa Eski\u015fehir Bilecik Kalk\u0131nma Ajans\u0131 T\u00fcrkiye Cumhuriyeti Kalk\u0131nma Bakanl\u0131\u011f\u0131 KOSGEB Ekonomi Bakanl\u0131\u011f\u0131<\/p>\n","protected":false},"author":1,"featured_media":0,"parent":0,"menu_order":0,"comment_status":"closed","ping_status":"closed","template":"page-full-width.php","meta":{"footnotes":""},"class_list":["post-782","page","type-page","status-publish","hentry"],"_links":{"self":[{"href":"http:\/\/www.rsc.org.tr\/indextr\/index.php\/wp-json\/wp\/v2\/pages\/782","targetHints":{"allow":["GET"]}}],"collection":[{"href":"http:\/\/www.rsc.org.tr\/indextr\/index.php\/wp-json\/wp\/v2\/pages"}],"about":[{"href":"http:\/\/www.rsc.org.tr\/indextr\/index.php\/wp-json\/wp\/v2\/types\/page"}],"author":[{"embeddable":true,"href":"http:\/\/www.rsc.org.tr\/indextr\/index.php\/wp-json\/wp\/v2\/users\/1"}],"replies":[{"embeddable":true,"href":"http:\/\/www.rsc.org.tr\/indextr\/index.php\/wp-json\/wp\/v2\/comments?post=782"}],"version-history":[{"count":1,"href":"http:\/\/www.rsc.org.tr\/indextr\/index.php\/wp-json\/wp\/v2\/pages\/782\/revisions"}],"predecessor-version":[{"id":783,"href":"http:\/\/www.rsc.org.tr\/indextr\/index.php\/wp-json\/wp\/v2\/pages\/782\/revisions\/783"}],"wp:attachment":[{"href":"http:\/\/www.rsc.org.tr\/indextr\/index.php\/wp-json\/wp\/v2\/media?parent=782"}],"curies":[{"name":"wp","href":"https:\/\/api.w.org\/{rel}","templated":true}]}}