{"id":780,"date":"2014-12-30T11:39:11","date_gmt":"2014-12-30T09:39:11","guid":{"rendered":"http:\/\/www.rsc.org.tr\/indextr\/?page_id=780"},"modified":"2014-12-30T11:39:11","modified_gmt":"2014-12-30T09:39:11","slug":"mevzuatlar","status":"publish","type":"page","link":"http:\/\/www.rsc.org.tr\/indextr\/index.php\/mevzuatlar\/","title":{"rendered":"MEVZUATLAR"},"content":{"rendered":"<p>Sayfa yap\u0131m a\u015famas\u0131ndad\u0131r.<\/p>\n","protected":false},"excerpt":{"rendered":"<p>Sayfa yap\u0131m a\u015famas\u0131ndad\u0131r.<\/p>\n","protected":false},"author":1,"featured_media":0,"parent":0,"menu_order":0,"comment_status":"closed","ping_status":"closed","template":"page-full-width.php","meta":{"footnotes":""},"class_list":["post-780","page","type-page","status-publish","hentry"],"_links":{"self":[{"href":"http:\/\/www.rsc.org.tr\/indextr\/index.php\/wp-json\/wp\/v2\/pages\/780","targetHints":{"allow":["GET"]}}],"collection":[{"href":"http:\/\/www.rsc.org.tr\/indextr\/index.php\/wp-json\/wp\/v2\/pages"}],"about":[{"href":"http:\/\/www.rsc.org.tr\/indextr\/index.php\/wp-json\/wp\/v2\/types\/page"}],"author":[{"embeddable":true,"href":"http:\/\/www.rsc.org.tr\/indextr\/index.php\/wp-json\/wp\/v2\/users\/1"}],"replies":[{"embeddable":true,"href":"http:\/\/www.rsc.org.tr\/indextr\/index.php\/wp-json\/wp\/v2\/comments?post=780"}],"version-history":[{"count":1,"href":"http:\/\/www.rsc.org.tr\/indextr\/index.php\/wp-json\/wp\/v2\/pages\/780\/revisions"}],"predecessor-version":[{"id":781,"href":"http:\/\/www.rsc.org.tr\/indextr\/index.php\/wp-json\/wp\/v2\/pages\/780\/revisions\/781"}],"wp:attachment":[{"href":"http:\/\/www.rsc.org.tr\/indextr\/index.php\/wp-json\/wp\/v2\/media?parent=780"}],"curies":[{"name":"wp","href":"https:\/\/api.w.org\/{rel}","templated":true}]}}