{"id":775,"date":"2014-12-30T10:54:25","date_gmt":"2014-12-30T08:54:25","guid":{"rendered":"http:\/\/www.rsc.org.tr\/indextr\/?page_id=775"},"modified":"2014-12-30T10:54:25","modified_gmt":"2014-12-30T08:54:25","slug":"bilgi-bankasi","status":"publish","type":"page","link":"http:\/\/www.rsc.org.tr\/indextr\/index.php\/bilgi-bankasi\/","title":{"rendered":"B\u0130LG\u0130 BANKASI"},"content":{"rendered":"<p>&nbsp;<\/p>\n<p style=\"text-align: justify;\">Eski\u015fehir Rayl\u0131 Sistemler K\u00fcmelenmesi internet sitesinde, i\u015f birli\u011fi portal\u0131 ve k\u00fcmelenmeye ait t\u00fcm sunum ve kataloglara eri\u015febilirsiniz. \u00dcyelere ait kataloglar\u0131 inceleyebilirsiniz. Yasa ve mevzuatlara ili\u015fkin bilgi ve belgeler yak\u0131nda sitemize eklenecektir.<\/p>\n","protected":false},"excerpt":{"rendered":"<p>&nbsp; Eski\u015fehir Rayl\u0131 Sistemler K\u00fcmelenmesi internet sitesinde, i\u015f birli\u011fi portal\u0131 ve k\u00fcmelenmeye ait t\u00fcm sunum ve kataloglara eri\u015febilirsiniz. \u00dcyelere ait kataloglar\u0131 inceleyebilirsiniz. Yasa ve mevzuatlara ili\u015fkin bilgi ve belgeler yak\u0131nda sitemize eklenecektir.<\/p>\n","protected":false},"author":1,"featured_media":0,"parent":0,"menu_order":0,"comment_status":"closed","ping_status":"closed","template":"page-full-width.php","meta":{"footnotes":""},"class_list":["post-775","page","type-page","status-publish","hentry"],"_links":{"self":[{"href":"http:\/\/www.rsc.org.tr\/indextr\/index.php\/wp-json\/wp\/v2\/pages\/775","targetHints":{"allow":["GET"]}}],"collection":[{"href":"http:\/\/www.rsc.org.tr\/indextr\/index.php\/wp-json\/wp\/v2\/pages"}],"about":[{"href":"http:\/\/www.rsc.org.tr\/indextr\/index.php\/wp-json\/wp\/v2\/types\/page"}],"author":[{"embeddable":true,"href":"http:\/\/www.rsc.org.tr\/indextr\/index.php\/wp-json\/wp\/v2\/users\/1"}],"replies":[{"embeddable":true,"href":"http:\/\/www.rsc.org.tr\/indextr\/index.php\/wp-json\/wp\/v2\/comments?post=775"}],"version-history":[{"count":1,"href":"http:\/\/www.rsc.org.tr\/indextr\/index.php\/wp-json\/wp\/v2\/pages\/775\/revisions"}],"predecessor-version":[{"id":776,"href":"http:\/\/www.rsc.org.tr\/indextr\/index.php\/wp-json\/wp\/v2\/pages\/775\/revisions\/776"}],"wp:attachment":[{"href":"http:\/\/www.rsc.org.tr\/indextr\/index.php\/wp-json\/wp\/v2\/media?parent=775"}],"curies":[{"name":"wp","href":"https:\/\/api.w.org\/{rel}","templated":true}]}}