{"id":756,"date":"2014-12-30T10:34:02","date_gmt":"2014-12-30T08:34:02","guid":{"rendered":"http:\/\/www.rsc.org.tr\/indextr\/?page_id=756"},"modified":"2015-02-06T17:34:47","modified_gmt":"2015-02-06T15:34:47","slug":"calisma-kurullari","status":"publish","type":"page","link":"http:\/\/www.rsc.org.tr\/indextr\/index.php\/calisma-kurullari\/","title":{"rendered":"\u00c7ALI\u015eMA KURULLARI"},"content":{"rendered":"<p><a href=\"http:\/\/www.rsc.org.tr\/indextr\/index.php\/calisma-kurullari\/proje-ve-musteri-yonetimi-sistemi\/\"><strong>PROJE VE M\u00dc\u015eTER\u0130 Y\u00d6NET\u0130M S\u0130STEM\u0130<\/strong><\/a><\/p>\n<p><a href=\"http:\/\/www.rsc.org.tr\/indextr\/index.php\/calisma-kurullari\/teknoloji-izleme-kume-teknolojik-yenilikleri-ve-ortak-ar-ge-projeleri-belirleme\/\"><strong>TEKNOLOJ\u0130 \u0130ZLEME, K\u00dcME TEKNOLOJ\u0130K YETK\u0130NL\u0130KLER\u0130 VE ORTAK AR-GE PROJELER\u0130 BEL\u0130RLEME\u00a0<\/strong><\/a><\/p>\n<p><a href=\"http:\/\/www.rsc.org.tr\/indextr\/index.php\/calisma-kurullari\/standartlar-sertifikasyon-ve-egitim\/\"><strong>STANDARTLAR, SERT\u0130F\u0130KASYON VE E\u011e\u0130T\u0130M<\/strong><\/a><\/p>\n<p><a href=\"http:\/\/www.rsc.org.tr\/indextr\/index.php\/calisma-kurullari\/kume-ve-kume-uyeleri-tanitimi-ve-isbirlikleri\/\"><strong>K\u00dcME VE K\u00dcME \u00dcYELER\u0130 TANITIMI VE \u0130\u015eB\u0130RL\u0130KLER\u0130\u00a0<\/strong><\/a><\/p>\n<p><a href=\"http:\/\/www.rsc.org.tr\/indextr\/index.php\/calisma-kurullari\/kume-is-modeli-calisma-grubu\/\"><strong>K\u00dcME \u0130\u015e MODEL\u0130<\/strong><\/a><\/p>\n","protected":false},"excerpt":{"rendered":"<p>PROJE VE M\u00dc\u015eTER\u0130 Y\u00d6NET\u0130M S\u0130STEM\u0130 TEKNOLOJ\u0130 \u0130ZLEME, K\u00dcME TEKNOLOJ\u0130K YETK\u0130NL\u0130KLER\u0130 VE ORTAK AR-GE PROJELER\u0130 BEL\u0130RLEME\u00a0 STANDARTLAR, SERT\u0130F\u0130KASYON VE E\u011e\u0130T\u0130M K\u00dcME VE K\u00dcME \u00dcYELER\u0130 TANITIMI VE \u0130\u015eB\u0130RL\u0130KLER\u0130\u00a0 K\u00dcME \u0130\u015e MODEL\u0130<\/p>\n","protected":false},"author":1,"featured_media":0,"parent":0,"menu_order":0,"comment_status":"closed","ping_status":"closed","template":"page-full-width.php","meta":{"footnotes":""},"class_list":["post-756","page","type-page","status-publish","hentry"],"_links":{"self":[{"href":"http:\/\/www.rsc.org.tr\/indextr\/index.php\/wp-json\/wp\/v2\/pages\/756","targetHints":{"allow":["GET"]}}],"collection":[{"href":"http:\/\/www.rsc.org.tr\/indextr\/index.php\/wp-json\/wp\/v2\/pages"}],"about":[{"href":"http:\/\/www.rsc.org.tr\/indextr\/index.php\/wp-json\/wp\/v2\/types\/page"}],"author":[{"embeddable":true,"href":"http:\/\/www.rsc.org.tr\/indextr\/index.php\/wp-json\/wp\/v2\/users\/1"}],"replies":[{"embeddable":true,"href":"http:\/\/www.rsc.org.tr\/indextr\/index.php\/wp-json\/wp\/v2\/comments?post=756"}],"version-history":[{"count":5,"href":"http:\/\/www.rsc.org.tr\/indextr\/index.php\/wp-json\/wp\/v2\/pages\/756\/revisions"}],"predecessor-version":[{"id":874,"href":"http:\/\/www.rsc.org.tr\/indextr\/index.php\/wp-json\/wp\/v2\/pages\/756\/revisions\/874"}],"wp:attachment":[{"href":"http:\/\/www.rsc.org.tr\/indextr\/index.php\/wp-json\/wp\/v2\/media?parent=756"}],"curies":[{"name":"wp","href":"https:\/\/api.w.org\/{rel}","templated":true}]}}