{"id":752,"date":"2014-12-30T10:33:15","date_gmt":"2014-12-30T08:33:15","guid":{"rendered":"http:\/\/www.rsc.org.tr\/indextr\/?page_id=752"},"modified":"2020-07-17T17:00:41","modified_gmt":"2020-07-17T14:00:41","slug":"denetim-kurulu","status":"publish","type":"page","link":"http:\/\/www.rsc.org.tr\/indextr\/index.php\/denetim-kurulu\/","title":{"rendered":"DENET\u0130M KURULU"},"content":{"rendered":"<p style=\"text-align: center;\"><strong>Denetim Kurulu Ba\u015fkan\u0131<\/strong><\/p>\n<p style=\"text-align: center;\">AD\u0130L CEYLAN<\/p>\n<p style=\"text-align: center;\"><strong>Denetim Kurulu \u00dcyeleri<\/strong><\/p>\n<p style=\"text-align: center;\">\u00d6ZG\u00dcR S\u00dcR\u00dcC\u00dc<\/p>\n<p style=\"text-align: center;\">ONUR TU\u011e<\/p>\n","protected":false},"excerpt":{"rendered":"<p>Denetim Kurulu Ba\u015fkan\u0131 AD\u0130L CEYLAN Denetim Kurulu \u00dcyeleri \u00d6ZG\u00dcR S\u00dcR\u00dcC\u00dc ONUR TU\u011e<\/p>\n","protected":false},"author":1,"featured_media":0,"parent":0,"menu_order":0,"comment_status":"closed","ping_status":"closed","template":"page-full-width.php","meta":{"footnotes":""},"class_list":["post-752","page","type-page","status-publish","hentry"],"_links":{"self":[{"href":"http:\/\/www.rsc.org.tr\/indextr\/index.php\/wp-json\/wp\/v2\/pages\/752","targetHints":{"allow":["GET"]}}],"collection":[{"href":"http:\/\/www.rsc.org.tr\/indextr\/index.php\/wp-json\/wp\/v2\/pages"}],"about":[{"href":"http:\/\/www.rsc.org.tr\/indextr\/index.php\/wp-json\/wp\/v2\/types\/page"}],"author":[{"embeddable":true,"href":"http:\/\/www.rsc.org.tr\/indextr\/index.php\/wp-json\/wp\/v2\/users\/1"}],"replies":[{"embeddable":true,"href":"http:\/\/www.rsc.org.tr\/indextr\/index.php\/wp-json\/wp\/v2\/comments?post=752"}],"version-history":[{"count":4,"href":"http:\/\/www.rsc.org.tr\/indextr\/index.php\/wp-json\/wp\/v2\/pages\/752\/revisions"}],"predecessor-version":[{"id":1089,"href":"http:\/\/www.rsc.org.tr\/indextr\/index.php\/wp-json\/wp\/v2\/pages\/752\/revisions\/1089"}],"wp:attachment":[{"href":"http:\/\/www.rsc.org.tr\/indextr\/index.php\/wp-json\/wp\/v2\/media?parent=752"}],"curies":[{"name":"wp","href":"https:\/\/api.w.org\/{rel}","templated":true}]}}