{"id":750,"date":"2014-12-30T10:32:33","date_gmt":"2014-12-30T08:32:33","guid":{"rendered":"http:\/\/www.rsc.org.tr\/indextr\/?page_id=750"},"modified":"2015-02-06T12:01:18","modified_gmt":"2015-02-06T10:01:18","slug":"kurulus","status":"publish","type":"page","link":"http:\/\/www.rsc.org.tr\/indextr\/index.php\/kurulus\/","title":{"rendered":"KURULU\u015e"},"content":{"rendered":"<p>Rayl\u0131 Sistemler K\u00fcmelenmesi T\u00fcrkiye demiryollar\u0131 tarihindeki en \u00f6nemli kav\u015fak noktalar\u0131ndan birinde, T\u00fcrkiye\u2019nin bat\u0131s\u0131nda, Eski\u015fehir\u2019de 2011 y\u0131l\u0131nda kurulmu\u015ftur. T\u00fcrkiye\u2019nin 155 y\u0131ll\u0131k demiryolculu\u011fu tarihi i\u00e7erisinde bu s\u00fcrece 147 y\u0131ld\u0131r tan\u0131kl\u0131k eden Eski\u015fehir&#8217;in bir s\u00fcredir kurumlar\u0131, \u015firketleri ve \u00fcniversiteleriyle, demiryolu alan\u0131nda etkinli\u011fi artmaktad\u0131r. Ayr\u0131ca Eski\u015fehir, demiryollar\u0131 strateji ve kontrol merkezi olan b\u00f6lgelere de \u00e7ok yak\u0131n olmas\u0131yla da dikkat \u00e7ekmektedir. \u015eehrin geli\u015fmi\u015f sanayi altyap\u0131s\u0131, \u00fcniversiteleri, deneyimli ve yeti\u015fmi\u015f i\u015f g\u00fcc\u00fc ve teknoloji kullanabilme kabiliyetleri de Eski\u015fehir\u2019i \u00f6nemli k\u0131lmaktad\u0131r. Eski\u015fehir Sanayi Odas\u0131 ve Organize Sanayi B\u00f6lgesi (ESO ve OSB),\u00a0 k\u00fcmenin kurulmas\u0131nda \u00f6nc\u00fcl\u00fck etmi\u015f,\u00a0 T\u00fcrkiye Lokomotif ve Motor Sanayi A.\u015e. (T\u00dcLOMSA\u015e), di\u011fer \u00f6nc\u00fc sanayi \u015firketleri ve \u00fcniversiteleri ile birlikte g\u00fc\u00e7lerini birle\u015ftirmi\u015flerdir. K\u00fcmelenme \u00fclke genelindeki demiryolu kabiliyetlerini kapsayacak \u015fekilde \u00e7al\u0131\u015fmalar\u0131na devam etmektedir.<\/p>\n","protected":false},"excerpt":{"rendered":"<p>Rayl\u0131 Sistemler K\u00fcmelenmesi T\u00fcrkiye demiryollar\u0131 tarihindeki en \u00f6nemli kav\u015fak noktalar\u0131ndan birinde, T\u00fcrkiye\u2019nin bat\u0131s\u0131nda, Eski\u015fehir\u2019de 2011 y\u0131l\u0131nda kurulmu\u015ftur. T\u00fcrkiye\u2019nin 155 y\u0131ll\u0131k demiryolculu\u011fu tarihi i\u00e7erisinde bu s\u00fcrece 147 y\u0131ld\u0131r tan\u0131kl\u0131k eden Eski\u015fehir&#8217;in bir s\u00fcredir kurumlar\u0131, \u015firketleri ve \u00fcniversiteleriyle, demiryolu alan\u0131nda etkinli\u011fi artmaktad\u0131r. Ayr\u0131ca Eski\u015fehir, demiryollar\u0131 strateji ve kontrol merkezi olan b\u00f6lgelere de \u00e7ok yak\u0131n olmas\u0131yla da dikkat [&hellip;]<\/p>\n","protected":false},"author":1,"featured_media":0,"parent":0,"menu_order":0,"comment_status":"closed","ping_status":"closed","template":"page-full-width.php","meta":{"footnotes":""},"class_list":["post-750","page","type-page","status-publish","hentry"],"_links":{"self":[{"href":"http:\/\/www.rsc.org.tr\/indextr\/index.php\/wp-json\/wp\/v2\/pages\/750","targetHints":{"allow":["GET"]}}],"collection":[{"href":"http:\/\/www.rsc.org.tr\/indextr\/index.php\/wp-json\/wp\/v2\/pages"}],"about":[{"href":"http:\/\/www.rsc.org.tr\/indextr\/index.php\/wp-json\/wp\/v2\/types\/page"}],"author":[{"embeddable":true,"href":"http:\/\/www.rsc.org.tr\/indextr\/index.php\/wp-json\/wp\/v2\/users\/1"}],"replies":[{"embeddable":true,"href":"http:\/\/www.rsc.org.tr\/indextr\/index.php\/wp-json\/wp\/v2\/comments?post=750"}],"version-history":[{"count":3,"href":"http:\/\/www.rsc.org.tr\/indextr\/index.php\/wp-json\/wp\/v2\/pages\/750\/revisions"}],"predecessor-version":[{"id":833,"href":"http:\/\/www.rsc.org.tr\/indextr\/index.php\/wp-json\/wp\/v2\/pages\/750\/revisions\/833"}],"wp:attachment":[{"href":"http:\/\/www.rsc.org.tr\/indextr\/index.php\/wp-json\/wp\/v2\/media?parent=750"}],"curies":[{"name":"wp","href":"https:\/\/api.w.org\/{rel}","templated":true}]}}