{"id":626,"date":"2014-07-02T12:11:20","date_gmt":"2014-07-02T09:11:20","guid":{"rendered":"http:\/\/www.rsc.org.tr\/indextr\/?page_id=626"},"modified":"2014-07-02T15:45:43","modified_gmt":"2014-07-02T12:45:43","slug":"cms-cetin-dokum-makina-san-ve-tic-ltd-sti","status":"publish","type":"page","link":"http:\/\/www.rsc.org.tr\/indextr\/index.php\/cms-cetin-dokum-makina-san-ve-tic-ltd-sti\/","title":{"rendered":"\u00c7MS \u00c7ET\u0130N D\u00d6K\u00dcM MAK\u0130NA SAN. VE T\u0130C. LTD. \u015eT\u0130."},"content":{"rendered":"<p><span style=\"color:#ffffff;\">&nbsp;<span><\/p>\n<p><a href=\"http:\/\/www.rsc.org.tr\/indextr\/wp-content\/uploads\/cMS_logo.png\"><img loading=\"lazy\" decoding=\"async\" class=\"size-full wp-image-618 aligncenter\" src=\"http:\/\/www.rsc.org.tr\/indextr\/wp-content\/uploads\/cMS_logo.png\" alt=\"\u00c7etin B\u0130NG\u00d6L\" width=\"300\" height=\"300\" srcset=\"http:\/\/www.rsc.org.tr\/indextr\/wp-content\/uploads\/cMS_logo.png 300w, http:\/\/www.rsc.org.tr\/indextr\/wp-content\/uploads\/cMS_logo-150x150.png 150w\" sizes=\"auto, (max-width: 300px) 100vw, 300px\" \/><\/a><\/p>\n<p><span style=\"color:#ffffff;\">&nbsp;<span><\/p>\n<p>\u00c7MS \u00c7etin Makina, 1984 y\u0131l\u0131nda Eski\u015fehir sanayi sitesinde kurulmu\u015f olup 1987 y\u0131l\u0131ndan itibaren d\u00f6k\u00fcmhanelere y\u00f6nelik makine imalat\u0131na a\u011f\u0131rl\u0131k vermi\u015ftir. 2005 y\u0131l\u0131 itibari ile Eski\u015fehir Organize Sanayi B\u00f6lgesindeki yeni tesislerine ta\u015f\u0131nm\u0131\u015ft\u0131r. Halen Eski\u015fehir Rayl\u0131 Sistemler K\u00fcmelenmesi Derne\u011fi \u00fcyesi olarak faaliyetlerine devam etmektedir.<\/p>\n<p><span style=\"color:#ffffff;\">&nbsp;<span><\/p>\n<p><span style=\"color:#ffffff;\">&nbsp;<span><\/p>\n<p><strong>Daha fazla bilgi i\u00e7in <a href=\"http:\/\/www.cmscetinmakina.com\/\">www.cmscetinmakina.com<\/a><\/strong><\/p>\n","protected":false},"excerpt":{"rendered":"<p>&nbsp; &nbsp; \u00c7MS \u00c7etin Makina, 1984 y\u0131l\u0131nda Eski\u015fehir sanayi sitesinde kurulmu\u015f olup 1987 y\u0131l\u0131ndan itibaren d\u00f6k\u00fcmhanelere y\u00f6nelik makine imalat\u0131na a\u011f\u0131rl\u0131k vermi\u015ftir. 2005 y\u0131l\u0131 itibari ile Eski\u015fehir Organize Sanayi B\u00f6lgesindeki yeni tesislerine ta\u015f\u0131nm\u0131\u015ft\u0131r. Halen Eski\u015fehir Rayl\u0131 Sistemler K\u00fcmelenmesi Derne\u011fi \u00fcyesi olarak faaliyetlerine devam etmektedir. &nbsp; &nbsp; Daha fazla bilgi i\u00e7in www.cmscetinmakina.com<\/p>\n","protected":false},"author":1,"featured_media":0,"parent":0,"menu_order":0,"comment_status":"closed","ping_status":"closed","template":"page-full-width.php","meta":{"footnotes":""},"class_list":["post-626","page","type-page","status-publish","hentry"],"_links":{"self":[{"href":"http:\/\/www.rsc.org.tr\/indextr\/index.php\/wp-json\/wp\/v2\/pages\/626","targetHints":{"allow":["GET"]}}],"collection":[{"href":"http:\/\/www.rsc.org.tr\/indextr\/index.php\/wp-json\/wp\/v2\/pages"}],"about":[{"href":"http:\/\/www.rsc.org.tr\/indextr\/index.php\/wp-json\/wp\/v2\/types\/page"}],"author":[{"embeddable":true,"href":"http:\/\/www.rsc.org.tr\/indextr\/index.php\/wp-json\/wp\/v2\/users\/1"}],"replies":[{"embeddable":true,"href":"http:\/\/www.rsc.org.tr\/indextr\/index.php\/wp-json\/wp\/v2\/comments?post=626"}],"version-history":[{"count":3,"href":"http:\/\/www.rsc.org.tr\/indextr\/index.php\/wp-json\/wp\/v2\/pages\/626\/revisions"}],"predecessor-version":[{"id":659,"href":"http:\/\/www.rsc.org.tr\/indextr\/index.php\/wp-json\/wp\/v2\/pages\/626\/revisions\/659"}],"wp:attachment":[{"href":"http:\/\/www.rsc.org.tr\/indextr\/index.php\/wp-json\/wp\/v2\/media?parent=626"}],"curies":[{"name":"wp","href":"https:\/\/api.w.org\/{rel}","templated":true}]}}