{"id":622,"date":"2014-07-02T12:07:57","date_gmt":"2014-07-02T09:07:57","guid":{"rendered":"http:\/\/www.rsc.org.tr\/indextr\/?page_id=622"},"modified":"2014-07-02T15:45:57","modified_gmt":"2014-07-02T12:45:57","slug":"demiryolu-tasimaciligi-dernegi","status":"publish","type":"page","link":"http:\/\/www.rsc.org.tr\/indextr\/index.php\/demiryolu-tasimaciligi-dernegi\/","title":{"rendered":"DEM\u0130RYOLU TA\u015eIMACILI\u011eI DERNE\u011e\u0130"},"content":{"rendered":"<p><a href=\"http:\/\/www.rsc.org.tr\/indextr\/wp-content\/uploads\/DTD_logo.png\"><img loading=\"lazy\" decoding=\"async\" class=\"size-full wp-image-619 aligncenter\" src=\"http:\/\/www.rsc.org.tr\/indextr\/wp-content\/uploads\/DTD_logo.png\" alt=\"Ya\u015far ROTA\" width=\"300\" height=\"300\" srcset=\"http:\/\/www.rsc.org.tr\/indextr\/wp-content\/uploads\/DTD_logo.png 300w, http:\/\/www.rsc.org.tr\/indextr\/wp-content\/uploads\/DTD_logo-150x150.png 150w\" sizes=\"auto, (max-width: 300px) 100vw, 300px\" \/><\/a><\/p>\n<p><span style=\"color:#ffffff;\">&nbsp;<span><\/p>\n<p style=\"text-align: justify;\">Demiryolu Ta\u015f\u0131mac\u0131l\u0131\u011f\u0131 Derne\u011fi (DTD) \u00a0ye\u015fil ve temiz ta\u015f\u0131mac\u0131l\u0131k t\u00fcr\u00fc olan demiryolu ta\u015f\u0131mac\u0131l\u0131\u011f\u0131n\u0131 \u00e7a\u011f\u0131n ve \u00fclkenin gerekleri do\u011frultusunda geli\u015ftirmek ve demiryolunun \u00fclkenin toplam ta\u015f\u0131mac\u0131l\u0131\u011f\u0131 i\u00e7indeki pay\u0131n\u0131 y\u00fckseltmek amac\u0131yla 2006 y\u0131l\u0131nda kurulmu\u015ftur.<\/p>\n<p style=\"text-align: justify;\">\u00dcyeler, kendilerine ait vagonlarla veya TCDD vagonlar\u0131 ile ulusal ve uluslararas\u0131 demiryolu ta\u015f\u0131mac\u0131l\u0131\u011f\u0131 yapan, vagon \u00fcretim tesisleri olan, liman i\u015fletmecili\u011fi yapan, vagon bak\u0131m ve onar\u0131m sanayi ile i\u015ftigal eden T\u00fcrkiye\u2019nin \u00f6nemli firmalar\u0131d\u0131r.<\/p>\n<p style=\"text-align: justify;\"><strong>Daha fazla bilgi i\u00e7in <a href=\"http:\/\/www.dtd.org.tr\">www.dtd.org.tr<\/a><\/strong><\/p>\n","protected":false},"excerpt":{"rendered":"<p>&nbsp; Demiryolu Ta\u015f\u0131mac\u0131l\u0131\u011f\u0131 Derne\u011fi (DTD) \u00a0ye\u015fil ve temiz ta\u015f\u0131mac\u0131l\u0131k t\u00fcr\u00fc olan demiryolu ta\u015f\u0131mac\u0131l\u0131\u011f\u0131n\u0131 \u00e7a\u011f\u0131n ve \u00fclkenin gerekleri do\u011frultusunda geli\u015ftirmek ve demiryolunun \u00fclkenin toplam ta\u015f\u0131mac\u0131l\u0131\u011f\u0131 i\u00e7indeki pay\u0131n\u0131 y\u00fckseltmek amac\u0131yla 2006 y\u0131l\u0131nda kurulmu\u015ftur. \u00dcyeler, kendilerine ait vagonlarla veya TCDD vagonlar\u0131 ile ulusal ve uluslararas\u0131 demiryolu ta\u015f\u0131mac\u0131l\u0131\u011f\u0131 yapan, vagon \u00fcretim tesisleri olan, liman i\u015fletmecili\u011fi yapan, vagon bak\u0131m ve [&hellip;]<\/p>\n","protected":false},"author":1,"featured_media":0,"parent":0,"menu_order":0,"comment_status":"closed","ping_status":"closed","template":"page-full-width.php","meta":{"footnotes":""},"class_list":["post-622","page","type-page","status-publish","hentry"],"_links":{"self":[{"href":"http:\/\/www.rsc.org.tr\/indextr\/index.php\/wp-json\/wp\/v2\/pages\/622","targetHints":{"allow":["GET"]}}],"collection":[{"href":"http:\/\/www.rsc.org.tr\/indextr\/index.php\/wp-json\/wp\/v2\/pages"}],"about":[{"href":"http:\/\/www.rsc.org.tr\/indextr\/index.php\/wp-json\/wp\/v2\/types\/page"}],"author":[{"embeddable":true,"href":"http:\/\/www.rsc.org.tr\/indextr\/index.php\/wp-json\/wp\/v2\/users\/1"}],"replies":[{"embeddable":true,"href":"http:\/\/www.rsc.org.tr\/indextr\/index.php\/wp-json\/wp\/v2\/comments?post=622"}],"version-history":[{"count":3,"href":"http:\/\/www.rsc.org.tr\/indextr\/index.php\/wp-json\/wp\/v2\/pages\/622\/revisions"}],"predecessor-version":[{"id":660,"href":"http:\/\/www.rsc.org.tr\/indextr\/index.php\/wp-json\/wp\/v2\/pages\/622\/revisions\/660"}],"wp:attachment":[{"href":"http:\/\/www.rsc.org.tr\/indextr\/index.php\/wp-json\/wp\/v2\/media?parent=622"}],"curies":[{"name":"wp","href":"https:\/\/api.w.org\/{rel}","templated":true}]}}