{"id":521,"date":"2014-06-26T12:06:24","date_gmt":"2014-06-26T09:06:24","guid":{"rendered":"http:\/\/www.rsc.org.tr\/indextr\/?page_id=521"},"modified":"2014-07-02T16:08:06","modified_gmt":"2014-07-02T13:08:06","slug":"zet-reduktor-san-tic-a-s","status":"publish","type":"page","link":"http:\/\/www.rsc.org.tr\/indextr\/index.php\/zet-reduktor-san-tic-a-s\/","title":{"rendered":"ZET RED\u00dcKT\u00d6R SAN. T\u0130C. A.\u015e."},"content":{"rendered":"<p><span style=\"color:#ffffff;\">&nbsp;<span><\/p>\n<p><img loading=\"lazy\" decoding=\"async\" class=\"size-full wp-image-113 aligncenter\" src=\"http:\/\/biltay.net\/rsc\/wp-content\/uploads\/2014\/06\/zet.png\" alt=\"Ahmet \u00d6ZYAZICI\" width=\"300\" height=\"300\" \/><\/p>\n<p style=\"text-align: justify;\">\u00dclkemizin ilk red\u00fckt\u00f6r \u00fcreticilerinden olan ZET Red\u00fckt\u00f6r San. ve Tic. A.\u015e. \u00f6nceleri \u0130stanbul Bomonti\u2019de bulunan \u00fcretimini, 1994 y\u0131l\u0131ndan sonra Kurtk\u00f6y\u2019deki tesislerinde s\u00fcrd\u00fcrm\u00fc\u015ft\u00fcr. 2006 y\u0131l\u0131nda Eski\u015fehir Organize Sanayi B\u00f6lgesinde fabrika binas\u0131n\u0131 tamamlayarak \u00fcretime ba\u015flam\u0131\u015ft\u0131r.<\/p>\n<p style=\"text-align: justify;\"><strong>Vizyon<\/strong><\/p>\n<p style=\"text-align: justify;\">ISO 9001 Kalite G\u00fcvence belgesinde vurgulanan toplam kalite y\u00f6netimi felsefesine uygun olarak red\u00fckt\u00f6r \u00fcretimindeki konumunu, kaliteyi \u00f6n planda tutarak ve \u00fcretim kapasitesini art\u0131rarak s\u00fcrd\u00fcrmek; \u00f6ncelikle T\u00fcrkiye&#8217;de, daha sonra D\u00fcnya&#8217;da en iyi red\u00fckt\u00f6r \u00fcreticileri aras\u0131nda yer almakt\u0131r.<\/p>\n<p style=\"text-align: justify;\"><strong>Misyon<\/strong><\/p>\n<p style=\"text-align: justify;\">Kaynaklar\u0131 etkin kullanarak, \u00e7evreye duyarl\u0131 y\u00fcksek kaliteli \u00fcr\u00fcnleri \u00fcreten, m\u00fc\u015fteri beklenti ve gereksinimlerini kar\u015f\u0131layan bir kurulu\u015f olmakt\u0131r.<\/p>\n<p><span style=\"color:#ffffff;\">&nbsp;<span><\/p>\n<p><strong>Daha fazla bilgi i\u00e7in <a href=\"http:\/\/www.zetreduktor.com\">www.zetreduktor.com<\/a><\/strong><\/p>\n<p><span style=\"color:#ffffff;\">&nbsp;<span><\/p>\n","protected":false},"excerpt":{"rendered":"<p>&nbsp; \u00dclkemizin ilk red\u00fckt\u00f6r \u00fcreticilerinden olan ZET Red\u00fckt\u00f6r San. ve Tic. A.\u015e. \u00f6nceleri \u0130stanbul Bomonti\u2019de bulunan \u00fcretimini, 1994 y\u0131l\u0131ndan sonra Kurtk\u00f6y\u2019deki tesislerinde s\u00fcrd\u00fcrm\u00fc\u015ft\u00fcr. 2006 y\u0131l\u0131nda Eski\u015fehir Organize Sanayi B\u00f6lgesinde fabrika binas\u0131n\u0131 tamamlayarak \u00fcretime ba\u015flam\u0131\u015ft\u0131r. Vizyon ISO 9001 Kalite G\u00fcvence belgesinde vurgulanan toplam kalite y\u00f6netimi felsefesine uygun olarak red\u00fckt\u00f6r \u00fcretimindeki konumunu, kaliteyi \u00f6n planda tutarak ve [&hellip;]<\/p>\n","protected":false},"author":1,"featured_media":0,"parent":0,"menu_order":0,"comment_status":"closed","ping_status":"closed","template":"page-full-width.php","meta":{"footnotes":""},"class_list":["post-521","page","type-page","status-publish","hentry"],"_links":{"self":[{"href":"http:\/\/www.rsc.org.tr\/indextr\/index.php\/wp-json\/wp\/v2\/pages\/521","targetHints":{"allow":["GET"]}}],"collection":[{"href":"http:\/\/www.rsc.org.tr\/indextr\/index.php\/wp-json\/wp\/v2\/pages"}],"about":[{"href":"http:\/\/www.rsc.org.tr\/indextr\/index.php\/wp-json\/wp\/v2\/types\/page"}],"author":[{"embeddable":true,"href":"http:\/\/www.rsc.org.tr\/indextr\/index.php\/wp-json\/wp\/v2\/users\/1"}],"replies":[{"embeddable":true,"href":"http:\/\/www.rsc.org.tr\/indextr\/index.php\/wp-json\/wp\/v2\/comments?post=521"}],"version-history":[{"count":3,"href":"http:\/\/www.rsc.org.tr\/indextr\/index.php\/wp-json\/wp\/v2\/pages\/521\/revisions"}],"predecessor-version":[{"id":706,"href":"http:\/\/www.rsc.org.tr\/indextr\/index.php\/wp-json\/wp\/v2\/pages\/521\/revisions\/706"}],"wp:attachment":[{"href":"http:\/\/www.rsc.org.tr\/indextr\/index.php\/wp-json\/wp\/v2\/media?parent=521"}],"curies":[{"name":"wp","href":"https:\/\/api.w.org\/{rel}","templated":true}]}}