{"id":519,"date":"2014-06-26T12:05:22","date_gmt":"2014-06-26T09:05:22","guid":{"rendered":"http:\/\/www.rsc.org.tr\/indextr\/?page_id=519"},"modified":"2014-07-02T16:07:33","modified_gmt":"2014-07-02T13:07:33","slug":"yakaboyu-kabin-mak-san-tic-ltd-sti","status":"publish","type":"page","link":"http:\/\/www.rsc.org.tr\/indextr\/index.php\/yakaboyu-kabin-mak-san-tic-ltd-sti\/","title":{"rendered":"YAKABOYU KAB\u0130N MAK. SAN. T\u0130C. LTD. \u015eT\u0130."},"content":{"rendered":"<p><span style=\"color:#ffffff;\">&nbsp;<span><\/p>\n<p><img loading=\"lazy\" decoding=\"async\" class=\"size-full wp-image-112 aligncenter\" src=\"http:\/\/biltay.net\/rsc\/wp-content\/uploads\/2014\/06\/yakaboyu.png\" alt=\"\u00d6zg\u00fcr S\u00dcR\u00dcC\u00dc\" width=\"300\" height=\"300\" \/><\/p>\n<p style=\"text-align: justify;\">1985 y\u0131l\u0131nda H\u00fcseyin S\u00fcr\u00fcc\u00fc liderli\u011finde kurulan Yakaboyu Kabin Makina San., faaliyetlerine 60m\u00b2`lik at\u00f6lyede ba\u015flam\u0131\u015f olup bug\u00fcn 8000m\u00b2 kapal\u0131 7000m\u00b2 a\u00e7\u0131k alanda geli\u015fen son teknolojinin t\u00fcm olanaklar\u0131n\u0131 kullanarak devam etmektedir. Ba\u015fl\u0131ca; i\u015f makinesi, forklift ve tar\u0131m makinalar\u0131na operat\u00f6r kabinleri \u00fcreten Yakaboyu Kabin Makina San. Tic. Ltd. \u015eti., m\u00fc\u015fterilerinin sundu\u011fu projeler \u0131\u015f\u0131\u011f\u0131nda demiryolu ara\u00e7lar\u0131 ve i\u015f makineleri i\u00e7in kaynakl\u0131 kompanentler de \u00fcretmektedir.<\/p>\n<p><span style=\"color:#ffffff;\">&nbsp;<span><\/p>\n<p><strong>Daha fazla bilgi i\u00e7in <a href=\"http:\/\/www.yakaboyu.com\">www.yakaboyu.com<\/a><\/strong><\/p>\n","protected":false},"excerpt":{"rendered":"<p>&nbsp; 1985 y\u0131l\u0131nda H\u00fcseyin S\u00fcr\u00fcc\u00fc liderli\u011finde kurulan Yakaboyu Kabin Makina San., faaliyetlerine 60m\u00b2`lik at\u00f6lyede ba\u015flam\u0131\u015f olup bug\u00fcn 8000m\u00b2 kapal\u0131 7000m\u00b2 a\u00e7\u0131k alanda geli\u015fen son teknolojinin t\u00fcm olanaklar\u0131n\u0131 kullanarak devam etmektedir. Ba\u015fl\u0131ca; i\u015f makinesi, forklift ve tar\u0131m makinalar\u0131na operat\u00f6r kabinleri \u00fcreten Yakaboyu Kabin Makina San. Tic. Ltd. \u015eti., m\u00fc\u015fterilerinin sundu\u011fu projeler \u0131\u015f\u0131\u011f\u0131nda demiryolu ara\u00e7lar\u0131 ve i\u015f [&hellip;]<\/p>\n","protected":false},"author":1,"featured_media":0,"parent":0,"menu_order":0,"comment_status":"closed","ping_status":"closed","template":"page-full-width.php","meta":{"footnotes":""},"class_list":["post-519","page","type-page","status-publish","hentry"],"_links":{"self":[{"href":"http:\/\/www.rsc.org.tr\/indextr\/index.php\/wp-json\/wp\/v2\/pages\/519","targetHints":{"allow":["GET"]}}],"collection":[{"href":"http:\/\/www.rsc.org.tr\/indextr\/index.php\/wp-json\/wp\/v2\/pages"}],"about":[{"href":"http:\/\/www.rsc.org.tr\/indextr\/index.php\/wp-json\/wp\/v2\/types\/page"}],"author":[{"embeddable":true,"href":"http:\/\/www.rsc.org.tr\/indextr\/index.php\/wp-json\/wp\/v2\/users\/1"}],"replies":[{"embeddable":true,"href":"http:\/\/www.rsc.org.tr\/indextr\/index.php\/wp-json\/wp\/v2\/comments?post=519"}],"version-history":[{"count":3,"href":"http:\/\/www.rsc.org.tr\/indextr\/index.php\/wp-json\/wp\/v2\/pages\/519\/revisions"}],"predecessor-version":[{"id":704,"href":"http:\/\/www.rsc.org.tr\/indextr\/index.php\/wp-json\/wp\/v2\/pages\/519\/revisions\/704"}],"wp:attachment":[{"href":"http:\/\/www.rsc.org.tr\/indextr\/index.php\/wp-json\/wp\/v2\/media?parent=519"}],"curies":[{"name":"wp","href":"https:\/\/api.w.org\/{rel}","templated":true}]}}