{"id":517,"date":"2014-06-26T12:04:08","date_gmt":"2014-06-26T09:04:08","guid":{"rendered":"http:\/\/www.rsc.org.tr\/indextr\/?page_id=517"},"modified":"2014-07-02T16:06:03","modified_gmt":"2014-07-02T13:06:03","slug":"tomris-makina","status":"publish","type":"page","link":"http:\/\/www.rsc.org.tr\/indextr\/index.php\/tomris-makina\/","title":{"rendered":"TOMR\u0130S MAK\u0130NA"},"content":{"rendered":"<p><span style=\"color:#ffffff;\">&nbsp;<span><\/p>\n<p><span style=\"color:#ffffff;\">&nbsp;<span><\/p>\n<p><img loading=\"lazy\" decoding=\"async\" class=\"aligncenter size-full wp-image-283\" src=\"http:\/\/biltay.net\/rsc\/wp-content\/uploads\/2014\/06\/tomris1.png\" alt=\"tomris\" width=\"574\" height=\"257\" \/><\/p>\n<p><span style=\"color:#ffffff;\">&nbsp;<span><\/p>\n<p><span style=\"color:#ffffff;\">&nbsp;<span><\/p>\n<p style=\"text-align: justify;\">TOMR\u0130S MAK\u0130NA, tala\u015fl\u0131 imalat ve \u00e7elik konstr\u00fcksiyon konular\u0131nda Havac\u0131l\u0131k ve Savunma, Otomotiv, Beyaz E\u015fya, G\u0131da, Demir \u00c7elik, D\u00f6k\u00fcm, Seramik, Madencilik ve \u00c7imento Sanayi gibi sekt\u00f6rlere hizmet vermektedir.<\/p>\n<p style=\"text-align: justify;\">20 ki\u015fiye varan personeli\u00a0 ve m\u00fchendisleri ile m\u00fc\u015fterilerinin fiyat, teslim s\u00fcresine uyum ve kalite konular\u0131ndaki kriterlerini kar\u015f\u0131layarak dinamik, esnek ve m\u00fc\u015fteri odakl\u0131 sistemleri sayesinde en uygun \u00e7\u00f6z\u00fcmlere ula\u015ft\u0131rmaktad\u0131r. CAD-CAM programlar\u0131n\u0131n kullan\u0131ld\u0131\u011f\u0131 tesiste giderek artan makine park\u0131 ile her t\u00fcrl\u00fc projelendirilmi\u015f veya projelendirilmemi\u015f makine ve makine yedek par\u00e7alar\u0131, a\u011f\u0131r sanayiye y\u00f6nelik makine par\u00e7alar\u0131 \u00fcretmektedir.<\/p>\n<p><span style=\"color:#ffffff;\">&nbsp;<span><\/p>\n<p><strong>Daha fazla bilgi i\u00e7in<a href=\"http:\/\/www.tomrismakina.com\"> www.tomrismakina.com<\/a><\/strong><\/p>\n","protected":false},"excerpt":{"rendered":"<p>&nbsp; &nbsp; &nbsp; &nbsp; TOMR\u0130S MAK\u0130NA, tala\u015fl\u0131 imalat ve \u00e7elik konstr\u00fcksiyon konular\u0131nda Havac\u0131l\u0131k ve Savunma, Otomotiv, Beyaz E\u015fya, G\u0131da, Demir \u00c7elik, D\u00f6k\u00fcm, Seramik, Madencilik ve \u00c7imento Sanayi gibi sekt\u00f6rlere hizmet vermektedir. 20 ki\u015fiye varan personeli\u00a0 ve m\u00fchendisleri ile m\u00fc\u015fterilerinin fiyat, teslim s\u00fcresine uyum ve kalite konular\u0131ndaki kriterlerini kar\u015f\u0131layarak dinamik, esnek ve m\u00fc\u015fteri odakl\u0131 sistemleri sayesinde [&hellip;]<\/p>\n","protected":false},"author":1,"featured_media":0,"parent":0,"menu_order":0,"comment_status":"closed","ping_status":"closed","template":"page-full-width.php","meta":{"footnotes":""},"class_list":["post-517","page","type-page","status-publish","hentry"],"_links":{"self":[{"href":"http:\/\/www.rsc.org.tr\/indextr\/index.php\/wp-json\/wp\/v2\/pages\/517","targetHints":{"allow":["GET"]}}],"collection":[{"href":"http:\/\/www.rsc.org.tr\/indextr\/index.php\/wp-json\/wp\/v2\/pages"}],"about":[{"href":"http:\/\/www.rsc.org.tr\/indextr\/index.php\/wp-json\/wp\/v2\/types\/page"}],"author":[{"embeddable":true,"href":"http:\/\/www.rsc.org.tr\/indextr\/index.php\/wp-json\/wp\/v2\/users\/1"}],"replies":[{"embeddable":true,"href":"http:\/\/www.rsc.org.tr\/indextr\/index.php\/wp-json\/wp\/v2\/comments?post=517"}],"version-history":[{"count":3,"href":"http:\/\/www.rsc.org.tr\/indextr\/index.php\/wp-json\/wp\/v2\/pages\/517\/revisions"}],"predecessor-version":[{"id":699,"href":"http:\/\/www.rsc.org.tr\/indextr\/index.php\/wp-json\/wp\/v2\/pages\/517\/revisions\/699"}],"wp:attachment":[{"href":"http:\/\/www.rsc.org.tr\/indextr\/index.php\/wp-json\/wp\/v2\/media?parent=517"}],"curies":[{"name":"wp","href":"https:\/\/api.w.org\/{rel}","templated":true}]}}