{"id":515,"date":"2014-06-26T12:02:55","date_gmt":"2014-06-26T09:02:55","guid":{"rendered":"http:\/\/www.rsc.org.tr\/indextr\/?page_id=515"},"modified":"2014-07-02T16:05:29","modified_gmt":"2014-07-02T13:05:29","slug":"tekniker-makine-muh-ins-taah-san-tic-ltd-sti","status":"publish","type":"page","link":"http:\/\/www.rsc.org.tr\/indextr\/index.php\/tekniker-makine-muh-ins-taah-san-tic-ltd-sti\/","title":{"rendered":"TEKN\u0130KER MAK\u0130NE M\u00dcH. \u0130N\u015e. TAAH. SAN. T\u0130C. LTD. \u015eT\u0130."},"content":{"rendered":"<p><img loading=\"lazy\" decoding=\"async\" class=\"size-full wp-image-109 aligncenter\" src=\"http:\/\/biltay.net\/rsc\/wp-content\/uploads\/2014\/06\/tekniker.gif\" alt=\"Muzaffer ER\u015eAH\u0130N\" width=\"300\" height=\"300\" \/><\/p>\n<p><span style=\"color:#ffffff;\">&nbsp;<span><\/p>\n<p style=\"text-align: justify;\">Tekniker Makine Limited \u015eirketi 30 y\u0131l\u0131 a\u015fk\u0131n bir s\u00fcre sanayi sitesinde projeye dayal\u0131 \u00f6zel makine imalat\u0131 \u00fczerine faaliyet g\u00f6stermi\u015f olup, 1996 y\u0131l\u0131nda \u015firketle\u015ferek Eski\u015fehir Organize Sanayi B\u00f6lgesinde 2500 m\u00b2 si kapal\u0131 olmak \u00fczere 6000 m\u00b2 alanda hizmet vermeye devam etmektedir.<\/p>\n<p><span style=\"color:#ffffff;\">&nbsp;<span><\/p>\n<p><span style=\"color:#ffffff;\">&nbsp;<span><\/p>\n<p><strong>Daha fazla bilgi i\u00e7in\u00a0<a href=\"http:\/\/www.tekniker.com.tr\">www.tekniker.com.tr <\/a><\/strong><\/p>\n","protected":false},"excerpt":{"rendered":"<p>&nbsp; Tekniker Makine Limited \u015eirketi 30 y\u0131l\u0131 a\u015fk\u0131n bir s\u00fcre sanayi sitesinde projeye dayal\u0131 \u00f6zel makine imalat\u0131 \u00fczerine faaliyet g\u00f6stermi\u015f olup, 1996 y\u0131l\u0131nda \u015firketle\u015ferek Eski\u015fehir Organize Sanayi B\u00f6lgesinde 2500 m\u00b2 si kapal\u0131 olmak \u00fczere 6000 m\u00b2 alanda hizmet vermeye devam etmektedir. &nbsp; &nbsp; Daha fazla bilgi i\u00e7in\u00a0www.tekniker.com.tr<\/p>\n","protected":false},"author":1,"featured_media":0,"parent":0,"menu_order":0,"comment_status":"closed","ping_status":"closed","template":"page-full-width.php","meta":{"footnotes":""},"class_list":["post-515","page","type-page","status-publish","hentry"],"_links":{"self":[{"href":"http:\/\/www.rsc.org.tr\/indextr\/index.php\/wp-json\/wp\/v2\/pages\/515","targetHints":{"allow":["GET"]}}],"collection":[{"href":"http:\/\/www.rsc.org.tr\/indextr\/index.php\/wp-json\/wp\/v2\/pages"}],"about":[{"href":"http:\/\/www.rsc.org.tr\/indextr\/index.php\/wp-json\/wp\/v2\/types\/page"}],"author":[{"embeddable":true,"href":"http:\/\/www.rsc.org.tr\/indextr\/index.php\/wp-json\/wp\/v2\/users\/1"}],"replies":[{"embeddable":true,"href":"http:\/\/www.rsc.org.tr\/indextr\/index.php\/wp-json\/wp\/v2\/comments?post=515"}],"version-history":[{"count":3,"href":"http:\/\/www.rsc.org.tr\/indextr\/index.php\/wp-json\/wp\/v2\/pages\/515\/revisions"}],"predecessor-version":[{"id":698,"href":"http:\/\/www.rsc.org.tr\/indextr\/index.php\/wp-json\/wp\/v2\/pages\/515\/revisions\/698"}],"wp:attachment":[{"href":"http:\/\/www.rsc.org.tr\/indextr\/index.php\/wp-json\/wp\/v2\/media?parent=515"}],"curies":[{"name":"wp","href":"https:\/\/api.w.org\/{rel}","templated":true}]}}