{"id":513,"date":"2014-06-26T12:01:56","date_gmt":"2014-06-26T09:01:56","guid":{"rendered":"http:\/\/www.rsc.org.tr\/indextr\/?page_id=513"},"modified":"2014-07-03T09:43:23","modified_gmt":"2014-07-03T06:43:23","slug":"som-pano-san-tic-ltd-sti","status":"publish","type":"page","link":"http:\/\/www.rsc.org.tr\/indextr\/index.php\/som-pano-san-tic-ltd-sti\/","title":{"rendered":"SOM PANO SAN. T\u0130C. LTD \u015eT\u0130."},"content":{"rendered":"<p><span style=\"color: #ffffff;\">&nbsp;\u00a0<\/span><\/p>\n<p><img loading=\"lazy\" decoding=\"async\" class=\"aligncenter size-full wp-image-277\" src=\"http:\/\/biltay.net\/rsc\/wp-content\/uploads\/2014\/06\/somPano1.jpg\" alt=\"somPano\" width=\"600\" height=\"330\" \/><\/p>\n<p><span style=\"color: #ffffff;\">&nbsp; <\/span><\/p>\n<p>Som Pano San. ve Tic. Ltd. \u015et\u0130. 1983 y\u0131l\u0131nda kurulmu\u015f olup, i\u015fletmede elektrik panolar\u0131 imalat\u0131 ile her t\u00fcrl\u00fc sa\u00e7 kesme, k\u0131v\u0131rma ve kaynakl\u0131 birle\u015ftirme i\u015fleri yap\u0131lmaktad\u0131r.<\/p>\n<p>Som Pano San. ve Tic. Ltd. \u015et\u0130. 1983 y\u0131l\u0131nda Eski\u015fehir&#8217;de Baksan K\u00fc\u00e7\u00fck Sanayi Sitesi&#8217;nde imalata ba\u015flam\u0131\u015f olup, gelen m\u00fc\u015fteri isteklerini kar\u015f\u0131layabilmek ve kaliteyi en \u00fcst seviyeye \u00e7\u0131karabilmek amac\u0131yla 1997 y\u0131l\u0131nda Eski\u015fehir Tepeba\u015f\u0131 Keresteciler Sitesinde 2250m\u00b2 alana kurulu yeni yerinde daha modern ve teknolojik \u015fartlarda \u00fcretimine devam etmektedir.<\/p>\n<p><span style=\"color: #ffffff;\">&nbsp; <\/span><\/p>\n<p><span style=\"color: #ffffff;\">&nbsp;\u00a0<\/span><\/p>\n<p><strong>Daha fazla bilgi i\u00e7in <a href=\"http:\/\/www.sompano.com.tr\">www.sompano.com.tr<\/a><\/strong><\/p>\n","protected":false},"excerpt":{"rendered":"<p>&nbsp;\u00a0 &nbsp; Som Pano San. ve Tic. Ltd. \u015et\u0130. 1983 y\u0131l\u0131nda kurulmu\u015f olup, i\u015fletmede elektrik panolar\u0131 imalat\u0131 ile her t\u00fcrl\u00fc sa\u00e7 kesme, k\u0131v\u0131rma ve kaynakl\u0131 birle\u015ftirme i\u015fleri yap\u0131lmaktad\u0131r. Som Pano San. ve Tic. Ltd. \u015et\u0130. 1983 y\u0131l\u0131nda Eski\u015fehir&#8217;de Baksan K\u00fc\u00e7\u00fck Sanayi Sitesi&#8217;nde imalata ba\u015flam\u0131\u015f olup, gelen m\u00fc\u015fteri isteklerini kar\u015f\u0131layabilmek ve kaliteyi en \u00fcst seviyeye \u00e7\u0131karabilmek [&hellip;]<\/p>\n","protected":false},"author":1,"featured_media":0,"parent":0,"menu_order":0,"comment_status":"closed","ping_status":"closed","template":"page-full-width.php","meta":{"footnotes":""},"class_list":["post-513","page","type-page","status-publish","hentry"],"_links":{"self":[{"href":"http:\/\/www.rsc.org.tr\/indextr\/index.php\/wp-json\/wp\/v2\/pages\/513","targetHints":{"allow":["GET"]}}],"collection":[{"href":"http:\/\/www.rsc.org.tr\/indextr\/index.php\/wp-json\/wp\/v2\/pages"}],"about":[{"href":"http:\/\/www.rsc.org.tr\/indextr\/index.php\/wp-json\/wp\/v2\/types\/page"}],"author":[{"embeddable":true,"href":"http:\/\/www.rsc.org.tr\/indextr\/index.php\/wp-json\/wp\/v2\/users\/1"}],"replies":[{"embeddable":true,"href":"http:\/\/www.rsc.org.tr\/indextr\/index.php\/wp-json\/wp\/v2\/comments?post=513"}],"version-history":[{"count":7,"href":"http:\/\/www.rsc.org.tr\/indextr\/index.php\/wp-json\/wp\/v2\/pages\/513\/revisions"}],"predecessor-version":[{"id":718,"href":"http:\/\/www.rsc.org.tr\/indextr\/index.php\/wp-json\/wp\/v2\/pages\/513\/revisions\/718"}],"wp:attachment":[{"href":"http:\/\/www.rsc.org.tr\/indextr\/index.php\/wp-json\/wp\/v2\/media?parent=513"}],"curies":[{"name":"wp","href":"https:\/\/api.w.org\/{rel}","templated":true}]}}