{"id":511,"date":"2014-06-26T11:55:54","date_gmt":"2014-06-26T08:55:54","guid":{"rendered":"http:\/\/www.rsc.org.tr\/indextr\/?page_id=511"},"modified":"2014-07-02T16:04:02","modified_gmt":"2014-07-02T13:04:02","slug":"solentek-end-tas-urt-san-tic-a-s","status":"publish","type":"page","link":"http:\/\/www.rsc.org.tr\/indextr\/index.php\/solentek-end-tas-urt-san-tic-a-s\/","title":{"rendered":"SOLENTEK END. TAS. \u00dcRT. SAN. T\u0130C. A.\u015e."},"content":{"rendered":"<p><span style=\"color:#ffffff;\">&nbsp;<span><\/p>\n<p><img loading=\"lazy\" decoding=\"async\" class=\"aligncenter size-full wp-image-274\" src=\"http:\/\/biltay.net\/rsc\/wp-content\/uploads\/2014\/06\/solentek.jpg\" alt=\"solentek\" width=\"265\" height=\"215\" \/><\/p>\n<p><span style=\"color:#ffffff;\">&nbsp;<span><\/p>\n<p style=\"text-align: justify;\">Solentek, Bursa Nil\u00fcfer Organize Sanayi B\u00f6lgesi (NOSAB)&#8217;nde kurulu 9200 m<sup>2<\/sup> \u00fcretim alan\u0131nda, \u00e7a\u011f\u0131n gerektirdi\u011fi teknolojik altyap\u0131s\u0131 ile, solar enerji ve metal i\u015fleme sekt\u00f6rlerinde faaliyet g\u00f6stermektedir.<\/p>\n<p style=\"text-align: justify;\">Metal i\u015fleme sekt\u00f6r\u00fcnde, proje-m\u00fchendislik hizmetleri, konvey\u00f6r ve otomasyon i\u015fleri, muhtelif demiryolu y\u00fck vagonlar\u0131, otomotiv ve di\u011fer sekt\u00f6rlere metal ambalaj,\u00a0 makine sanayi i\u00e7in platform imalatlar\u0131 ile yurt i\u00e7i ve yurt d\u0131\u015f\u0131 m\u00fc\u015fterilerine hizmet vermektedir.<\/p>\n<p style=\"text-align: justify;\">Solar Enerji Sekt\u00f6r\u00fcnde, g\u00fcne\u015f enerjisinden elektrik elde edilmesi i\u00e7in eksiksiz servis sunmaktad\u0131r. Fizibilite, projelendirme, yer se\u00e7imi, anahtar teslimi proje uygulamalar\u0131\u00a0 yan\u0131nda solar enerji santrallar\u0131n\u0131n alt yap\u0131 malzemelerinin \u00fcretimi, hem sabit hem de g\u00fcne\u015f takipli sistemler y\u00fcksek kalitede \u00fcretilmektedir. Ayr\u0131ca, Konsantre Fotovoltaik (CPV) alan\u0131nda, s\u0131n\u0131r teknolojiler \u00fczerine ciddi ar-ge \u00e7al\u0131\u015fmalar\u0131 y\u00fcr\u00fctmektedir.<\/p>\n<p><span style=\"color:#ffffff;\">&nbsp;<span><\/p>\n<p><strong>Daha fazla bilgi i\u00e7in <a href=\"http:\/\/www.solentek.com.tr\">www.solentek.com.tr<\/a><\/strong><\/p>\n","protected":false},"excerpt":{"rendered":"<p>&nbsp; &nbsp; Solentek, Bursa Nil\u00fcfer Organize Sanayi B\u00f6lgesi (NOSAB)&#8217;nde kurulu 9200 m2 \u00fcretim alan\u0131nda, \u00e7a\u011f\u0131n gerektirdi\u011fi teknolojik altyap\u0131s\u0131 ile, solar enerji ve metal i\u015fleme sekt\u00f6rlerinde faaliyet g\u00f6stermektedir. Metal i\u015fleme sekt\u00f6r\u00fcnde, proje-m\u00fchendislik hizmetleri, konvey\u00f6r ve otomasyon i\u015fleri, muhtelif demiryolu y\u00fck vagonlar\u0131, otomotiv ve di\u011fer sekt\u00f6rlere metal ambalaj,\u00a0 makine sanayi i\u00e7in platform imalatlar\u0131 ile yurt i\u00e7i ve [&hellip;]<\/p>\n","protected":false},"author":1,"featured_media":0,"parent":0,"menu_order":0,"comment_status":"closed","ping_status":"closed","template":"page-full-width.php","meta":{"footnotes":""},"class_list":["post-511","page","type-page","status-publish","hentry"],"_links":{"self":[{"href":"http:\/\/www.rsc.org.tr\/indextr\/index.php\/wp-json\/wp\/v2\/pages\/511","targetHints":{"allow":["GET"]}}],"collection":[{"href":"http:\/\/www.rsc.org.tr\/indextr\/index.php\/wp-json\/wp\/v2\/pages"}],"about":[{"href":"http:\/\/www.rsc.org.tr\/indextr\/index.php\/wp-json\/wp\/v2\/types\/page"}],"author":[{"embeddable":true,"href":"http:\/\/www.rsc.org.tr\/indextr\/index.php\/wp-json\/wp\/v2\/users\/1"}],"replies":[{"embeddable":true,"href":"http:\/\/www.rsc.org.tr\/indextr\/index.php\/wp-json\/wp\/v2\/comments?post=511"}],"version-history":[{"count":3,"href":"http:\/\/www.rsc.org.tr\/indextr\/index.php\/wp-json\/wp\/v2\/pages\/511\/revisions"}],"predecessor-version":[{"id":696,"href":"http:\/\/www.rsc.org.tr\/indextr\/index.php\/wp-json\/wp\/v2\/pages\/511\/revisions\/696"}],"wp:attachment":[{"href":"http:\/\/www.rsc.org.tr\/indextr\/index.php\/wp-json\/wp\/v2\/media?parent=511"}],"curies":[{"name":"wp","href":"https:\/\/api.w.org\/{rel}","templated":true}]}}