{"id":509,"date":"2014-06-26T11:54:36","date_gmt":"2014-06-26T08:54:36","guid":{"rendered":"http:\/\/www.rsc.org.tr\/indextr\/?page_id=509"},"modified":"2014-07-02T16:03:19","modified_gmt":"2014-07-02T13:03:19","slug":"savronik-elektronik","status":"publish","type":"page","link":"http:\/\/www.rsc.org.tr\/indextr\/index.php\/savronik-elektronik\/","title":{"rendered":"SAVRON\u0130K ELEKTRON\u0130K"},"content":{"rendered":"<p><img loading=\"lazy\" decoding=\"async\" class=\"size-full wp-image-106 aligncenter\" src=\"http:\/\/biltay.net\/rsc\/wp-content\/uploads\/2014\/06\/savronik.png\" alt=\"Mehmet Kenan I\u015eIK \" width=\"300\" height=\"300\" \/><\/p>\n<p><span style=\"color:#ffffff;\">&nbsp;<span><\/p>\n<p style=\"text-align: justify;\">Savronik\u2019in misyonu T\u00fcrk Savunma Sanayiinin elektronik cihaz ve sistem gereksinimlerine, \u00fcst\u00fcn temel teknolojilerin Ar-Ge ile elde edilecek maliyet-performans etkin \u00e7\u00f6z\u00fcmlere d\u00f6n\u00fc\u015ft\u00fcr\u00fclmesi ile yan\u0131t vermek, bu yolla \u00fclkenin Savunma Sanayiinin ba\u011f\u0131ms\u0131zl\u0131\u011f\u0131 i\u00e7in hizmet etmek, elde edilen birikimin \u00fclke genelinde askeri ve sivil alanlarda farkl\u0131 \u00e7\u00f6z\u00fcmlere d\u00f6n\u00fc\u015febilmesinin s\u00fcreklili\u011fini sa\u011flamak i\u00e7in milli, kal\u0131c\u0131 ve g\u00fcvenilir kurum kimli\u011fini korumakt\u0131r.<\/p>\n<p style=\"text-align: justify;\">Savronik\u2019in vizyonu milli bir Ar-Ge evi olarak \u00fclke i\u00e7inde savunma ama\u00e7l\u0131 elektronik cihaz ve sistem gereksinimlerine daha geni\u015f spektrumda \u00e7\u00f6z\u00fcmler olu\u015ftururken, T\u00fcrk Savunma Sanayii Politikas\u0131 ve Stratejisi Esaslar\u0131 ile uyumlu d\u0131\u015f pazarlara a\u00e7\u0131lmay\u0131 sa\u011flamakt\u0131r.<\/p>\n<p><span style=\"color:#ffffff;\">&nbsp;<span><\/p>\n<p><strong>Daha fazla bilgi i\u00e7in <a href=\"http:\/\/www.savronik.com.tr\">www.savronik.com.tr<\/a><\/strong><\/p>\n","protected":false},"excerpt":{"rendered":"<p>&nbsp; Savronik\u2019in misyonu T\u00fcrk Savunma Sanayiinin elektronik cihaz ve sistem gereksinimlerine, \u00fcst\u00fcn temel teknolojilerin Ar-Ge ile elde edilecek maliyet-performans etkin \u00e7\u00f6z\u00fcmlere d\u00f6n\u00fc\u015ft\u00fcr\u00fclmesi ile yan\u0131t vermek, bu yolla \u00fclkenin Savunma Sanayiinin ba\u011f\u0131ms\u0131zl\u0131\u011f\u0131 i\u00e7in hizmet etmek, elde edilen birikimin \u00fclke genelinde askeri ve sivil alanlarda farkl\u0131 \u00e7\u00f6z\u00fcmlere d\u00f6n\u00fc\u015febilmesinin s\u00fcreklili\u011fini sa\u011flamak i\u00e7in milli, kal\u0131c\u0131 ve g\u00fcvenilir kurum kimli\u011fini [&hellip;]<\/p>\n","protected":false},"author":1,"featured_media":0,"parent":0,"menu_order":0,"comment_status":"closed","ping_status":"closed","template":"page-full-width.php","meta":{"footnotes":""},"class_list":["post-509","page","type-page","status-publish","hentry"],"_links":{"self":[{"href":"http:\/\/www.rsc.org.tr\/indextr\/index.php\/wp-json\/wp\/v2\/pages\/509","targetHints":{"allow":["GET"]}}],"collection":[{"href":"http:\/\/www.rsc.org.tr\/indextr\/index.php\/wp-json\/wp\/v2\/pages"}],"about":[{"href":"http:\/\/www.rsc.org.tr\/indextr\/index.php\/wp-json\/wp\/v2\/types\/page"}],"author":[{"embeddable":true,"href":"http:\/\/www.rsc.org.tr\/indextr\/index.php\/wp-json\/wp\/v2\/users\/1"}],"replies":[{"embeddable":true,"href":"http:\/\/www.rsc.org.tr\/indextr\/index.php\/wp-json\/wp\/v2\/comments?post=509"}],"version-history":[{"count":3,"href":"http:\/\/www.rsc.org.tr\/indextr\/index.php\/wp-json\/wp\/v2\/pages\/509\/revisions"}],"predecessor-version":[{"id":694,"href":"http:\/\/www.rsc.org.tr\/indextr\/index.php\/wp-json\/wp\/v2\/pages\/509\/revisions\/694"}],"wp:attachment":[{"href":"http:\/\/www.rsc.org.tr\/indextr\/index.php\/wp-json\/wp\/v2\/media?parent=509"}],"curies":[{"name":"wp","href":"https:\/\/api.w.org\/{rel}","templated":true}]}}