{"id":507,"date":"2014-06-26T11:53:23","date_gmt":"2014-06-26T08:53:23","guid":{"rendered":"http:\/\/www.rsc.org.tr\/indextr\/?page_id=507"},"modified":"2014-07-02T16:03:15","modified_gmt":"2014-07-02T13:03:15","slug":"safkar-sogt-klm-sog-hav-tes-iht-ihr-a-s","status":"publish","type":"page","link":"http:\/\/www.rsc.org.tr\/indextr\/index.php\/safkar-sogt-klm-sog-hav-tes-iht-ihr-a-s\/","title":{"rendered":"SAFKAR SO\u011eT. KLM. SO\u011e. HAV. TES. \u0130HT. \u0130HR. A.\u015e."},"content":{"rendered":"<p><img loading=\"lazy\" decoding=\"async\" class=\"size-full wp-image-105 aligncenter\" src=\"http:\/\/biltay.net\/rsc\/wp-content\/uploads\/2014\/06\/safkar.jpg\" alt=\"Abdullah Nuri \u00dcNVER\" width=\"300\" height=\"300\" \/><\/p>\n<p><span style=\"color:#ffffff;\">&nbsp;<span><\/p>\n<p><span style=\"color:#ffffff;\">&nbsp;<span><\/p>\n<p style=\"text-align: justify;\">Safkar So\u011futma Sistemleri, 1980&#8217;li y\u0131llarda kurulmu\u015ftur. Bug\u00fcn otob\u00fcs, midib\u00fcs, minib\u00fcs klimalar\u0131, frigorifik so\u011futucular, metro, tramvay, hafif rayl\u0131 ve tren klimalar\u0131, savunma sanayi \u00fcr\u00fcnleri ve vermekte oldu\u011fu d\u00fcnya \u00e7ap\u0131nda m\u00fchendislik hizmetleri ile, bu boyutta hizmet sunan d\u00fcnyan\u0131n say\u0131l\u0131 firmalar\u0131 aras\u0131ndad\u0131r.<\/p>\n<p style=\"text-align: justify;\">Teknolojiye verdi\u011fi \u00f6nem sebebi ile kuruldu\u011fu g\u00fcnden itibaren tasar\u0131m ve test imkanlar\u0131na yat\u0131r\u0131m yapan Safkar, ayn\u0131 zamanda T\u00fcrkiye&#8217;nin yedinci ArGe merkezi \u00fcnvan\u0131na da sahiptir. Konusunda T\u00fcrkiye&#8217;nin en kapsaml\u0131 test laboratuarlar\u0131na sahip olan Safkar ArGe Merkezi, T\u00fcrkiye ve Avrupa&#8217;n\u0131n en b\u00fcy\u00fck ve yetkin klimatik test kabinlerinden birine ev sahipli\u011fi yapmaktad\u0131r.<br \/>\nKalite konusunda \u00f6d\u00fcn vermez anlay\u0131\u015f\u0131n\u0131 yetkili kurumlarca da onaylatan Safkar, otomotiv \u00fcr\u00fcnleri i\u00e7in ISO-TS 16949 belgesine sahiptir. Ayr\u0131ca, rayl\u0131 sistemler i\u00e7in \u00fcretim yapan firmalar\u0131n yetkinliklerini belgeleyen IRIS (International Railway Industry Standards) belgesine T\u00fcrkiye&#8217;de sahip ilk \u00fc\u00e7 firmadan biri olan Safkar, klima konusunda ise tek firmad\u0131r. \u00c7evreye ve \u0130\u015f\u00e7i Sa\u011fl\u0131\u011f\u0131 ve \u0130\u015f G\u00fcvenli\u011fine verdi\u011fi de\u011fer ve \u00f6nemi belgelemek amac\u0131 ile Safkar ISO14001 ve OHSAS 18001 belgelerini de alm\u0131\u015ft\u0131r.<\/p>\n<p><span style=\"color:#ffffff;\">&nbsp;<span><\/p>\n<p><strong>Daha fazla bilgi i\u00e7in <a href=\"http:\/\/http:\/\/www.safkar.com.tr\/\">www.safkar.com.tr<\/a><\/strong><\/p>\n","protected":false},"excerpt":{"rendered":"<p>&nbsp; &nbsp; Safkar So\u011futma Sistemleri, 1980&#8217;li y\u0131llarda kurulmu\u015ftur. Bug\u00fcn otob\u00fcs, midib\u00fcs, minib\u00fcs klimalar\u0131, frigorifik so\u011futucular, metro, tramvay, hafif rayl\u0131 ve tren klimalar\u0131, savunma sanayi \u00fcr\u00fcnleri ve vermekte oldu\u011fu d\u00fcnya \u00e7ap\u0131nda m\u00fchendislik hizmetleri ile, bu boyutta hizmet sunan d\u00fcnyan\u0131n say\u0131l\u0131 firmalar\u0131 aras\u0131ndad\u0131r. Teknolojiye verdi\u011fi \u00f6nem sebebi ile kuruldu\u011fu g\u00fcnden itibaren tasar\u0131m ve test imkanlar\u0131na yat\u0131r\u0131m yapan [&hellip;]<\/p>\n","protected":false},"author":1,"featured_media":0,"parent":0,"menu_order":0,"comment_status":"closed","ping_status":"closed","template":"page-full-width.php","meta":{"footnotes":""},"class_list":["post-507","page","type-page","status-publish","hentry"],"_links":{"self":[{"href":"http:\/\/www.rsc.org.tr\/indextr\/index.php\/wp-json\/wp\/v2\/pages\/507","targetHints":{"allow":["GET"]}}],"collection":[{"href":"http:\/\/www.rsc.org.tr\/indextr\/index.php\/wp-json\/wp\/v2\/pages"}],"about":[{"href":"http:\/\/www.rsc.org.tr\/indextr\/index.php\/wp-json\/wp\/v2\/types\/page"}],"author":[{"embeddable":true,"href":"http:\/\/www.rsc.org.tr\/indextr\/index.php\/wp-json\/wp\/v2\/users\/1"}],"replies":[{"embeddable":true,"href":"http:\/\/www.rsc.org.tr\/indextr\/index.php\/wp-json\/wp\/v2\/comments?post=507"}],"version-history":[{"count":3,"href":"http:\/\/www.rsc.org.tr\/indextr\/index.php\/wp-json\/wp\/v2\/pages\/507\/revisions"}],"predecessor-version":[{"id":693,"href":"http:\/\/www.rsc.org.tr\/indextr\/index.php\/wp-json\/wp\/v2\/pages\/507\/revisions\/693"}],"wp:attachment":[{"href":"http:\/\/www.rsc.org.tr\/indextr\/index.php\/wp-json\/wp\/v2\/media?parent=507"}],"curies":[{"name":"wp","href":"https:\/\/api.w.org\/{rel}","templated":true}]}}