{"id":505,"date":"2014-06-26T11:51:58","date_gmt":"2014-06-26T08:51:58","guid":{"rendered":"http:\/\/www.rsc.org.tr\/indextr\/?page_id=505"},"modified":"2014-07-02T16:02:43","modified_gmt":"2014-07-02T13:02:43","slug":"metasoft-bilg-bil-isl-hiz-san-tic-ltd-sti","status":"publish","type":"page","link":"http:\/\/www.rsc.org.tr\/indextr\/index.php\/metasoft-bilg-bil-isl-hiz-san-tic-ltd-sti\/","title":{"rendered":"METASOFT B\u0130LG. B\u0130L. \u0130\u015eL. H\u0130Z. SAN. T\u0130C. LTD. \u015eT\u0130."},"content":{"rendered":"<p><span style=\"color:#ffffff;\">&nbsp;<span><\/p>\n<p><img loading=\"lazy\" decoding=\"async\" class=\"size-full wp-image-119 aligncenter\" src=\"http:\/\/biltay.net\/rsc\/wp-content\/uploads\/2014\/06\/metaSoft.png\" alt=\"Mehmet TA\u015eKIN\" width=\"300\" height=\"300\" \/><\/p>\n<p style=\"text-align: justify;\">Metasoft Bilgisayar Bilgi \u0130\u015flem Hiz. San. Tic. Ltd. \u015eti. Faliyetlerine 2000 y\u0131l\u0131nda ba\u015flam\u0131\u015f olup 14 y\u0131ll\u0131k Bilgi \u0130\u015flem tecr\u00fcbesine sahiptir. Metasoft Bilgi \u0130\u015flem Hizmetleri, Yaz\u0131l\u0131m , Proje Geli\u015ftirme , Dan\u0131\u015fmanl\u0131k ve E\u011fitim konusunda faaliyet g\u00f6stermektedir. Metasoft, deneyimli kadrosu ve ERP (Kurumsal Kaynak Planlama) bilgi birikimiyle \u00dcretim, Ticari, Hizmet ve Hastane Otomasyonu vb. konularda faaliyet g\u00f6steren orta ve b\u00fcy\u00fck \u00f6l\u00e7ekli kurulu\u015flara y\u00f6nelik anahtar teslimi komple \u00e7\u00f6z\u00fcmler \u00fcretmektedir.<\/p>\n<p><strong>Daha fazla bilgi i\u00e7in <a href=\"http:\/\/www.metasoft.com.tr\">www.metasoft.com.tr<\/a><\/strong><\/p>\n","protected":false},"excerpt":{"rendered":"<p>&nbsp; Metasoft Bilgisayar Bilgi \u0130\u015flem Hiz. San. Tic. Ltd. \u015eti. Faliyetlerine 2000 y\u0131l\u0131nda ba\u015flam\u0131\u015f olup 14 y\u0131ll\u0131k Bilgi \u0130\u015flem tecr\u00fcbesine sahiptir. Metasoft Bilgi \u0130\u015flem Hizmetleri, Yaz\u0131l\u0131m , Proje Geli\u015ftirme , Dan\u0131\u015fmanl\u0131k ve E\u011fitim konusunda faaliyet g\u00f6stermektedir. Metasoft, deneyimli kadrosu ve ERP (Kurumsal Kaynak Planlama) bilgi birikimiyle \u00dcretim, Ticari, Hizmet ve Hastane Otomasyonu vb. konularda faaliyet [&hellip;]<\/p>\n","protected":false},"author":1,"featured_media":0,"parent":0,"menu_order":0,"comment_status":"closed","ping_status":"closed","template":"page-full-width.php","meta":{"footnotes":""},"class_list":["post-505","page","type-page","status-publish","hentry"],"_links":{"self":[{"href":"http:\/\/www.rsc.org.tr\/indextr\/index.php\/wp-json\/wp\/v2\/pages\/505","targetHints":{"allow":["GET"]}}],"collection":[{"href":"http:\/\/www.rsc.org.tr\/indextr\/index.php\/wp-json\/wp\/v2\/pages"}],"about":[{"href":"http:\/\/www.rsc.org.tr\/indextr\/index.php\/wp-json\/wp\/v2\/types\/page"}],"author":[{"embeddable":true,"href":"http:\/\/www.rsc.org.tr\/indextr\/index.php\/wp-json\/wp\/v2\/users\/1"}],"replies":[{"embeddable":true,"href":"http:\/\/www.rsc.org.tr\/indextr\/index.php\/wp-json\/wp\/v2\/comments?post=505"}],"version-history":[{"count":3,"href":"http:\/\/www.rsc.org.tr\/indextr\/index.php\/wp-json\/wp\/v2\/pages\/505\/revisions"}],"predecessor-version":[{"id":689,"href":"http:\/\/www.rsc.org.tr\/indextr\/index.php\/wp-json\/wp\/v2\/pages\/505\/revisions\/689"}],"wp:attachment":[{"href":"http:\/\/www.rsc.org.tr\/indextr\/index.php\/wp-json\/wp\/v2\/media?parent=505"}],"curies":[{"name":"wp","href":"https:\/\/api.w.org\/{rel}","templated":true}]}}