{"id":503,"date":"2014-06-26T11:50:57","date_gmt":"2014-06-26T08:50:57","guid":{"rendered":"http:\/\/www.rsc.org.tr\/indextr\/?page_id=503"},"modified":"2014-07-02T16:02:09","modified_gmt":"2014-07-02T13:02:09","slug":"medel-elkt-elktro-san-ltd-sti","status":"publish","type":"page","link":"http:\/\/www.rsc.org.tr\/indextr\/index.php\/medel-elkt-elktro-san-ltd-sti\/","title":{"rendered":"MEDEL ELKT. ELKTRO. SAN. LTD. \u015eT\u0130."},"content":{"rendered":"<p><img loading=\"lazy\" decoding=\"async\" class=\"size-full wp-image-101 aligncenter\" src=\"http:\/\/biltay.net\/rsc\/wp-content\/uploads\/2014\/06\/medel.jpg\" alt=\"Ali Niyazi SARIMADEN\" width=\"300\" height=\"300\" \/><\/p>\n<p style=\"text-align: justify;\">1994 y\u0131l\u0131nda kurulan MEDEL Elektronik \u015eirketi \u0130stanbul\u2019da bulunan \u00fcretim tesisinde \u00fcretilen 400.000\u2019dan fazla \u00fcr\u00fcn\u00fcn\u00fc, yurti\u00e7inin yan\u0131 s\u0131ra Asya, Ortado\u011fu ve Balkanlarda faaliyet g\u00f6steren sat\u0131\u015f ve pazarlama a\u011f\u0131 ile t\u00fcm d\u00fcnyan\u0131n hizmetine sunmu\u015ftur. MEDEL Elektronik, 35 m\u00fchendis, 70 tekniker, toplam 120 \u00e7al\u0131\u015fan\u0131 ile\u00a0\u0130stanbul&#8217;da 6500 m2 , Adapazar\u0131 \u015fubesinde 1200 m2\u2018lik toplamda 7700 m2 kapal\u0131 alanda, AC Motor Vekt\u00f6r H\u0131z Kontrol\u00fc, DC Motor H\u0131z Kontrol\u00fc, Demiryolu Uygulamalar\u0131, Tersane Uygulamalar\u0131, Kenar Kontrol, Gergi Kontrol, Kamera Kontrol, Register Kontrol, Otomasyon \u00a0ve Otomasyon uygulamalar\u0131nda ihtiya\u00e7 duyulan elektronik \u00f6l\u00e7\u00fcm\/kontrol kartlar\u0131 \u00fcretimi ve 25 y\u0131ll\u0131k tecr\u00fcbesi ile de end\u00fcstriyel otomasyon uygulamalar\u0131 yapmaktad\u0131r.<\/p>\n<p><strong>Daha fazla bilgi i\u00e7in <a href=\"http:\/\/www.medelelektronik.com\">www.medelelektronik.com <\/a><\/strong><\/p>\n<p><span style=\"color:#ffffff;\">&nbsp;<span><\/p>\n","protected":false},"excerpt":{"rendered":"<p>1994 y\u0131l\u0131nda kurulan MEDEL Elektronik \u015eirketi \u0130stanbul\u2019da bulunan \u00fcretim tesisinde \u00fcretilen 400.000\u2019dan fazla \u00fcr\u00fcn\u00fcn\u00fc, yurti\u00e7inin yan\u0131 s\u0131ra Asya, Ortado\u011fu ve Balkanlarda faaliyet g\u00f6steren sat\u0131\u015f ve pazarlama a\u011f\u0131 ile t\u00fcm d\u00fcnyan\u0131n hizmetine sunmu\u015ftur. MEDEL Elektronik, 35 m\u00fchendis, 70 tekniker, toplam 120 \u00e7al\u0131\u015fan\u0131 ile\u00a0\u0130stanbul&#8217;da 6500 m2 , Adapazar\u0131 \u015fubesinde 1200 m2\u2018lik toplamda 7700 m2 kapal\u0131 alanda, AC [&hellip;]<\/p>\n","protected":false},"author":1,"featured_media":0,"parent":0,"menu_order":0,"comment_status":"closed","ping_status":"closed","template":"page-full-width.php","meta":{"footnotes":""},"class_list":["post-503","page","type-page","status-publish","hentry"],"_links":{"self":[{"href":"http:\/\/www.rsc.org.tr\/indextr\/index.php\/wp-json\/wp\/v2\/pages\/503","targetHints":{"allow":["GET"]}}],"collection":[{"href":"http:\/\/www.rsc.org.tr\/indextr\/index.php\/wp-json\/wp\/v2\/pages"}],"about":[{"href":"http:\/\/www.rsc.org.tr\/indextr\/index.php\/wp-json\/wp\/v2\/types\/page"}],"author":[{"embeddable":true,"href":"http:\/\/www.rsc.org.tr\/indextr\/index.php\/wp-json\/wp\/v2\/users\/1"}],"replies":[{"embeddable":true,"href":"http:\/\/www.rsc.org.tr\/indextr\/index.php\/wp-json\/wp\/v2\/comments?post=503"}],"version-history":[{"count":4,"href":"http:\/\/www.rsc.org.tr\/indextr\/index.php\/wp-json\/wp\/v2\/pages\/503\/revisions"}],"predecessor-version":[{"id":688,"href":"http:\/\/www.rsc.org.tr\/indextr\/index.php\/wp-json\/wp\/v2\/pages\/503\/revisions\/688"}],"wp:attachment":[{"href":"http:\/\/www.rsc.org.tr\/indextr\/index.php\/wp-json\/wp\/v2\/media?parent=503"}],"curies":[{"name":"wp","href":"https:\/\/api.w.org\/{rel}","templated":true}]}}