{"id":498,"date":"2014-06-26T11:45:21","date_gmt":"2014-06-26T08:45:21","guid":{"rendered":"http:\/\/www.rsc.org.tr\/indextr\/?page_id=498"},"modified":"2014-07-02T15:59:53","modified_gmt":"2014-07-02T12:59:53","slug":"lineer-makina","status":"publish","type":"page","link":"http:\/\/www.rsc.org.tr\/indextr\/index.php\/lineer-makina\/","title":{"rendered":"L\u0130NEER MAK\u0130NA"},"content":{"rendered":"<p><span style=\"color:#ffffff;\">&nbsp;<span><\/p>\n<p><a href=\"http:\/\/www.rsc.org.tr\/indextr\/wp-content\/uploads\/lineer1.png\"><img loading=\"lazy\" decoding=\"async\" class=\"aligncenter size-full wp-image-501\" src=\"http:\/\/www.rsc.org.tr\/indextr\/wp-content\/uploads\/lineer1.png\" alt=\"lineer\" width=\"300\" height=\"300\" srcset=\"http:\/\/www.rsc.org.tr\/indextr\/wp-content\/uploads\/lineer1.png 300w, http:\/\/www.rsc.org.tr\/indextr\/wp-content\/uploads\/lineer1-150x150.png 150w\" sizes=\"auto, (max-width: 300px) 100vw, 300px\" \/><\/a><\/p>\n<p style=\"text-align: justify;\">Lineer Makina, makine ve makine par\u00e7alar\u0131 \u00fcreten bir Eski\u015fehir firmas\u0131d\u0131r. Eski\u015fehir Rayl\u0131 Sistemler K\u00fcmelenmesi&#8217;ne \u00fcye olarak faaliyetlerini s\u00fcrd\u00fcrmektedir.<\/p>\n<p><span style=\"color:#ffffff;\">&nbsp;<span><\/p>\n<p><strong>Daha fazla bilgi i\u00e7in <a href=\"http:\/\/www.lineermakine.com.tr\">www.lineermakine.com.tr<\/a><\/strong><\/p>\n","protected":false},"excerpt":{"rendered":"<p>&nbsp; Lineer Makina, makine ve makine par\u00e7alar\u0131 \u00fcreten bir Eski\u015fehir firmas\u0131d\u0131r. Eski\u015fehir Rayl\u0131 Sistemler K\u00fcmelenmesi&#8217;ne \u00fcye olarak faaliyetlerini s\u00fcrd\u00fcrmektedir. &nbsp; Daha fazla bilgi i\u00e7in www.lineermakine.com.tr<\/p>\n","protected":false},"author":1,"featured_media":0,"parent":0,"menu_order":0,"comment_status":"closed","ping_status":"closed","template":"page-full-width.php","meta":{"footnotes":""},"class_list":["post-498","page","type-page","status-publish","hentry"],"_links":{"self":[{"href":"http:\/\/www.rsc.org.tr\/indextr\/index.php\/wp-json\/wp\/v2\/pages\/498","targetHints":{"allow":["GET"]}}],"collection":[{"href":"http:\/\/www.rsc.org.tr\/indextr\/index.php\/wp-json\/wp\/v2\/pages"}],"about":[{"href":"http:\/\/www.rsc.org.tr\/indextr\/index.php\/wp-json\/wp\/v2\/types\/page"}],"author":[{"embeddable":true,"href":"http:\/\/www.rsc.org.tr\/indextr\/index.php\/wp-json\/wp\/v2\/users\/1"}],"replies":[{"embeddable":true,"href":"http:\/\/www.rsc.org.tr\/indextr\/index.php\/wp-json\/wp\/v2\/comments?post=498"}],"version-history":[{"count":3,"href":"http:\/\/www.rsc.org.tr\/indextr\/index.php\/wp-json\/wp\/v2\/pages\/498\/revisions"}],"predecessor-version":[{"id":685,"href":"http:\/\/www.rsc.org.tr\/indextr\/index.php\/wp-json\/wp\/v2\/pages\/498\/revisions\/685"}],"wp:attachment":[{"href":"http:\/\/www.rsc.org.tr\/indextr\/index.php\/wp-json\/wp\/v2\/media?parent=498"}],"curies":[{"name":"wp","href":"https:\/\/api.w.org\/{rel}","templated":true}]}}