{"id":496,"date":"2014-06-26T11:43:45","date_gmt":"2014-06-26T08:43:45","guid":{"rendered":"http:\/\/www.rsc.org.tr\/indextr\/?page_id=496"},"modified":"2014-07-01T13:20:10","modified_gmt":"2014-07-01T10:20:10","slug":"kemsan-kaynak-elektronik-mak-san-tic-ltd-sti","status":"publish","type":"page","link":"http:\/\/www.rsc.org.tr\/indextr\/index.php\/kemsan-kaynak-elektronik-mak-san-tic-ltd-sti\/","title":{"rendered":"KEMSAN &#8211; KAYNAK ELEKTRON\u0130K MAK. SAN. T\u0130C. LTD. \u015eT\u0130."},"content":{"rendered":"<p><img loading=\"lazy\" decoding=\"async\" class=\"size-full wp-image-99 aligncenter\" src=\"http:\/\/biltay.net\/rsc\/wp-content\/uploads\/2014\/06\/kaynak-mak.png\" alt=\"Adil CEYHAN\" width=\"300\" height=\"300\" \/><\/p>\n<p class=\"urunyazi\" style=\"text-align: justify;\">1989 y\u0131l\u0131nda kaliteli enerjiye olan ihtiya\u00e7lar do\u011frultusunda, Kemsan marka Kesintisiz G\u00fc\u00e7 Kayna\u011f\u0131 tasar\u0131m, \u00fcretim, pazarlama ve teknik servis faaliyetlerini y\u00fcr\u00fctmek \u00fczere kurulmu\u015f bir G\u00fc\u00e7 Elektroni\u011fi firmas\u0131d\u0131r.<\/p>\n<p class=\"urunyazi\" style=\"text-align: justify;\">\u0130lerleyen y\u0131llarda Kemsan, Kesintisiz G\u00fc\u00e7 Kayna\u011f\u0131 yan\u0131nda Frekans Konverterleri, \u0130nverterler, Redres\u00f6rler, Statik Anahtarlar ve \u00d6zel Tasar\u0131m G\u00fc\u00e7 Elektroni\u011fi Cihazlar\u0131 \u00fcretmeye ba\u015flam\u0131\u015ft\u0131r.<\/p>\n<p class=\"urunyazi\"><strong>Daha fazla bilgi i\u00e7in <a href=\"http:\/\/www.kemsan.com.tr\">www.kemsan.com.tr<\/a><\/strong><\/p>\n","protected":false},"excerpt":{"rendered":"<p>1989 y\u0131l\u0131nda kaliteli enerjiye olan ihtiya\u00e7lar do\u011frultusunda, Kemsan marka Kesintisiz G\u00fc\u00e7 Kayna\u011f\u0131 tasar\u0131m, \u00fcretim, pazarlama ve teknik servis faaliyetlerini y\u00fcr\u00fctmek \u00fczere kurulmu\u015f bir G\u00fc\u00e7 Elektroni\u011fi firmas\u0131d\u0131r. \u0130lerleyen y\u0131llarda Kemsan, Kesintisiz G\u00fc\u00e7 Kayna\u011f\u0131 yan\u0131nda Frekans Konverterleri, \u0130nverterler, Redres\u00f6rler, Statik Anahtarlar ve \u00d6zel Tasar\u0131m G\u00fc\u00e7 Elektroni\u011fi Cihazlar\u0131 \u00fcretmeye ba\u015flam\u0131\u015ft\u0131r. Daha fazla bilgi i\u00e7in www.kemsan.com.tr<\/p>\n","protected":false},"author":1,"featured_media":0,"parent":0,"menu_order":0,"comment_status":"closed","ping_status":"closed","template":"page-full-width.php","meta":{"footnotes":""},"class_list":["post-496","page","type-page","status-publish","hentry"],"_links":{"self":[{"href":"http:\/\/www.rsc.org.tr\/indextr\/index.php\/wp-json\/wp\/v2\/pages\/496","targetHints":{"allow":["GET"]}}],"collection":[{"href":"http:\/\/www.rsc.org.tr\/indextr\/index.php\/wp-json\/wp\/v2\/pages"}],"about":[{"href":"http:\/\/www.rsc.org.tr\/indextr\/index.php\/wp-json\/wp\/v2\/types\/page"}],"author":[{"embeddable":true,"href":"http:\/\/www.rsc.org.tr\/indextr\/index.php\/wp-json\/wp\/v2\/users\/1"}],"replies":[{"embeddable":true,"href":"http:\/\/www.rsc.org.tr\/indextr\/index.php\/wp-json\/wp\/v2\/comments?post=496"}],"version-history":[{"count":3,"href":"http:\/\/www.rsc.org.tr\/indextr\/index.php\/wp-json\/wp\/v2\/pages\/496\/revisions"}],"predecessor-version":[{"id":886,"href":"http:\/\/www.rsc.org.tr\/indextr\/index.php\/wp-json\/wp\/v2\/pages\/496\/revisions\/886"}],"wp:attachment":[{"href":"http:\/\/www.rsc.org.tr\/indextr\/index.php\/wp-json\/wp\/v2\/media?parent=496"}],"curies":[{"name":"wp","href":"https:\/\/api.w.org\/{rel}","templated":true}]}}