{"id":494,"date":"2014-06-26T11:42:43","date_gmt":"2014-06-26T08:42:43","guid":{"rendered":"http:\/\/www.rsc.org.tr\/indextr\/?page_id=494"},"modified":"2014-07-02T15:59:05","modified_gmt":"2014-07-02T12:59:05","slug":"jms-mak-san-tic-a-s","status":"publish","type":"page","link":"http:\/\/www.rsc.org.tr\/indextr\/index.php\/jms-mak-san-tic-a-s\/","title":{"rendered":"JMS MAK. SAN. T\u0130C. A.\u015e."},"content":{"rendered":"<p><span style=\"color:#ffffff;\">&nbsp;<span><\/p>\n<p><img loading=\"lazy\" decoding=\"async\" class=\"aligncenter size-full wp-image-250\" src=\"http:\/\/biltay.net\/rsc\/wp-content\/uploads\/2014\/06\/jms.jpg\" alt=\"jms\" width=\"799\" height=\"275\" \/><\/p>\n<p>1978 y\u0131l\u0131nda JAMAK ad\u0131yla Eski\u015fehir Organize Sanayi b\u00f6lgesinde jant ve makinalar\u0131 imalat\u0131 yapmak \u00fczere kurulan JMS Makina Sanayi ve Ticaret A.\u015e, 2003\u2019ten bu yana faaliyetlerine 10.000 m2 kapal\u0131, toplam 28.000 m2 alan \u00fczerinde kurulu fabrika sahas\u0131nda devam etmektedir.<\/p>\n<p>D\u00fcnya \u00fczerinde s\u0131vama (Flow Forming) teknolojisiyle 25\u201d i\u015f makinas\u0131 jantlar\u0131 \u00fcreten ilk ve tek firma JMS\u2019dir.<\/p>\n<p>S\u0131vama teknoloji ile 30 y\u0131l\u0131 a\u015fk\u0131n s\u00fcredir \u00fcretilen \u00fcr\u00fcnler, JMS ve JAMAK markalar\u0131 ile d\u00fcnya pazar\u0131na sunulmaktad\u0131r.<\/p>\n<p><span style=\"color:#ffffff;\">&nbsp;<span><\/p>\n<p><strong>Daha fazla bilgi i\u00e7in <a href=\"http:\/\/www.jamak.com.tr\">www.jamak.com.tr<\/a><\/strong><\/p>\n","protected":false},"excerpt":{"rendered":"<p>&nbsp; 1978 y\u0131l\u0131nda JAMAK ad\u0131yla Eski\u015fehir Organize Sanayi b\u00f6lgesinde jant ve makinalar\u0131 imalat\u0131 yapmak \u00fczere kurulan JMS Makina Sanayi ve Ticaret A.\u015e, 2003\u2019ten bu yana faaliyetlerine 10.000 m2 kapal\u0131, toplam 28.000 m2 alan \u00fczerinde kurulu fabrika sahas\u0131nda devam etmektedir. D\u00fcnya \u00fczerinde s\u0131vama (Flow Forming) teknolojisiyle 25\u201d i\u015f makinas\u0131 jantlar\u0131 \u00fcreten ilk ve tek firma JMS\u2019dir. [&hellip;]<\/p>\n","protected":false},"author":1,"featured_media":0,"parent":0,"menu_order":0,"comment_status":"closed","ping_status":"closed","template":"page-full-width.php","meta":{"footnotes":""},"class_list":["post-494","page","type-page","status-publish","hentry"],"_links":{"self":[{"href":"http:\/\/www.rsc.org.tr\/indextr\/index.php\/wp-json\/wp\/v2\/pages\/494","targetHints":{"allow":["GET"]}}],"collection":[{"href":"http:\/\/www.rsc.org.tr\/indextr\/index.php\/wp-json\/wp\/v2\/pages"}],"about":[{"href":"http:\/\/www.rsc.org.tr\/indextr\/index.php\/wp-json\/wp\/v2\/types\/page"}],"author":[{"embeddable":true,"href":"http:\/\/www.rsc.org.tr\/indextr\/index.php\/wp-json\/wp\/v2\/users\/1"}],"replies":[{"embeddable":true,"href":"http:\/\/www.rsc.org.tr\/indextr\/index.php\/wp-json\/wp\/v2\/comments?post=494"}],"version-history":[{"count":4,"href":"http:\/\/www.rsc.org.tr\/indextr\/index.php\/wp-json\/wp\/v2\/pages\/494\/revisions"}],"predecessor-version":[{"id":682,"href":"http:\/\/www.rsc.org.tr\/indextr\/index.php\/wp-json\/wp\/v2\/pages\/494\/revisions\/682"}],"wp:attachment":[{"href":"http:\/\/www.rsc.org.tr\/indextr\/index.php\/wp-json\/wp\/v2\/media?parent=494"}],"curies":[{"name":"wp","href":"https:\/\/api.w.org\/{rel}","templated":true}]}}