{"id":492,"date":"2014-06-26T11:40:56","date_gmt":"2014-06-26T08:40:56","guid":{"rendered":"http:\/\/www.rsc.org.tr\/indextr\/?page_id=492"},"modified":"2015-11-25T10:55:27","modified_gmt":"2015-11-25T08:55:27","slug":"hisarlar-mak-san-tic-a-s","status":"publish","type":"page","link":"http:\/\/www.rsc.org.tr\/indextr\/index.php\/hisarlar-mak-san-tic-a-s\/","title":{"rendered":"H\u0130SARLAR MAK. SAN. T\u0130C. A.\u015e."},"content":{"rendered":"<p><span style=\"color: #ffffff;\">\u00a0<\/span><\/p>\n<p>&nbsp;<\/p>\n<p><span style=\"color: #ffffff;\">\u00a0<a href=\"http:\/\/www.rsc.org.tr\/indextr\/wp-content\/uploads\/RAYDER-Hisarlar-Tan\u0131t\u0131m-Fotosu.jpg\"><img loading=\"lazy\" decoding=\"async\" class=\"aligncenter  wp-image-1062\" src=\"http:\/\/www.rsc.org.tr\/indextr\/wp-content\/uploads\/RAYDER-Hisarlar-Tan\u0131t\u0131m-Fotosu.jpg\" alt=\"RAYDER Hisarlar Tan\u0131t\u0131m Fotosu\" width=\"557\" height=\"337\" srcset=\"http:\/\/www.rsc.org.tr\/indextr\/wp-content\/uploads\/RAYDER-Hisarlar-Tan\u0131t\u0131m-Fotosu.jpg 965w, http:\/\/www.rsc.org.tr\/indextr\/wp-content\/uploads\/RAYDER-Hisarlar-Tan\u0131t\u0131m-Fotosu-300x181.jpg 300w, http:\/\/www.rsc.org.tr\/indextr\/wp-content\/uploads\/RAYDER-Hisarlar-Tan\u0131t\u0131m-Fotosu-600x363.jpg 600w\" sizes=\"auto, (max-width: 557px) 100vw, 557px\" \/><\/a><a href=\"http:\/\/www.rsc.org.tr\/indextr\/wp-content\/uploads\/HISARLAR.jpg\"><br \/>\n<\/a><a href=\"http:\/\/www.rsc.org.tr\/indextr\/wp-content\/uploads\/RAYDER-Hisarlar-Tan\u0131t\u0131m-Fotosu.jpg\"><br \/>\n<\/a><a href=\"http:\/\/www.rsc.org.tr\/indextr\/wp-content\/uploads\/HISARLAR.jpg\"><br \/>\n<\/a><\/span><\/p>\n<p>Hisarlar A.\u015e. 1974 y\u0131l\u0131nda kurulmu\u015ftur. Bug\u00fcn T\u00fcrkiye&#8217;nin en b\u00fcy\u00fck Trakt\u00f6r ve \u0130\u015f Makineleri kabini \u00fcretimi yapan firma, \u00fcretimde y\u00fcksek teknoloji ve makine ekipman park\u0131 ile Eski\u015fehir ve K\u00fctahya\/Tav\u015fanl\u0131 b\u00f6lgesinde 3 farkl\u0131 \u00fcretim tesisine sahiptir. 60.000 m2 kapal\u0131 alan\u0131 ile yakla\u015f\u0131k bin ki\u015fiye istihdam sa\u011flamaktad\u0131r. Sekt\u00f6r\u00fcnde Turquality&#8217;nin Marka Destek Program\u0131&#8217;na dahil olan ve Bakanl\u0131k onayl\u0131 Ar-ge merkezi deste\u011fi alan ilk ve tek firmad\u0131r.<\/p>\n<p>&nbsp;<\/p>\n<p>Eski\u015fehir&#8217;de IRIS sertifikas\u0131na sahip tek firmad\u0131r. Deutche Bahn Alman demiryollar\u0131 taraf\u0131ndan onayl\u0131 tedarik\u00e7i stat\u00fcs\u00fcnde Bombardier, Alstoam, Siemens, ABB firmalar\u0131 kalite ve sistem onay\u0131 alan firma ayn\u0131 zamanda T\u00fcrkiye&#8217;nin ilk ve tek 4&#215;4 Arazi ve Demiryolu hizmet arac\u0131n\u0131 \u00fcreten firmad\u0131r. %35 ihracat hacmi ile AB \u00fclkeleri ba\u015fta olmak \u00fczere 25 milyon avro ihracat yapmaktad\u0131r.<\/p>\n<p><strong>Daha fazla bilgi i\u00e7in <a href=\"http:\/\/www.hisarlar.com.tr\">www.hisarlar.com.tr<\/a><\/strong><\/p>\n","protected":false},"excerpt":{"rendered":"<p>\u00a0 &nbsp; \u00a0 Hisarlar A.\u015e. 1974 y\u0131l\u0131nda kurulmu\u015ftur. Bug\u00fcn T\u00fcrkiye&#8217;nin en b\u00fcy\u00fck Trakt\u00f6r ve \u0130\u015f Makineleri kabini \u00fcretimi yapan firma, \u00fcretimde y\u00fcksek teknoloji ve makine ekipman park\u0131 ile Eski\u015fehir ve K\u00fctahya\/Tav\u015fanl\u0131 b\u00f6lgesinde 3 farkl\u0131 \u00fcretim tesisine sahiptir. 60.000 m2 kapal\u0131 alan\u0131 ile yakla\u015f\u0131k bin ki\u015fiye istihdam sa\u011flamaktad\u0131r. Sekt\u00f6r\u00fcnde Turquality&#8217;nin Marka Destek Program\u0131&#8217;na dahil olan ve [&hellip;]<\/p>\n","protected":false},"author":1,"featured_media":0,"parent":0,"menu_order":0,"comment_status":"closed","ping_status":"closed","template":"page-full-width.php","meta":{"footnotes":""},"class_list":["post-492","page","type-page","status-publish","hentry"],"_links":{"self":[{"href":"http:\/\/www.rsc.org.tr\/indextr\/index.php\/wp-json\/wp\/v2\/pages\/492","targetHints":{"allow":["GET"]}}],"collection":[{"href":"http:\/\/www.rsc.org.tr\/indextr\/index.php\/wp-json\/wp\/v2\/pages"}],"about":[{"href":"http:\/\/www.rsc.org.tr\/indextr\/index.php\/wp-json\/wp\/v2\/types\/page"}],"author":[{"embeddable":true,"href":"http:\/\/www.rsc.org.tr\/indextr\/index.php\/wp-json\/wp\/v2\/users\/1"}],"replies":[{"embeddable":true,"href":"http:\/\/www.rsc.org.tr\/indextr\/index.php\/wp-json\/wp\/v2\/comments?post=492"}],"version-history":[{"count":7,"href":"http:\/\/www.rsc.org.tr\/indextr\/index.php\/wp-json\/wp\/v2\/pages\/492\/revisions"}],"predecessor-version":[{"id":1065,"href":"http:\/\/www.rsc.org.tr\/indextr\/index.php\/wp-json\/wp\/v2\/pages\/492\/revisions\/1065"}],"wp:attachment":[{"href":"http:\/\/www.rsc.org.tr\/indextr\/index.php\/wp-json\/wp\/v2\/media?parent=492"}],"curies":[{"name":"wp","href":"https:\/\/api.w.org\/{rel}","templated":true}]}}