{"id":490,"date":"2014-06-26T11:39:54","date_gmt":"2014-06-26T08:39:54","guid":{"rendered":"http:\/\/www.rsc.org.tr\/indextr\/?page_id=490"},"modified":"2014-07-02T15:57:10","modified_gmt":"2014-07-02T12:57:10","slug":"gate-elektronik","status":"publish","type":"page","link":"http:\/\/www.rsc.org.tr\/indextr\/index.php\/gate-elektronik\/","title":{"rendered":"GATE ELEKTRON\u0130K"},"content":{"rendered":"<p><img loading=\"lazy\" decoding=\"async\" class=\"aligncenter size-full wp-image-299\" src=\"http:\/\/biltay.net\/rsc\/wp-content\/uploads\/2014\/06\/gate_bina.jpg\" alt=\"gate_bina\" width=\"636\" height=\"288\" \/><\/p>\n<p><span style=\"color:#ffffff;\">&nbsp;<span><\/p>\n<p style=\"text-align: justify;\">1989 y\u0131l\u0131nda, \u00a0sivil ve askeri elektronik sistemler i\u00e7in ar\u0131za tespit, ar\u0131za giderme, depo seviyesi bak\u0131m onar\u0131m hizmeti vermek amac\u0131yla kurulan GATE Elektronik, \u00a0bug\u00fcn itibariyle elektronik ve bili\u015fim sekt\u00f6r\u00fcnde Ar-Ge, sistem tasar\u0131m\u0131, entegrasyon, \u00fcretim, g\u00f6m\u00fcl\u00fc yaz\u0131l\u0131m, uygulama yaz\u0131l\u0131m\u0131\u00a0 geli\u015ftirme faaliyetleri y\u00fcr\u00fctmektedir.<br \/>\n24 y\u0131ll\u0131k i\u015f deneyimi ile GATE Elektronik, Savunma Sanayi ba\u015fta olmak \u00fczere kamu sekt\u00f6r\u00fc ve \u00f6zel sekt\u00f6rde a\u015fa\u011f\u0131daki alanlarda faaliyet g\u00f6stermektedir:<\/p>\n<ul style=\"text-align: justify;\">\n<li>Elektronik \u00dcretim<\/li>\n<li>Elektronik Test ve \u00d6l\u00e7\u00fcm Sistemleri Tasar\u0131m\u0131 ve \u00dcretimi<\/li>\n<li>Teknik Servis<\/li>\n<li>Sistem Entegrasyonu ve Bak\u0131m M\u00fchendisli\u011fi<\/li>\n<li>Sim\u00fclasyon Sistemleri<\/li>\n<li>Test Program Seti (TPS) Geli\u015ftirme<\/li>\n<li>Elektronik Muharebe ve Koruma Sistemleri Tasar\u0131m\u0131 ve \u00dcretimi<\/li>\n<li>Elektronik Muhabere ve Bilgi Sistemleri Tasar\u0131m\u0131 ve \u00dcretimi<\/li>\n<li>\u0130leti\u015fim Sistemleri Tasar\u0131m\u0131 ve \u00dcretimi<\/li>\n<li>\u0130nsans\u0131z Deniz ve Kara Ara\u00e7lar\u0131 Tasar\u0131m\u0131 ve \u00dcretimi<\/li>\n<li>E\u011fitim Hizmetleri<\/li>\n<\/ul>\n<p style=\"text-align: justify;\"><strong>Daha fazla bilgi i\u00e7in <a href=\"http:\/\/www.gateelektronik.com.tr\">www.gateelektronik.com.tr<\/a><\/strong><\/p>\n","protected":false},"excerpt":{"rendered":"<p>&nbsp; 1989 y\u0131l\u0131nda, \u00a0sivil ve askeri elektronik sistemler i\u00e7in ar\u0131za tespit, ar\u0131za giderme, depo seviyesi bak\u0131m onar\u0131m hizmeti vermek amac\u0131yla kurulan GATE Elektronik, \u00a0bug\u00fcn itibariyle elektronik ve bili\u015fim sekt\u00f6r\u00fcnde Ar-Ge, sistem tasar\u0131m\u0131, entegrasyon, \u00fcretim, g\u00f6m\u00fcl\u00fc yaz\u0131l\u0131m, uygulama yaz\u0131l\u0131m\u0131\u00a0 geli\u015ftirme faaliyetleri y\u00fcr\u00fctmektedir. 24 y\u0131ll\u0131k i\u015f deneyimi ile GATE Elektronik, Savunma Sanayi ba\u015fta olmak \u00fczere kamu sekt\u00f6r\u00fc [&hellip;]<\/p>\n","protected":false},"author":1,"featured_media":0,"parent":0,"menu_order":0,"comment_status":"closed","ping_status":"closed","template":"page-full-width.php","meta":{"footnotes":""},"class_list":["post-490","page","type-page","status-publish","hentry"],"_links":{"self":[{"href":"http:\/\/www.rsc.org.tr\/indextr\/index.php\/wp-json\/wp\/v2\/pages\/490","targetHints":{"allow":["GET"]}}],"collection":[{"href":"http:\/\/www.rsc.org.tr\/indextr\/index.php\/wp-json\/wp\/v2\/pages"}],"about":[{"href":"http:\/\/www.rsc.org.tr\/indextr\/index.php\/wp-json\/wp\/v2\/types\/page"}],"author":[{"embeddable":true,"href":"http:\/\/www.rsc.org.tr\/indextr\/index.php\/wp-json\/wp\/v2\/users\/1"}],"replies":[{"embeddable":true,"href":"http:\/\/www.rsc.org.tr\/indextr\/index.php\/wp-json\/wp\/v2\/comments?post=490"}],"version-history":[{"count":3,"href":"http:\/\/www.rsc.org.tr\/indextr\/index.php\/wp-json\/wp\/v2\/pages\/490\/revisions"}],"predecessor-version":[{"id":675,"href":"http:\/\/www.rsc.org.tr\/indextr\/index.php\/wp-json\/wp\/v2\/pages\/490\/revisions\/675"}],"wp:attachment":[{"href":"http:\/\/www.rsc.org.tr\/indextr\/index.php\/wp-json\/wp\/v2\/media?parent=490"}],"curies":[{"name":"wp","href":"https:\/\/api.w.org\/{rel}","templated":true}]}}