{"id":487,"date":"2014-06-26T11:31:05","date_gmt":"2014-06-26T08:31:05","guid":{"rendered":"http:\/\/www.rsc.org.tr\/indextr\/?page_id=487"},"modified":"2014-07-02T15:56:16","modified_gmt":"2014-07-02T12:56:16","slug":"eymak-uluslararasi-ins-san-tic-aras-ltd-sti","status":"publish","type":"page","link":"http:\/\/www.rsc.org.tr\/indextr\/index.php\/eymak-uluslararasi-ins-san-tic-aras-ltd-sti\/","title":{"rendered":"EYMAK ULUSLARARASI \u0130N\u015e. SAN. T\u0130C. ARA\u015e. LTD. \u015eT\u0130."},"content":{"rendered":"<p><span style=\"color:#ffffff;\">&nbsp;<span><\/p>\n<p style=\"text-align: justify;\">Eymak, T\u00fcrkiye ve Orta Do\u011fu b\u00f6lgesinde URB, MGM ve ART URB olu\u015fan URB Grup \u015eirketleri\u2019nin \u00fcretim yelpazesi tek yetkili sat\u0131\u015f ve pazarlama \u015firketidir. URB \u015eirketler Grubu Romanya\u2019da URB ve KRS markalar\u0131 ile \u00fcretim yapan S.C. Rulmenti, Macaristan\u2019da MGM \u00a0ve T\u00fcrkiye&#8217;de ART markas\u0131 ile \u00fcretim yapan Anadolu Rulman adl\u0131 \u00fc\u00e7 fabrikadan olu\u015fmaktad\u0131r.<\/p>\n<p style=\"text-align: justify;\">1996 y\u0131l\u0131nda kurulan Eymak, URB, KRS ve MGM markalar\u0131yla rulman \u00fcretimindeki 50 y\u0131ll\u0131k bilgi ve tecr\u00fcbesiyle gerek rulman sekt\u00f6r\u00fcne, gerekse OEM\u2019lerdeki \u00e7al\u0131\u015fmalar\u0131 ile g\u00fcnden g\u00fcne geli\u015fmektedir. T\u00fcrkiye\u2019deki aktif ve etkin sat\u0131\u015f ve pazarlama a\u011f\u0131na ek olarak, Iran, Suriye, Irak ve L\u00fcbnan\u2019daki bayileri arac\u0131l\u0131\u011f\u0131yla t\u00fcm Ortado\u011fu \u00fclkelerinde faaliyet g\u00f6stermektedir.<\/p>\n<p><span style=\"color:#ffffff;\">&nbsp;<span><\/p>\n<p><span style=\"color:#ffffff;\">&nbsp;<span><\/p>\n<p><strong>Daha fazla bilgi i\u00e7in <a href=\"http:\/\/www.eymak.com.tr\">www.eymak.com.tr<\/a><\/strong><\/p>\n","protected":false},"excerpt":{"rendered":"<p>&nbsp; Eymak, T\u00fcrkiye ve Orta Do\u011fu b\u00f6lgesinde URB, MGM ve ART URB olu\u015fan URB Grup \u015eirketleri\u2019nin \u00fcretim yelpazesi tek yetkili sat\u0131\u015f ve pazarlama \u015firketidir. URB \u015eirketler Grubu Romanya\u2019da URB ve KRS markalar\u0131 ile \u00fcretim yapan S.C. Rulmenti, Macaristan\u2019da MGM \u00a0ve T\u00fcrkiye&#8217;de ART markas\u0131 ile \u00fcretim yapan Anadolu Rulman adl\u0131 \u00fc\u00e7 fabrikadan olu\u015fmaktad\u0131r. 1996 y\u0131l\u0131nda kurulan [&hellip;]<\/p>\n","protected":false},"author":1,"featured_media":0,"parent":0,"menu_order":0,"comment_status":"closed","ping_status":"closed","template":"page-full-width.php","meta":{"footnotes":""},"class_list":["post-487","page","type-page","status-publish","hentry"],"_links":{"self":[{"href":"http:\/\/www.rsc.org.tr\/indextr\/index.php\/wp-json\/wp\/v2\/pages\/487","targetHints":{"allow":["GET"]}}],"collection":[{"href":"http:\/\/www.rsc.org.tr\/indextr\/index.php\/wp-json\/wp\/v2\/pages"}],"about":[{"href":"http:\/\/www.rsc.org.tr\/indextr\/index.php\/wp-json\/wp\/v2\/types\/page"}],"author":[{"embeddable":true,"href":"http:\/\/www.rsc.org.tr\/indextr\/index.php\/wp-json\/wp\/v2\/users\/1"}],"replies":[{"embeddable":true,"href":"http:\/\/www.rsc.org.tr\/indextr\/index.php\/wp-json\/wp\/v2\/comments?post=487"}],"version-history":[{"count":3,"href":"http:\/\/www.rsc.org.tr\/indextr\/index.php\/wp-json\/wp\/v2\/pages\/487\/revisions"}],"predecessor-version":[{"id":673,"href":"http:\/\/www.rsc.org.tr\/indextr\/index.php\/wp-json\/wp\/v2\/pages\/487\/revisions\/673"}],"wp:attachment":[{"href":"http:\/\/www.rsc.org.tr\/indextr\/index.php\/wp-json\/wp\/v2\/media?parent=487"}],"curies":[{"name":"wp","href":"https:\/\/api.w.org\/{rel}","templated":true}]}}