{"id":485,"date":"2014-06-26T11:30:16","date_gmt":"2014-06-26T08:30:16","guid":{"rendered":"http:\/\/www.rsc.org.tr\/indextr\/?page_id=485"},"modified":"2014-07-02T15:56:01","modified_gmt":"2014-07-02T12:56:01","slug":"estram-eskisehir-hafif-rayli-sistemler-isletmesi","status":"publish","type":"page","link":"http:\/\/www.rsc.org.tr\/indextr\/index.php\/estram-eskisehir-hafif-rayli-sistemler-isletmesi\/","title":{"rendered":"ESTRAM-ESK\u0130\u015eEH\u0130R HAF\u0130F RAYLI S\u0130STEMLER \u0130\u015eLETMES\u0130"},"content":{"rendered":"<p><span style=\"color:#ffffff;\">&nbsp;<span><\/p>\n<p><img loading=\"lazy\" decoding=\"async\" class=\"size-full wp-image-95 aligncenter\" src=\"http:\/\/biltay.net\/rsc\/wp-content\/uploads\/2014\/06\/estram.png\" alt=\"Ersin MERT\" width=\"300\" height=\"300\" \/><\/p>\n<p style=\"text-align: justify;\">ESTRAM &#8211; Eski\u015fehir Hafif Rayl\u0131 Sistemler \u0130\u015fletmesi 24 Aral\u0131k 2004 tarihinde i\u015fletmeye a\u00e7\u0131lm\u0131\u015ft\u0131r. Eski\u015fehir i\u00e7inde \u015fehri \u00e7aprazlamas\u0131na dola\u015fan tramvay hatt\u0131n\u0131n i\u015fletmesini yapan ESTRAM mevcut lastik tekerlekli toplu ta\u015f\u0131ma sistemlerinin entegrasyonunu sa\u011flam\u0131\u015ft\u0131r.<\/p>\n<p><strong>Daha fazla bilgi i\u00e7in <a href=\"http:\/\/www.estram.com.tr\">www.estram.com.tr<\/a><\/strong><\/p>\n","protected":false},"excerpt":{"rendered":"<p>&nbsp; ESTRAM &#8211; Eski\u015fehir Hafif Rayl\u0131 Sistemler \u0130\u015fletmesi 24 Aral\u0131k 2004 tarihinde i\u015fletmeye a\u00e7\u0131lm\u0131\u015ft\u0131r. Eski\u015fehir i\u00e7inde \u015fehri \u00e7aprazlamas\u0131na dola\u015fan tramvay hatt\u0131n\u0131n i\u015fletmesini yapan ESTRAM mevcut lastik tekerlekli toplu ta\u015f\u0131ma sistemlerinin entegrasyonunu sa\u011flam\u0131\u015ft\u0131r. Daha fazla bilgi i\u00e7in www.estram.com.tr<\/p>\n","protected":false},"author":1,"featured_media":0,"parent":0,"menu_order":0,"comment_status":"closed","ping_status":"closed","template":"page-full-width.php","meta":{"footnotes":""},"class_list":["post-485","page","type-page","status-publish","hentry"],"_links":{"self":[{"href":"http:\/\/www.rsc.org.tr\/indextr\/index.php\/wp-json\/wp\/v2\/pages\/485","targetHints":{"allow":["GET"]}}],"collection":[{"href":"http:\/\/www.rsc.org.tr\/indextr\/index.php\/wp-json\/wp\/v2\/pages"}],"about":[{"href":"http:\/\/www.rsc.org.tr\/indextr\/index.php\/wp-json\/wp\/v2\/types\/page"}],"author":[{"embeddable":true,"href":"http:\/\/www.rsc.org.tr\/indextr\/index.php\/wp-json\/wp\/v2\/users\/1"}],"replies":[{"embeddable":true,"href":"http:\/\/www.rsc.org.tr\/indextr\/index.php\/wp-json\/wp\/v2\/comments?post=485"}],"version-history":[{"count":3,"href":"http:\/\/www.rsc.org.tr\/indextr\/index.php\/wp-json\/wp\/v2\/pages\/485\/revisions"}],"predecessor-version":[{"id":672,"href":"http:\/\/www.rsc.org.tr\/indextr\/index.php\/wp-json\/wp\/v2\/pages\/485\/revisions\/672"}],"wp:attachment":[{"href":"http:\/\/www.rsc.org.tr\/indextr\/index.php\/wp-json\/wp\/v2\/media?parent=485"}],"curies":[{"name":"wp","href":"https:\/\/api.w.org\/{rel}","templated":true}]}}