{"id":483,"date":"2014-06-26T11:29:30","date_gmt":"2014-06-26T08:29:30","guid":{"rendered":"http:\/\/www.rsc.org.tr\/indextr\/?page_id=483"},"modified":"2022-11-26T10:56:50","modified_gmt":"2022-11-26T07:56:50","slug":"esray-makina-oto-ins-san-tic-a-s","status":"publish","type":"page","link":"http:\/\/www.rsc.org.tr\/indextr\/index.php\/esray-makina-oto-ins-san-tic-a-s\/","title":{"rendered":"ESRAY MAK\u0130NA OTO. \u0130N\u015e. SAN. T\u0130C. A.\u015e."},"content":{"rendered":"<p style=\"text-align: justify;\"><img loading=\"lazy\" decoding=\"async\" class=\"aligncenter  wp-image-1137\" src=\"http:\/\/www.rsc.org.tr\/indextr\/wp-content\/uploads\/dizayn-ve-imalat-yazili-esray-logo.jpg\" alt=\"\" width=\"279\" height=\"279\" srcset=\"http:\/\/www.rsc.org.tr\/indextr\/wp-content\/uploads\/dizayn-ve-imalat-yazili-esray-logo.jpg 1182w, http:\/\/www.rsc.org.tr\/indextr\/wp-content\/uploads\/dizayn-ve-imalat-yazili-esray-logo-300x300.jpg 300w, http:\/\/www.rsc.org.tr\/indextr\/wp-content\/uploads\/dizayn-ve-imalat-yazili-esray-logo-1024x1024.jpg 1024w, http:\/\/www.rsc.org.tr\/indextr\/wp-content\/uploads\/dizayn-ve-imalat-yazili-esray-logo-150x150.jpg 150w, http:\/\/www.rsc.org.tr\/indextr\/wp-content\/uploads\/dizayn-ve-imalat-yazili-esray-logo-768x768.jpg 768w, http:\/\/www.rsc.org.tr\/indextr\/wp-content\/uploads\/dizayn-ve-imalat-yazili-esray-logo-600x600.jpg 600w, http:\/\/www.rsc.org.tr\/indextr\/wp-content\/uploads\/dizayn-ve-imalat-yazili-esray-logo-1000x1000.jpg 1000w\" sizes=\"auto, (max-width: 279px) 100vw, 279px\" \/>Demiryolu ara\u00e7 gere\u00e7leri ve \u00fcst yap\u0131 ekipmanlar\u0131 sekt\u00f6r\u00fcnde faaliyet g\u00f6steren Esray Mak. Oto. \u0130n\u015f. San. Tic. A.\u015e. vagon imalat\u0131 yapmaktad\u0131r.<\/p>\n<p><a href=\"https:\/\/youtu.be\/_sXoCEqTPmg\">Firma tan\u0131t\u0131m filmini g\u00f6rebilmek i\u00e7in l\u00fctfen buraya t\u0131klay\u0131n\u0131z!<\/a><\/p>\n<p style=\"text-align: justify;\"><strong>Vizyon<\/strong><\/p>\n<p style=\"text-align: justify;\">Demiryolu ara\u00e7 gere\u00e7leri ve \u00fcst yap\u0131 ekipmanlar\u0131 sekt\u00f6r\u00fcnde k\u00fcresel rekabete uygun, \u00a0kaliteli, m\u00fc\u015fteri odakl\u0131 \u00fcretim politikalar\u0131yla sekt\u00f6rde lider kurulu\u015f olmakt\u0131r.<\/p>\n<p style=\"text-align: justify;\"><strong><span class=\"baslik\">Misyon<\/span><\/strong><\/p>\n<p style=\"text-align: justify;\">D\u00fcnya\u2019da geli\u015fmekte olan demiryolu sekt\u00f6r\u00fc i\u00e7in y\u00fck vagonu bojisi, y\u00fck vagonu \u015fasisini ve \u00fcst yap\u0131 ekipmanlar\u0131n\u0131 en iyi \u015fekilde \u00fcretmek, en k\u0131sa zamanda teslim etmek ve m\u00fc\u015fteri memnuniyetini sa\u011flamakt\u0131r.<\/p>\n<p><span style=\"color: #ffffff;\">\u00a0<\/span><\/p>\n<p><strong>Daha fazla bilgi i\u00e7in <a href=\"http:\/\/www.esray.com.tr\/tr\/index.\">www.esray.com.tr<\/a><\/strong><\/p>\n","protected":false},"excerpt":{"rendered":"<p>Demiryolu ara\u00e7 gere\u00e7leri ve \u00fcst yap\u0131 ekipmanlar\u0131 sekt\u00f6r\u00fcnde faaliyet g\u00f6steren Esray Mak. Oto. \u0130n\u015f. San. Tic. A.\u015e. vagon imalat\u0131 yapmaktad\u0131r. Firma tan\u0131t\u0131m filmini g\u00f6rebilmek i\u00e7in l\u00fctfen buraya t\u0131klay\u0131n\u0131z! Vizyon Demiryolu ara\u00e7 gere\u00e7leri ve \u00fcst yap\u0131 ekipmanlar\u0131 sekt\u00f6r\u00fcnde k\u00fcresel rekabete uygun, \u00a0kaliteli, m\u00fc\u015fteri odakl\u0131 \u00fcretim politikalar\u0131yla sekt\u00f6rde lider kurulu\u015f olmakt\u0131r. Misyon D\u00fcnya\u2019da geli\u015fmekte olan demiryolu sekt\u00f6r\u00fc [&hellip;]<\/p>\n","protected":false},"author":1,"featured_media":0,"parent":0,"menu_order":0,"comment_status":"closed","ping_status":"closed","template":"page-full-width.php","meta":{"footnotes":""},"class_list":["post-483","page","type-page","status-publish","hentry"],"_links":{"self":[{"href":"http:\/\/www.rsc.org.tr\/indextr\/index.php\/wp-json\/wp\/v2\/pages\/483","targetHints":{"allow":["GET"]}}],"collection":[{"href":"http:\/\/www.rsc.org.tr\/indextr\/index.php\/wp-json\/wp\/v2\/pages"}],"about":[{"href":"http:\/\/www.rsc.org.tr\/indextr\/index.php\/wp-json\/wp\/v2\/types\/page"}],"author":[{"embeddable":true,"href":"http:\/\/www.rsc.org.tr\/indextr\/index.php\/wp-json\/wp\/v2\/users\/1"}],"replies":[{"embeddable":true,"href":"http:\/\/www.rsc.org.tr\/indextr\/index.php\/wp-json\/wp\/v2\/comments?post=483"}],"version-history":[{"count":9,"href":"http:\/\/www.rsc.org.tr\/indextr\/index.php\/wp-json\/wp\/v2\/pages\/483\/revisions"}],"predecessor-version":[{"id":1170,"href":"http:\/\/www.rsc.org.tr\/indextr\/index.php\/wp-json\/wp\/v2\/pages\/483\/revisions\/1170"}],"wp:attachment":[{"href":"http:\/\/www.rsc.org.tr\/indextr\/index.php\/wp-json\/wp\/v2\/media?parent=483"}],"curies":[{"name":"wp","href":"https:\/\/api.w.org\/{rel}","templated":true}]}}