{"id":481,"date":"2014-06-26T11:28:06","date_gmt":"2014-06-26T08:28:06","guid":{"rendered":"http:\/\/www.rsc.org.tr\/indextr\/?page_id=481"},"modified":"2014-07-02T15:55:09","modified_gmt":"2014-07-02T12:55:09","slug":"eskisehir-sanayi-odasi","status":"publish","type":"page","link":"http:\/\/www.rsc.org.tr\/indextr\/index.php\/eskisehir-sanayi-odasi\/","title":{"rendered":"ESK\u0130\u015eEH\u0130R SANAY\u0130 ODASI"},"content":{"rendered":"<p><img loading=\"lazy\" decoding=\"async\" class=\"aligncenter size-full wp-image-235\" src=\"http:\/\/biltay.net\/rsc\/wp-content\/uploads\/2014\/06\/eso.jpg\" alt=\"eso\" width=\"276\" height=\"183\" \/><\/p>\n<p><span style=\"color:#ffffff;\">&nbsp;<span><\/p>\n<p style=\"text-align: justify;\">Eski\u015fehir Sanayi Odas\u0131 1 Kas\u0131m 1968 tarihinde, o zamana kadar bir \u00e7at\u0131 alt\u0131nda olduklar\u0131 Eski\u015fehir Ticaret ve Sanayi Odas\u0131ndan ayr\u0131larak, il\u2019de sanayile\u015fmeye h\u0131z kazand\u0131rmak ve sanayicilerin sorunlar\u0131yla daha yak\u0131ndan ilgilenmek \u00fczere, ba\u011f\u0131ms\u0131z bir Oda olarak faaliyetlerine ba\u015flam\u0131\u015ft\u0131r.<\/p>\n<p style=\"text-align: justify;\">Eski\u015fehir Sanayi Odas\u0131 sanayile\u015fmenin \u00fclke i\u00e7in \u00f6nemini her zaman \u00f6nde tutmu\u015f ve kalk\u0131nman\u0131n tek yolu olarak g\u00f6rm\u00fc\u015ft\u00fcr. Odam\u0131z bu yolda \u00fclke kalk\u0131nmas\u0131n\u0131n ilgilendiren meselelere yasalar\u0131n kendine vermi\u015f oldu\u011fu yetki ve sorumluluklar \u00e7er\u00e7evesinde ciddiyetle e\u011filmeyi g\u00f6rev olarak benimsemi\u015f bir kurumdur. Bu anlay\u0131\u015f, Odam\u0131z\u0131 meslek kurulu\u015flar\u0131 aras\u0131nda hak etti\u011fi seviyeye ula\u015ft\u0131rm\u0131\u015ft\u0131r.<\/p>\n<p><span style=\"color:#ffffff;\">&nbsp;<span><\/p>\n<p><strong>Daha fazla bilgi i\u00e7in <a title=\"AYDING\u00d6R MAK\u0130NA SAN. T\u0130C. LTD. \u015eT\u0130.\" href=\"http:\/\/www.eso.org.tr\">www.eso.org.tr<\/a><\/strong><\/p>\n","protected":false},"excerpt":{"rendered":"<p>&nbsp; Eski\u015fehir Sanayi Odas\u0131 1 Kas\u0131m 1968 tarihinde, o zamana kadar bir \u00e7at\u0131 alt\u0131nda olduklar\u0131 Eski\u015fehir Ticaret ve Sanayi Odas\u0131ndan ayr\u0131larak, il\u2019de sanayile\u015fmeye h\u0131z kazand\u0131rmak ve sanayicilerin sorunlar\u0131yla daha yak\u0131ndan ilgilenmek \u00fczere, ba\u011f\u0131ms\u0131z bir Oda olarak faaliyetlerine ba\u015flam\u0131\u015ft\u0131r. Eski\u015fehir Sanayi Odas\u0131 sanayile\u015fmenin \u00fclke i\u00e7in \u00f6nemini her zaman \u00f6nde tutmu\u015f ve kalk\u0131nman\u0131n tek yolu olarak g\u00f6rm\u00fc\u015ft\u00fcr. [&hellip;]<\/p>\n","protected":false},"author":1,"featured_media":0,"parent":0,"menu_order":0,"comment_status":"closed","ping_status":"closed","template":"page-full-width.php","meta":{"footnotes":""},"class_list":["post-481","page","type-page","status-publish","hentry"],"_links":{"self":[{"href":"http:\/\/www.rsc.org.tr\/indextr\/index.php\/wp-json\/wp\/v2\/pages\/481","targetHints":{"allow":["GET"]}}],"collection":[{"href":"http:\/\/www.rsc.org.tr\/indextr\/index.php\/wp-json\/wp\/v2\/pages"}],"about":[{"href":"http:\/\/www.rsc.org.tr\/indextr\/index.php\/wp-json\/wp\/v2\/types\/page"}],"author":[{"embeddable":true,"href":"http:\/\/www.rsc.org.tr\/indextr\/index.php\/wp-json\/wp\/v2\/users\/1"}],"replies":[{"embeddable":true,"href":"http:\/\/www.rsc.org.tr\/indextr\/index.php\/wp-json\/wp\/v2\/comments?post=481"}],"version-history":[{"count":4,"href":"http:\/\/www.rsc.org.tr\/indextr\/index.php\/wp-json\/wp\/v2\/pages\/481\/revisions"}],"predecessor-version":[{"id":670,"href":"http:\/\/www.rsc.org.tr\/indextr\/index.php\/wp-json\/wp\/v2\/pages\/481\/revisions\/670"}],"wp:attachment":[{"href":"http:\/\/www.rsc.org.tr\/indextr\/index.php\/wp-json\/wp\/v2\/media?parent=481"}],"curies":[{"name":"wp","href":"https:\/\/api.w.org\/{rel}","templated":true}]}}