{"id":478,"date":"2014-06-26T11:26:38","date_gmt":"2014-06-26T08:26:38","guid":{"rendered":"http:\/\/www.rsc.org.tr\/indextr\/?page_id=478"},"modified":"2014-07-02T16:06:13","modified_gmt":"2014-07-02T13:06:13","slug":"tulomsas-turkiye-lokm-mot-san-a-s","status":"publish","type":"page","link":"http:\/\/www.rsc.org.tr\/indextr\/index.php\/tulomsas-turkiye-lokm-mot-san-a-s\/","title":{"rendered":"T\u00dcLOMSA\u015e &#8211; T\u00dcRK\u0130YE LOKM. MOT. SAN. A. \u015e."},"content":{"rendered":"<p><img loading=\"lazy\" decoding=\"async\" class=\"size-full wp-image-116 aligncenter\" src=\"http:\/\/biltay.net\/rsc\/wp-content\/uploads\/2014\/06\/tulomsas2.jpg\" alt=\"Hakan TUNA \" width=\"300\" height=\"300\" \/><\/p>\n<p><span style=\"color:#ffffff;\">&nbsp;<span><\/p>\n<p style=\"text-align: justify;\">T\u00dcLOMSA\u015e, Ticaret Kanununa tabi Anonim \u015eirkettir. \u00c7al\u0131\u015fmalar\u0131n\u0131 Ana S\u00f6zle\u015fmesi ile birlikte 233 Say\u0131l\u0131 KHK h\u00fck\u00fcmleri \u00e7er\u00e7evesinde s\u00fcrd\u00fcrmektedir. T.C Ula\u015ft\u0131rma Bakanl\u0131\u011f\u0131n\u0131n \u0130lgili Kurulu\u015fu , TCDD&#8217;nin Ba\u011fl\u0131 Ortakl\u0131\u011f\u0131d\u0131r.<\/p>\n<p style=\"text-align: justify;\">Ana faaliyeti TCDD\u2019nin lokomotif ve vagon ihtiyac\u0131n\u0131 kar\u015f\u0131lamak olan T\u00dcLOMSA\u015e \u00e7e\u015fitli tipte lokomotif, demiryolu bak\u0131m arac\u0131, bojili y\u00fck vagonu, \u00e7esitli tipte dizel motor, alternat\u00f6r, cer motoru, \u00e7elik ve pik d\u00f6k\u00fcm \u00fcretim kapasitesiyle T\u00fcrk A\u011f\u0131r Sanayiinin lokomotifi olarak hizmet vermektedir. Bug\u00fcne kadar yakla\u015f\u0131k 707 adet \u00e7e\u015fitli tipte lokomotif ve 7.680 adet \u00e7e\u015fitli tipte bojili y\u00fck vagonu \u00fcretimi ger\u00e7ekle\u015ftirilmi\u015ftir. Bunlar\u0131n onar\u0131mlar\u0131 ile di\u011fer demiryolu ara\u00e7 ve gere\u00e7lerinin \u00fcretim ve onar\u0131mlar\u0131 da yap\u0131lmaktad\u0131r.<\/p>\n<p><span style=\"color:#ffffff;\">&nbsp;<span><\/p>\n<p><strong>Daha fazla bilgi i\u00e7in <a href=\"http:\/\/www.tulomsas.com.tr\">www.tulomsas.com.tr<\/a><\/strong><\/p>\n","protected":false},"excerpt":{"rendered":"<p>&nbsp; T\u00dcLOMSA\u015e, Ticaret Kanununa tabi Anonim \u015eirkettir. \u00c7al\u0131\u015fmalar\u0131n\u0131 Ana S\u00f6zle\u015fmesi ile birlikte 233 Say\u0131l\u0131 KHK h\u00fck\u00fcmleri \u00e7er\u00e7evesinde s\u00fcrd\u00fcrmektedir. T.C Ula\u015ft\u0131rma Bakanl\u0131\u011f\u0131n\u0131n \u0130lgili Kurulu\u015fu , TCDD&#8217;nin Ba\u011fl\u0131 Ortakl\u0131\u011f\u0131d\u0131r. Ana faaliyeti TCDD\u2019nin lokomotif ve vagon ihtiyac\u0131n\u0131 kar\u015f\u0131lamak olan T\u00dcLOMSA\u015e \u00e7e\u015fitli tipte lokomotif, demiryolu bak\u0131m arac\u0131, bojili y\u00fck vagonu, \u00e7esitli tipte dizel motor, alternat\u00f6r, cer motoru, \u00e7elik ve [&hellip;]<\/p>\n","protected":false},"author":1,"featured_media":0,"parent":0,"menu_order":0,"comment_status":"closed","ping_status":"closed","template":"page-full-width.php","meta":{"footnotes":""},"class_list":["post-478","page","type-page","status-publish","hentry"],"_links":{"self":[{"href":"http:\/\/www.rsc.org.tr\/indextr\/index.php\/wp-json\/wp\/v2\/pages\/478","targetHints":{"allow":["GET"]}}],"collection":[{"href":"http:\/\/www.rsc.org.tr\/indextr\/index.php\/wp-json\/wp\/v2\/pages"}],"about":[{"href":"http:\/\/www.rsc.org.tr\/indextr\/index.php\/wp-json\/wp\/v2\/types\/page"}],"author":[{"embeddable":true,"href":"http:\/\/www.rsc.org.tr\/indextr\/index.php\/wp-json\/wp\/v2\/users\/1"}],"replies":[{"embeddable":true,"href":"http:\/\/www.rsc.org.tr\/indextr\/index.php\/wp-json\/wp\/v2\/comments?post=478"}],"version-history":[{"count":3,"href":"http:\/\/www.rsc.org.tr\/indextr\/index.php\/wp-json\/wp\/v2\/pages\/478\/revisions"}],"predecessor-version":[{"id":700,"href":"http:\/\/www.rsc.org.tr\/indextr\/index.php\/wp-json\/wp\/v2\/pages\/478\/revisions\/700"}],"wp:attachment":[{"href":"http:\/\/www.rsc.org.tr\/indextr\/index.php\/wp-json\/wp\/v2\/media?parent=478"}],"curies":[{"name":"wp","href":"https:\/\/api.w.org\/{rel}","templated":true}]}}