{"id":475,"date":"2014-06-26T11:25:19","date_gmt":"2014-06-26T08:25:19","guid":{"rendered":"http:\/\/www.rsc.org.tr\/indextr\/?page_id=475"},"modified":"2014-07-01T13:16:18","modified_gmt":"2014-07-01T10:16:18","slug":"eskisehir-osmangazi-universitesi","status":"publish","type":"page","link":"http:\/\/www.rsc.org.tr\/indextr\/index.php\/eskisehir-osmangazi-universitesi\/","title":{"rendered":"ESK\u0130\u015eEH\u0130R OSMANGAZ\u0130 \u00dcN\u0130VERS\u0130TES\u0130"},"content":{"rendered":"<p class=\"ititle\"><img loading=\"lazy\" decoding=\"async\" class=\"size-large wp-image-306 aligncenter\" src=\"http:\/\/biltay.net\/rsc\/wp-content\/uploads\/2014\/06\/esogu2-1024x681.jpg\" alt=\"esogu2\" width=\"640\" height=\"425\" \/><\/p>\n<p class=\"ititle\" style=\"text-align: justify;\"><strong>Vizyon<\/strong><\/p>\n<p class=\"imenucontent\" style=\"text-align: justify;\">Ulusal ve evrensel de\u011ferlere sahip, bilim \u0131\u015f\u0131\u011f\u0131nda ara\u015ft\u0131rma-geli\u015ftirme yapabilen, giri\u015fimci, kat\u0131l\u0131mc\u0131, payla\u015f\u0131mc\u0131, bilim ve teknoloji \u00fcreterek topluma katk\u0131 sa\u011flayan mezunlar ve bilim insanlar\u0131 yeti\u015ftiren, \u00e7a\u011fda\u015f hizmetler sunan, \u00e7al\u0131\u015fanlar\u0131n\u0131n haklar\u0131n\u0131 koruyan ve onlara sayg\u0131l\u0131, ulusal ve uluslararas\u0131 d\u00fczeyde sayg\u0131nl\u0131\u011f\u0131 olan, alan\u0131nda \u00f6nc\u00fcl\u00fck eden ve \u00e7al\u0131\u015fmalar\u0131 \u00f6rnek al\u0131nan bir \u00fcniversite olmak.<\/p>\n<p class=\"ititle\" style=\"text-align: justify;\"><strong>Misyon<\/strong><\/p>\n<p class=\"imenucontent\" style=\"text-align: justify;\">T\u00fcm \u00e7al\u0131\u015fanlar\u0131n\u0131n haklar\u0131n\u0131 koruyarak, onlar\u0131n \u00f6zverili \u00e7al\u0131\u015fmalar\u0131 ve destekleri ile sahip oldu\u011fu kaynaklar\u0131 verimli ve etkin bir bi\u00e7imde kullanarak, evrensel nitelikte bilgi \u00fcreten, bilimsel d\u00fc\u015f\u00fcnceyi kendine rehber edinen, ya\u015fam boyu \u00f6\u011frenme tutum ve becerisine sahip, ara\u015ft\u0131rmac\u0131, kat\u0131l\u0131mc\u0131, payla\u015f\u0131mc\u0131, insani de\u011ferlere ve meslek ahlak ve kurallar\u0131na sahip\/ba\u011fl\u0131, \u00fclkemizin sa\u011fl\u0131k, sosyal, ekonomik ve di\u011fer sorunlar\u0131n\u0131 bilen ve yak\u0131ndan izleyen, \u00e7\u00f6z\u00fcmler \u00fcretebilen ve uygulayabilen, \u00fclkemizin kalk\u0131nmas\u0131na ve evrensel geli\u015fmeye katk\u0131da bulunabilen, ulusal yararl\u0131l\u0131\u011f\u0131 \u00f6n planda olan uluslar aras\u0131 d\u00fczeyde bilimsel ara\u015ft\u0131rma yapabilen, \u00e7evre bilincine sahip, topluma yararl\u0131 hizmetler sunabilen mezunlar ve bilim insanlar\u0131 yeti\u015ftirmek ve topluma \u00e7a\u011fda\u015f sa\u011fl\u0131k, teknoloji, e\u011fitim-\u00f6\u011fretim hizmetleri sunmak.<\/p>\n<p class=\"imenucontent\"><strong>Daha fazla bilgi i\u00e7in <a href=\"http:\/\/www.ogu.edu.tr\">www.ogu.edu.tr<\/a><\/strong><\/p>\n","protected":false},"excerpt":{"rendered":"<p>Vizyon Ulusal ve evrensel de\u011ferlere sahip, bilim \u0131\u015f\u0131\u011f\u0131nda ara\u015ft\u0131rma-geli\u015ftirme yapabilen, giri\u015fimci, kat\u0131l\u0131mc\u0131, payla\u015f\u0131mc\u0131, bilim ve teknoloji \u00fcreterek topluma katk\u0131 sa\u011flayan mezunlar ve bilim insanlar\u0131 yeti\u015ftiren, \u00e7a\u011fda\u015f hizmetler sunan, \u00e7al\u0131\u015fanlar\u0131n\u0131n haklar\u0131n\u0131 koruyan ve onlara sayg\u0131l\u0131, ulusal ve uluslararas\u0131 d\u00fczeyde sayg\u0131nl\u0131\u011f\u0131 olan, alan\u0131nda \u00f6nc\u00fcl\u00fck eden ve \u00e7al\u0131\u015fmalar\u0131 \u00f6rnek al\u0131nan bir \u00fcniversite olmak. Misyon T\u00fcm \u00e7al\u0131\u015fanlar\u0131n\u0131n haklar\u0131n\u0131 koruyarak, [&hellip;]<\/p>\n","protected":false},"author":1,"featured_media":0,"parent":0,"menu_order":0,"comment_status":"closed","ping_status":"closed","template":"page-full-width.php","meta":{"footnotes":""},"class_list":["post-475","page","type-page","status-publish","hentry"],"_links":{"self":[{"href":"http:\/\/www.rsc.org.tr\/indextr\/index.php\/wp-json\/wp\/v2\/pages\/475","targetHints":{"allow":["GET"]}}],"collection":[{"href":"http:\/\/www.rsc.org.tr\/indextr\/index.php\/wp-json\/wp\/v2\/pages"}],"about":[{"href":"http:\/\/www.rsc.org.tr\/indextr\/index.php\/wp-json\/wp\/v2\/types\/page"}],"author":[{"embeddable":true,"href":"http:\/\/www.rsc.org.tr\/indextr\/index.php\/wp-json\/wp\/v2\/users\/1"}],"replies":[{"embeddable":true,"href":"http:\/\/www.rsc.org.tr\/indextr\/index.php\/wp-json\/wp\/v2\/comments?post=475"}],"version-history":[{"count":2,"href":"http:\/\/www.rsc.org.tr\/indextr\/index.php\/wp-json\/wp\/v2\/pages\/475\/revisions"}],"predecessor-version":[{"id":587,"href":"http:\/\/www.rsc.org.tr\/indextr\/index.php\/wp-json\/wp\/v2\/pages\/475\/revisions\/587"}],"wp:attachment":[{"href":"http:\/\/www.rsc.org.tr\/indextr\/index.php\/wp-json\/wp\/v2\/media?parent=475"}],"curies":[{"name":"wp","href":"https:\/\/api.w.org\/{rel}","templated":true}]}}