{"id":473,"date":"2014-06-26T11:24:23","date_gmt":"2014-06-26T08:24:23","guid":{"rendered":"http:\/\/www.rsc.org.tr\/indextr\/?page_id=473"},"modified":"2014-07-02T15:51:36","modified_gmt":"2014-07-02T12:51:36","slug":"eskisehir-organize-sanayi-bolgesi","status":"publish","type":"page","link":"http:\/\/www.rsc.org.tr\/indextr\/index.php\/eskisehir-organize-sanayi-bolgesi\/","title":{"rendered":"ESK\u0130\u015eEH\u0130R ORGAN\u0130ZE SANAY\u0130 B\u00d6LGES\u0130"},"content":{"rendered":"<p><img loading=\"lazy\" decoding=\"async\" class=\"aligncenter size-full wp-image-263\" src=\"http:\/\/biltay.net\/rsc\/wp-content\/uploads\/2014\/06\/osb21.jpg\" alt=\"osb2(1)\" width=\"758\" height=\"310\" \/><\/p>\n<p><span style=\"color:#ffffff;\">&nbsp;<span><\/p>\n<p style=\"text-align: justify;\">Eski\u015fehir\u2019de, sanayi yat\u0131r\u0131mlar\u0131n\u0131n planl\u0131 bir \u015fekilde ger\u00e7ekle\u015ftirilmesi, \u00e7evre korunmas\u0131na verilen \u00f6nem ve modern \u015fehircilik anlay\u0131\u015f\u0131n\u0131n bir sonucu olarak, 1969 y\u0131l\u0131nda Eski\u015fehir Sanayi Odas\u0131\u2019n\u0131n \u00f6nc\u00fcl\u00fc\u011f\u00fcnde bir Organize Sanayi B\u00f6lgesi kurulmas\u0131 \u00e7al\u0131\u015fmalar\u0131na ba\u015flanm\u0131\u015ft\u0131r. \u0130lk a\u015famada 1 milyon metrekare olarak planlanan OSB alan\u0131 1973 y\u0131l\u0131nda yat\u0131r\u0131mc\u0131lar\u0131n hizmetine sunulmu\u015ftur.<\/p>\n<p style=\"text-align: justify;\">Eski\u015fehir OSB y\u00f6netimi, kanun ve kendi b\u00f6lge y\u00f6netmeli\u011fi kapsam\u0131nda a\u015fa\u011f\u0131da say\u0131lan konularda g\u00f6revlerini s\u00fcrd\u00fcrmektedir:<\/p>\n<ul style=\"text-align: justify;\">\n<li>Ekonomik ve end\u00fcstriyel u\u011fra\u015f\u0131lar\u0131n gere\u011fi olan teknik ve i\u015f y\u00f6netimine ili\u015fkin yard\u0131mc\u0131 g\u00f6revleri, en uygun \u015fekilde b\u00fcnyesinde toplay\u0131p \u00f6rg\u00fctlenerek,\u00a0b\u00f6lgede yat\u0131r\u0131m yapacak kurulu\u015flara hizmet vermek,<\/li>\n<\/ul>\n<ul style=\"text-align: justify;\">\n<li>Yat\u0131r\u0131mc\u0131 ve giri\u015fimcilere her t\u00fcrl\u00fc alt yap\u0131s\u0131 haz\u0131rlanm\u0131\u015f yat\u0131r\u0131m alanlar\u0131 sunmak,<\/li>\n<\/ul>\n<ul style=\"text-align: justify;\">\n<li>\u00c7evreye sayg\u0131l\u0131, modern bir sanayi b\u00f6lgesinin geli\u015fimini sa\u011flamak,<\/li>\n<\/ul>\n<ul style=\"text-align: justify;\">\n<li>En az maliyetle en \u00e7ok verimi sa\u011flayacak modern sanayi i\u015fletmelerinin geli\u015fimine yard\u0131mc\u0131 olmak,<\/li>\n<\/ul>\n<ul style=\"text-align: justify;\">\n<li>Ana ve yan sanayiinin bir arada \u00fcretim yapmas\u0131n\u0131 sa\u011flayarak i\u015fbirli\u011fini geli\u015fimine yard\u0131mc\u0131 olmak,<\/li>\n<\/ul>\n<ul style=\"text-align: justify;\">\n<li>\u0130lin ekonomik geli\u015fimine ve istihdam\u0131n artt\u0131r\u0131lmas\u0131na katk\u0131 sa\u011flamak,<\/li>\n<\/ul>\n<ul style=\"text-align: justify;\">\n<li>Sanayi tesislerinin bir araya toplanmas\u0131na \u00f6nc\u00fcl\u00fck ederek daha verimli \u00e7al\u0131\u015fma ko\u015fullar\u0131n\u0131n yarat\u0131lmas\u0131n\u0131 temin etmek.<\/li>\n<\/ul>\n<p><strong>Daha fazla bilgi i\u00e7in <a title=\"MEDEL ELKT. ELKTRO. SAN. LTD. \u015eT\u0130.\" href=\"http:\/\/www.eosb.org.tr\">www.eosb.org.tr<\/a><\/strong><\/p>\n","protected":false},"excerpt":{"rendered":"<p>&nbsp; Eski\u015fehir\u2019de, sanayi yat\u0131r\u0131mlar\u0131n\u0131n planl\u0131 bir \u015fekilde ger\u00e7ekle\u015ftirilmesi, \u00e7evre korunmas\u0131na verilen \u00f6nem ve modern \u015fehircilik anlay\u0131\u015f\u0131n\u0131n bir sonucu olarak, 1969 y\u0131l\u0131nda Eski\u015fehir Sanayi Odas\u0131\u2019n\u0131n \u00f6nc\u00fcl\u00fc\u011f\u00fcnde bir Organize Sanayi B\u00f6lgesi kurulmas\u0131 \u00e7al\u0131\u015fmalar\u0131na ba\u015flanm\u0131\u015ft\u0131r. \u0130lk a\u015famada 1 milyon metrekare olarak planlanan OSB alan\u0131 1973 y\u0131l\u0131nda yat\u0131r\u0131mc\u0131lar\u0131n hizmetine sunulmu\u015ftur. Eski\u015fehir OSB y\u00f6netimi, kanun ve kendi b\u00f6lge y\u00f6netmeli\u011fi kapsam\u0131nda [&hellip;]<\/p>\n","protected":false},"author":1,"featured_media":0,"parent":0,"menu_order":0,"comment_status":"closed","ping_status":"closed","template":"page-full-width.php","meta":{"footnotes":""},"class_list":["post-473","page","type-page","status-publish","hentry"],"_links":{"self":[{"href":"http:\/\/www.rsc.org.tr\/indextr\/index.php\/wp-json\/wp\/v2\/pages\/473","targetHints":{"allow":["GET"]}}],"collection":[{"href":"http:\/\/www.rsc.org.tr\/indextr\/index.php\/wp-json\/wp\/v2\/pages"}],"about":[{"href":"http:\/\/www.rsc.org.tr\/indextr\/index.php\/wp-json\/wp\/v2\/types\/page"}],"author":[{"embeddable":true,"href":"http:\/\/www.rsc.org.tr\/indextr\/index.php\/wp-json\/wp\/v2\/users\/1"}],"replies":[{"embeddable":true,"href":"http:\/\/www.rsc.org.tr\/indextr\/index.php\/wp-json\/wp\/v2\/comments?post=473"}],"version-history":[{"count":3,"href":"http:\/\/www.rsc.org.tr\/indextr\/index.php\/wp-json\/wp\/v2\/pages\/473\/revisions"}],"predecessor-version":[{"id":668,"href":"http:\/\/www.rsc.org.tr\/indextr\/index.php\/wp-json\/wp\/v2\/pages\/473\/revisions\/668"}],"wp:attachment":[{"href":"http:\/\/www.rsc.org.tr\/indextr\/index.php\/wp-json\/wp\/v2\/media?parent=473"}],"curies":[{"name":"wp","href":"https:\/\/api.w.org\/{rel}","templated":true}]}}