{"id":469,"date":"2014-06-26T11:21:37","date_gmt":"2014-06-26T08:21:37","guid":{"rendered":"http:\/\/www.rsc.org.tr\/indextr\/?page_id=469"},"modified":"2014-07-01T13:16:04","modified_gmt":"2014-07-01T10:16:04","slug":"eskisehir-anadolu-universitesi","status":"publish","type":"page","link":"http:\/\/www.rsc.org.tr\/indextr\/index.php\/eskisehir-anadolu-universitesi\/","title":{"rendered":"ESK\u0130\u015eEH\u0130R ANADOLU \u00dcN\u0130VERS\u0130TES\u0130"},"content":{"rendered":"<p><img loading=\"lazy\" decoding=\"async\" class=\"aligncenter size-full wp-image-310\" src=\"http:\/\/biltay.net\/rsc\/wp-content\/uploads\/2014\/06\/eskisehir_anadolu_universitesi4.jpg\" alt=\"eskisehir_anadolu_universitesi4\" width=\"800\" height=\"531\" \/><\/p>\n<p style=\"text-align: justify;\">Anadolu \u00dcniversitesi, en son teknolojik olanaklarla donat\u0131lm\u0131\u015f b\u00f6l\u00fcmlerinde, her biri alan\u0131nda en iyisi olmak i\u00e7in \u00e7al\u0131\u015fan ve t\u00fcm zaman\u0131n\u0131 \u00f6\u011frencileriyle payla\u015fan geni\u015f \u00f6\u011fretim kadrosuyla \u00f6\u011frencilerini, yarat\u0131c\u0131 ve dinamik e\u011fitim ortamlar\u0131 i\u00e7inde gelece\u011fin en iyileri olarak haz\u0131rlamak i\u00e7in \u00e7al\u0131\u015fmaktad\u0131r.<\/p>\n<p style=\"text-align: justify;\"><strong>Vizyon<\/strong><\/p>\n<p class=\"p2\" style=\"text-align: justify;\">Ya\u015famboyu \u00f6\u011frenme odakl\u0131 bir d\u00fcnya \u00fcniversitesi olmak.<\/p>\n<p class=\"p2\" style=\"text-align: justify;\"><strong>\u00a0Misyon<\/strong><\/p>\n<ul class=\"ul1\" style=\"text-align: justify;\">\n<li class=\"li1\">Kent, b\u00f6lge, \u00fclke ve d\u00fcnya insan\u0131n\u0131n ya\u015fam kalitesini y\u00fckseltmek amac\u0131yla,<\/li>\n<li class=\"li1\">Bilim, teknoloji, sanat ve spor alanlar\u0131nda e\u011fitim, ara\u015ft\u0131rma ve projelerle evrensel bilgi ve k\u00fclt\u00fcr birikimine katk\u0131 sa\u011flamak,<\/li>\n<li class=\"li1\">Her ya\u015ftaki bireye nitelikli ve \u00f6zg\u00fcn, uzaktan ve \u00f6rg\u00fcn \u00f6\u011frenme olanaklar\u0131 sunmak,<\/li>\n<li class=\"li1\">Toplumsal gereksinimleri \u00f6ng\u00f6rerek yarat\u0131c\u0131 ve yenilik\u00e7i \u00e7\u00f6z\u00fcmler \u00fcretmektir.<\/li>\n<\/ul>\n<p><strong>Daha fazla bilgi i\u00e7in <a href=\"http:\/\/www.anadolu.edu.tr\">www.anadolu.edu.tr<\/a><\/strong><\/p>\n","protected":false},"excerpt":{"rendered":"<p>Anadolu \u00dcniversitesi, en son teknolojik olanaklarla donat\u0131lm\u0131\u015f b\u00f6l\u00fcmlerinde, her biri alan\u0131nda en iyisi olmak i\u00e7in \u00e7al\u0131\u015fan ve t\u00fcm zaman\u0131n\u0131 \u00f6\u011frencileriyle payla\u015fan geni\u015f \u00f6\u011fretim kadrosuyla \u00f6\u011frencilerini, yarat\u0131c\u0131 ve dinamik e\u011fitim ortamlar\u0131 i\u00e7inde gelece\u011fin en iyileri olarak haz\u0131rlamak i\u00e7in \u00e7al\u0131\u015fmaktad\u0131r. Vizyon Ya\u015famboyu \u00f6\u011frenme odakl\u0131 bir d\u00fcnya \u00fcniversitesi olmak. \u00a0Misyon Kent, b\u00f6lge, \u00fclke ve d\u00fcnya insan\u0131n\u0131n ya\u015fam kalitesini [&hellip;]<\/p>\n","protected":false},"author":1,"featured_media":0,"parent":0,"menu_order":0,"comment_status":"closed","ping_status":"closed","template":"page-full-width.php","meta":{"footnotes":""},"class_list":["post-469","page","type-page","status-publish","hentry"],"_links":{"self":[{"href":"http:\/\/www.rsc.org.tr\/indextr\/index.php\/wp-json\/wp\/v2\/pages\/469","targetHints":{"allow":["GET"]}}],"collection":[{"href":"http:\/\/www.rsc.org.tr\/indextr\/index.php\/wp-json\/wp\/v2\/pages"}],"about":[{"href":"http:\/\/www.rsc.org.tr\/indextr\/index.php\/wp-json\/wp\/v2\/types\/page"}],"author":[{"embeddable":true,"href":"http:\/\/www.rsc.org.tr\/indextr\/index.php\/wp-json\/wp\/v2\/users\/1"}],"replies":[{"embeddable":true,"href":"http:\/\/www.rsc.org.tr\/indextr\/index.php\/wp-json\/wp\/v2\/comments?post=469"}],"version-history":[{"count":2,"href":"http:\/\/www.rsc.org.tr\/indextr\/index.php\/wp-json\/wp\/v2\/pages\/469\/revisions"}],"predecessor-version":[{"id":586,"href":"http:\/\/www.rsc.org.tr\/indextr\/index.php\/wp-json\/wp\/v2\/pages\/469\/revisions\/586"}],"wp:attachment":[{"href":"http:\/\/www.rsc.org.tr\/indextr\/index.php\/wp-json\/wp\/v2\/media?parent=469"}],"curies":[{"name":"wp","href":"https:\/\/api.w.org\/{rel}","templated":true}]}}