{"id":467,"date":"2014-06-26T11:20:32","date_gmt":"2014-06-26T08:20:32","guid":{"rendered":"http:\/\/www.rsc.org.tr\/indextr\/?page_id=467"},"modified":"2014-07-02T15:50:56","modified_gmt":"2014-07-02T12:50:56","slug":"entil-endustri-yatirimlari-tic-a-s","status":"publish","type":"page","link":"http:\/\/www.rsc.org.tr\/indextr\/index.php\/entil-endustri-yatirimlari-tic-a-s\/","title":{"rendered":"ENT\u0130L END\u00dcSTR\u0130 YATIRIMLARI T\u0130C. A.\u015e."},"content":{"rendered":"<p><img loading=\"lazy\" decoding=\"async\" class=\"size-full wp-image-122 aligncenter\" src=\"http:\/\/biltay.net\/rsc\/wp-content\/uploads\/2014\/06\/entil.jpg\" alt=\"Teoman ALTINOK\" width=\"300\" height=\"300\" \/><\/p>\n<p><span style=\"color:#ffffff;\">&nbsp;<span><\/p>\n<p style=\"text-align: justify;\">Entil End\u00fcstri Yat\u0131r\u0131mlar\u0131 Tic. A. \u015e. 1994 y\u0131l\u0131nda kurulmu\u015f bir firmad\u0131r. Ald\u0131\u011f\u0131 kalite ve g\u00fcvence belgeleri, sertifikalar\u0131 ile d\u00f6k\u00fcm sanayiinde faaliyet g\u00f6stermektedir. Son olarak Eski\u015fehir Rayl\u0131 Sistemler K\u00fcmelenmesi \u00fcyeleri aras\u0131na kat\u0131lm\u0131\u015ft\u0131r.<\/p>\n<p><span style=\"color:#ffffff;\">&nbsp;<span><\/p>\n<p><strong>Daha fazla bilgi i\u00e7in <a href=\"http:\/\/www.entil.com.tr\">www.entil.com.tr <\/a><\/strong><\/p>\n","protected":false},"excerpt":{"rendered":"<p>&nbsp; Entil End\u00fcstri Yat\u0131r\u0131mlar\u0131 Tic. A. \u015e. 1994 y\u0131l\u0131nda kurulmu\u015f bir firmad\u0131r. Ald\u0131\u011f\u0131 kalite ve g\u00fcvence belgeleri, sertifikalar\u0131 ile d\u00f6k\u00fcm sanayiinde faaliyet g\u00f6stermektedir. Son olarak Eski\u015fehir Rayl\u0131 Sistemler K\u00fcmelenmesi \u00fcyeleri aras\u0131na kat\u0131lm\u0131\u015ft\u0131r. &nbsp; Daha fazla bilgi i\u00e7in www.entil.com.tr<\/p>\n","protected":false},"author":1,"featured_media":0,"parent":0,"menu_order":0,"comment_status":"closed","ping_status":"closed","template":"page-full-width.php","meta":{"footnotes":""},"class_list":["post-467","page","type-page","status-publish","hentry"],"_links":{"self":[{"href":"http:\/\/www.rsc.org.tr\/indextr\/index.php\/wp-json\/wp\/v2\/pages\/467","targetHints":{"allow":["GET"]}}],"collection":[{"href":"http:\/\/www.rsc.org.tr\/indextr\/index.php\/wp-json\/wp\/v2\/pages"}],"about":[{"href":"http:\/\/www.rsc.org.tr\/indextr\/index.php\/wp-json\/wp\/v2\/types\/page"}],"author":[{"embeddable":true,"href":"http:\/\/www.rsc.org.tr\/indextr\/index.php\/wp-json\/wp\/v2\/users\/1"}],"replies":[{"embeddable":true,"href":"http:\/\/www.rsc.org.tr\/indextr\/index.php\/wp-json\/wp\/v2\/comments?post=467"}],"version-history":[{"count":4,"href":"http:\/\/www.rsc.org.tr\/indextr\/index.php\/wp-json\/wp\/v2\/pages\/467\/revisions"}],"predecessor-version":[{"id":667,"href":"http:\/\/www.rsc.org.tr\/indextr\/index.php\/wp-json\/wp\/v2\/pages\/467\/revisions\/667"}],"wp:attachment":[{"href":"http:\/\/www.rsc.org.tr\/indextr\/index.php\/wp-json\/wp\/v2\/media?parent=467"}],"curies":[{"name":"wp","href":"https:\/\/api.w.org\/{rel}","templated":true}]}}