{"id":465,"date":"2014-06-26T11:19:32","date_gmt":"2014-06-26T08:19:32","guid":{"rendered":"http:\/\/www.rsc.org.tr\/indextr\/?page_id=465"},"modified":"2014-07-02T15:50:37","modified_gmt":"2014-07-02T12:50:37","slug":"emek-ozel-civata-san-tic-ltd-sti","status":"publish","type":"page","link":"http:\/\/www.rsc.org.tr\/indextr\/index.php\/emek-ozel-civata-san-tic-ltd-sti\/","title":{"rendered":"EMEK \u00d6ZEL CIVATA SAN. T\u0130C. LTD. \u015eT\u0130."},"content":{"rendered":"<p><span style=\"color:#ffffff;\">&nbsp;<span><\/p>\n<p><img loading=\"lazy\" decoding=\"async\" class=\"size-full wp-image-97 aligncenter\" src=\"http:\/\/biltay.net\/rsc\/wp-content\/uploads\/2014\/06\/images.jpg\" alt=\"Onur TU\u011e\" width=\"300\" height=\"300\" \/><\/p>\n<p><span style=\"color:#ffffff;\">&nbsp;<span><\/p>\n<p style=\"text-align: justify;\">Emek \u00d6zel C\u0131vata 1993&#8217;de \u00fcretime ba\u015flam\u0131\u015f bir Eski\u015fehir firmas\u0131d\u0131r. C\u0131vata, conta, somun, burgulu \u00e7ubuk \u00fcretimi yapmaktad\u0131r.<\/p>\n<p><span style=\"color:#ffffff;\">&nbsp;<span><\/p>\n<p><strong>Daha fazla bilgi i\u00e7in <a href=\"http:\/\/www.emekcivata.com\/\">www.emekcivata.com<\/a><\/strong><\/p>\n","protected":false},"excerpt":{"rendered":"<p>&nbsp; &nbsp; Emek \u00d6zel C\u0131vata 1993&#8217;de \u00fcretime ba\u015flam\u0131\u015f bir Eski\u015fehir firmas\u0131d\u0131r. C\u0131vata, conta, somun, burgulu \u00e7ubuk \u00fcretimi yapmaktad\u0131r. &nbsp; Daha fazla bilgi i\u00e7in www.emekcivata.com<\/p>\n","protected":false},"author":1,"featured_media":0,"parent":0,"menu_order":0,"comment_status":"closed","ping_status":"closed","template":"page-full-width.php","meta":{"footnotes":""},"class_list":["post-465","page","type-page","status-publish","hentry"],"_links":{"self":[{"href":"http:\/\/www.rsc.org.tr\/indextr\/index.php\/wp-json\/wp\/v2\/pages\/465","targetHints":{"allow":["GET"]}}],"collection":[{"href":"http:\/\/www.rsc.org.tr\/indextr\/index.php\/wp-json\/wp\/v2\/pages"}],"about":[{"href":"http:\/\/www.rsc.org.tr\/indextr\/index.php\/wp-json\/wp\/v2\/types\/page"}],"author":[{"embeddable":true,"href":"http:\/\/www.rsc.org.tr\/indextr\/index.php\/wp-json\/wp\/v2\/users\/1"}],"replies":[{"embeddable":true,"href":"http:\/\/www.rsc.org.tr\/indextr\/index.php\/wp-json\/wp\/v2\/comments?post=465"}],"version-history":[{"count":4,"href":"http:\/\/www.rsc.org.tr\/indextr\/index.php\/wp-json\/wp\/v2\/pages\/465\/revisions"}],"predecessor-version":[{"id":887,"href":"http:\/\/www.rsc.org.tr\/indextr\/index.php\/wp-json\/wp\/v2\/pages\/465\/revisions\/887"}],"wp:attachment":[{"href":"http:\/\/www.rsc.org.tr\/indextr\/index.php\/wp-json\/wp\/v2\/media?parent=465"}],"curies":[{"name":"wp","href":"https:\/\/api.w.org\/{rel}","templated":true}]}}