{"id":463,"date":"2014-06-26T11:18:27","date_gmt":"2014-06-26T08:18:27","guid":{"rendered":"http:\/\/www.rsc.org.tr\/indextr\/?page_id=463"},"modified":"2014-07-02T15:48:46","modified_gmt":"2014-07-02T12:48:46","slug":"ejs-eskisehir-jant-ve-mak-san-tic-a-s","status":"publish","type":"page","link":"http:\/\/www.rsc.org.tr\/indextr\/index.php\/ejs-eskisehir-jant-ve-mak-san-tic-a-s\/","title":{"rendered":"EJS ESK\u0130\u015eEH\u0130R JANT ve MAK. SAN. T\u0130C. A.\u015e."},"content":{"rendered":"<p><img loading=\"lazy\" decoding=\"async\" class=\"size-full wp-image-88 aligncenter\" src=\"http:\/\/biltay.net\/rsc\/wp-content\/uploads\/2014\/06\/ejs.png\" alt=\"Cenap A\u015eAN\" width=\"300\" height=\"300\" \/><\/p>\n<p style=\"text-align: justify;\">EJS TURBOMAK, motor par\u00e7alar\u0131 \u00fcretimi yapan bir Eski\u015fehir firmas\u0131d\u0131r. RSC &#8211; Eski\u015fehir Rayl\u0131 Sistemler K\u00fcmelenmesi i\u00e7inde yer almaktad\u0131r.<\/p>\n<p><span style=\"color:#ffffff;\">&nbsp;<span><\/p>\n<p><strong>Daha fazla bilgi i\u00e7in <a href=\"http:\/\/www.ejs.com.tr\/\">www.ejs.com.tr<\/a><\/strong><\/p>\n","protected":false},"excerpt":{"rendered":"<p>EJS TURBOMAK, motor par\u00e7alar\u0131 \u00fcretimi yapan bir Eski\u015fehir firmas\u0131d\u0131r. RSC &#8211; Eski\u015fehir Rayl\u0131 Sistemler K\u00fcmelenmesi i\u00e7inde yer almaktad\u0131r. &nbsp; Daha fazla bilgi i\u00e7in www.ejs.com.tr<\/p>\n","protected":false},"author":1,"featured_media":0,"parent":0,"menu_order":0,"comment_status":"closed","ping_status":"closed","template":"page-full-width.php","meta":{"footnotes":""},"class_list":["post-463","page","type-page","status-publish","hentry"],"_links":{"self":[{"href":"http:\/\/www.rsc.org.tr\/indextr\/index.php\/wp-json\/wp\/v2\/pages\/463","targetHints":{"allow":["GET"]}}],"collection":[{"href":"http:\/\/www.rsc.org.tr\/indextr\/index.php\/wp-json\/wp\/v2\/pages"}],"about":[{"href":"http:\/\/www.rsc.org.tr\/indextr\/index.php\/wp-json\/wp\/v2\/types\/page"}],"author":[{"embeddable":true,"href":"http:\/\/www.rsc.org.tr\/indextr\/index.php\/wp-json\/wp\/v2\/users\/1"}],"replies":[{"embeddable":true,"href":"http:\/\/www.rsc.org.tr\/indextr\/index.php\/wp-json\/wp\/v2\/comments?post=463"}],"version-history":[{"count":3,"href":"http:\/\/www.rsc.org.tr\/indextr\/index.php\/wp-json\/wp\/v2\/pages\/463\/revisions"}],"predecessor-version":[{"id":664,"href":"http:\/\/www.rsc.org.tr\/indextr\/index.php\/wp-json\/wp\/v2\/pages\/463\/revisions\/664"}],"wp:attachment":[{"href":"http:\/\/www.rsc.org.tr\/indextr\/index.php\/wp-json\/wp\/v2\/media?parent=463"}],"curies":[{"name":"wp","href":"https:\/\/api.w.org\/{rel}","templated":true}]}}