{"id":461,"date":"2014-06-26T11:17:07","date_gmt":"2014-06-26T08:17:07","guid":{"rendered":"http:\/\/www.rsc.org.tr\/indextr\/?page_id=461"},"modified":"2014-07-02T15:45:11","modified_gmt":"2014-07-02T12:45:11","slug":"cina-otomotiv-mak-san-tic-ltd-sti","status":"publish","type":"page","link":"http:\/\/www.rsc.org.tr\/indextr\/index.php\/cina-otomotiv-mak-san-tic-ltd-sti\/","title":{"rendered":"\u00c7INA OTOMOT\u0130V MAK. SAN. T\u0130C. LTD. \u015eT\u0130."},"content":{"rendered":"<p><span style=\"color:#ffffff;\">&nbsp;<span><\/p>\n<p><img loading=\"lazy\" decoding=\"async\" class=\"size-full wp-image-87 aligncenter\" src=\"http:\/\/biltay.net\/rsc\/wp-content\/uploads\/2014\/06\/cina-logo.jpg\" alt=\"Evren \u00c7INA\" width=\"300\" height=\"300\" \/><\/p>\n<p style=\"text-align: justify;\">\u00c7\u0131na Otomotiv Makina San. ve Tic. Ltd. \u015eti, 1975 y\u0131l\u0131nda, a\u011f\u0131r vas\u0131ta s\u00fcspansiyon ve \u015fase sistemleri ile bunlar\u0131n yedek par\u00e7alar\u0131n\u0131n sat\u0131\u015f, servis ve tadilat hizmetiyle yerini ald\u0131\u011f\u0131 i\u015f hayat\u0131na, 2005 y\u0131l\u0131nda tala\u015fl\u0131 imalat sekt\u00f6r\u00fcnde faaliyete ba\u015flayarak, otomotiv yedek par\u00e7alar\u0131 ve makine par\u00e7alar\u0131 \u00fcretimini de b\u00fcnyesine kat\u0131p m\u00fc\u015fterilerine hizmet etmeye devam etmektedir. \u00c7\u0131na Otomotiv Makina San. ve Tic. Ltd. \u015eti, otomotiv ve makine sekt\u00f6r\u00fcn\u00fcn yan\u0131nda, havac\u0131l\u0131k sekt\u00f6r\u00fcnde yerini alabilmek i\u00e7in gerekli makine ve teknoloji yat\u0131r\u0131m\u0131na ba\u015flam\u0131\u015f bulunmaktad\u0131r.<\/p>\n<p><span style=\"color:#ffffff;\">&nbsp;<span><\/p>\n<p><strong>Daha fazla bilgi i\u00e7in <a href=\"http:\/\/www.cina.com.tr\/\">www.cina.com.tr<\/a><\/strong><\/p>\n<p><span style=\"color:#ffffff;\">&nbsp;<span><\/p>\n","protected":false},"excerpt":{"rendered":"<p>&nbsp; \u00c7\u0131na Otomotiv Makina San. ve Tic. Ltd. \u015eti, 1975 y\u0131l\u0131nda, a\u011f\u0131r vas\u0131ta s\u00fcspansiyon ve \u015fase sistemleri ile bunlar\u0131n yedek par\u00e7alar\u0131n\u0131n sat\u0131\u015f, servis ve tadilat hizmetiyle yerini ald\u0131\u011f\u0131 i\u015f hayat\u0131na, 2005 y\u0131l\u0131nda tala\u015fl\u0131 imalat sekt\u00f6r\u00fcnde faaliyete ba\u015flayarak, otomotiv yedek par\u00e7alar\u0131 ve makine par\u00e7alar\u0131 \u00fcretimini de b\u00fcnyesine kat\u0131p m\u00fc\u015fterilerine hizmet etmeye devam etmektedir. \u00c7\u0131na Otomotiv Makina [&hellip;]<\/p>\n","protected":false},"author":1,"featured_media":0,"parent":0,"menu_order":0,"comment_status":"closed","ping_status":"closed","template":"page-full-width.php","meta":{"footnotes":""},"class_list":["post-461","page","type-page","status-publish","hentry"],"_links":{"self":[{"href":"http:\/\/www.rsc.org.tr\/indextr\/index.php\/wp-json\/wp\/v2\/pages\/461","targetHints":{"allow":["GET"]}}],"collection":[{"href":"http:\/\/www.rsc.org.tr\/indextr\/index.php\/wp-json\/wp\/v2\/pages"}],"about":[{"href":"http:\/\/www.rsc.org.tr\/indextr\/index.php\/wp-json\/wp\/v2\/types\/page"}],"author":[{"embeddable":true,"href":"http:\/\/www.rsc.org.tr\/indextr\/index.php\/wp-json\/wp\/v2\/users\/1"}],"replies":[{"embeddable":true,"href":"http:\/\/www.rsc.org.tr\/indextr\/index.php\/wp-json\/wp\/v2\/comments?post=461"}],"version-history":[{"count":3,"href":"http:\/\/www.rsc.org.tr\/indextr\/index.php\/wp-json\/wp\/v2\/pages\/461\/revisions"}],"predecessor-version":[{"id":658,"href":"http:\/\/www.rsc.org.tr\/indextr\/index.php\/wp-json\/wp\/v2\/pages\/461\/revisions\/658"}],"wp:attachment":[{"href":"http:\/\/www.rsc.org.tr\/indextr\/index.php\/wp-json\/wp\/v2\/media?parent=461"}],"curies":[{"name":"wp","href":"https:\/\/api.w.org\/{rel}","templated":true}]}}