{"id":453,"date":"2014-06-26T11:03:17","date_gmt":"2014-06-26T08:03:17","guid":{"rendered":"http:\/\/www.rsc.org.tr\/indextr\/?page_id=453"},"modified":"2014-07-02T15:46:59","modified_gmt":"2014-07-02T12:46:59","slug":"diger","status":"publish","type":"page","link":"http:\/\/www.rsc.org.tr\/indextr\/index.php\/diger\/","title":{"rendered":"D\u0130\u011eER"},"content":{"rendered":"<p><span style=\"color:#ffffff;\">&nbsp;<span><\/p>\n<p><a title=\"METASOFT B\u0130LG. B\u0130L. \u0130\u015eL. H\u0130Z. SAN. T\u0130C. LTD. \u015eT\u0130.\" href=\"http:\/\/www.rsc.org.tr\/indextr\/index.php\/metasoft-bilg-bil-isl-hiz-san-tic-ltd-sti\/\"><img loading=\"lazy\" decoding=\"async\" class=\"alignleft wp-image-119 size-thumbnail\" src=\"http:\/\/biltay.net\/rsc\/wp-content\/uploads\/2014\/06\/metaSoft-150x150.png\" alt=\"Mehmet TA\u015eKIN\" width=\"150\" height=\"150\" \/><\/a><\/p>\n<p><span style=\"color:#ffffff;\">&nbsp;<span><\/p>\n<p><strong>METASOFT B\u0130LG. B\u0130L. \u0130\u015eL. H\u0130Z. SAN. T\u0130C. LTD. \u015eT\u0130.<\/strong><\/p>\n<p style=\"text-align: justify;\">Metasoft Bilgisayar Bilgi \u0130\u015flem Hiz. San. Tic. Ltd. \u015eti. Faliyetlerine 2000 y\u0131l\u0131nda ba\u015flam\u0131\u015f olup 14 y\u0131ll\u0131k Bilgi \u0130\u015flem tecr\u00fcbesine sahiptir. Metasoft Bilgi \u0130\u015flem Hizmetleri, Yaz\u0131l\u0131m , Proje Geli\u015ftirme , Dan\u0131\u015fmanl\u0131k ve E\u011fitim konusunda faaliyet g\u00f6stermektedir. <a title=\"METASOFT B\u0130LG. B\u0130L. \u0130\u015eL. H\u0130Z. SAN. T\u0130C. LTD. \u015eT\u0130.\" href=\"http:\/\/www.rsc.org.tr\/indextr\/index.php\/metasoft-bilg-bil-isl-hiz-san-tic-ltd-sti\/\">Detaylar&#8230;<\/a><\/p>\n<p><span style=\"color:#ffffff;\">&nbsp;<span><\/p>\n<p><span style=\"color:#ffffff;\">&nbsp;<span><\/p>\n<hr \/>\n<p><a title=\"ESK\u0130\u015eEH\u0130R SANAY\u0130 ODASI\" href=\"http:\/\/www.rsc.org.tr\/indextr\/index.php\/eskisehir-sanayi-odasi\/\"><img loading=\"lazy\" decoding=\"async\" class=\"alignleft wp-image-92 size-thumbnail\" src=\"http:\/\/biltay.net\/rsc\/wp-content\/uploads\/2014\/06\/eso-150x150.png\" alt=\"Sinan MUSUBEYL\u0130\" width=\"150\" height=\"150\" \/><\/a><\/p>\n<p><span style=\"color:#ffffff;\">&nbsp;<span><\/p>\n<p><strong>ESK\u0130\u015eEH\u0130R SANAY\u0130 ODASI<\/strong><\/p>\n<p style=\"text-align: justify;\">Eski\u015fehir Sanayi Odas\u0131 1 Kas\u0131m 1968 tarihinde, o zamana kadar bir \u00e7at\u0131 alt\u0131nda olduklar\u0131 Eski\u015fehir Ticaret ve Sanayi Odas\u0131ndan ayr\u0131larak, il\u2019de sanayile\u015fmeye h\u0131z kazand\u0131rmak ve sanayicilerin sorunlar\u0131yla daha yak\u0131ndan ilgilenmek \u00fczere, ba\u011f\u0131ms\u0131z bir Oda olarak faaliyetlerine ba\u015flam\u0131\u015ft\u0131r. <a title=\"ESK\u0130\u015eEH\u0130R SANAY\u0130 ODASI\" href=\"http:\/\/www.rsc.org.tr\/indextr\/index.php\/eskisehir-sanayi-odasi\/\">Detaylar&#8230;<\/a><\/p>\n<p><span style=\"color:#ffffff;\">&nbsp;<span><\/p>\n<p><span style=\"color:#ffffff;\">&nbsp;<span><\/p>\n<hr \/>\n<p><a title=\"ESK\u0130\u015eEH\u0130R ORGAN\u0130ZE SANAY\u0130 B\u00d6LGES\u0130\" href=\"http:\/\/www.rsc.org.tr\/indextr\/index.php\/eskisehir-organize-sanayi-bolgesi\/\"><img loading=\"lazy\" decoding=\"async\" class=\"alignleft wp-image-102 size-thumbnail\" src=\"http:\/\/biltay.net\/rsc\/wp-content\/uploads\/2014\/06\/oesb-150x150.png\" alt=\"Ali \u0130hsan KARAMANLI \" width=\"150\" height=\"150\" \/><\/a><\/p>\n<p><span style=\"color:#ffffff;\">&nbsp;<span><\/p>\n<p><strong>ESK\u0130\u015eEH\u0130R ORGAN\u0130ZE SANAY\u0130 B\u00d6LGES\u0130<\/strong><\/p>\n<p style=\"text-align: justify;\">Eski\u015fehir\u2019de, sanayi yat\u0131r\u0131mlar\u0131n\u0131n planl\u0131 bir \u015fekilde ger\u00e7ekle\u015ftirilmesi, \u00e7evre korunmas\u0131na verilen \u00f6nem ve modern \u015fehircilik anlay\u0131\u015f\u0131n\u0131n bir sonucu olarak, 1969 y\u0131l\u0131nda Eski\u015fehir Sanayi Odas\u0131\u2019n\u0131n \u00f6nc\u00fcl\u00fc\u011f\u00fcnde bir Organize Sanayi B\u00f6lgesi kurulmas\u0131 \u00e7al\u0131\u015fmalar\u0131na ba\u015flanm\u0131\u015ft\u0131r. <a title=\"ESK\u0130\u015eEH\u0130R ORGAN\u0130ZE SANAY\u0130 B\u00d6LGES\u0130\" href=\"http:\/\/www.rsc.org.tr\/indextr\/index.php\/eskisehir-organize-sanayi-bolgesi\/\">Detaylar&#8230;<\/a><\/p>\n<p><span style=\"color:#ffffff;\">&nbsp;<span><\/p>\n<hr \/>\n<p><span style=\"color:#ffffff;\">&nbsp;<span><\/p>\n<p><span style=\"color:#ffffff;\">&nbsp;<span><\/p>\n<p><a title=\"DEM\u0130RYOLU TA\u015eIMACILI\u011eI DERNE\u011e\u0130\" href=\"http:\/\/www.rsc.org.tr\/indextr\/index.php\/demiryolu-tasimaciligi-dernegi\/\"><img loading=\"lazy\" decoding=\"async\" class=\"size-thumbnail wp-image-619 alignleft\" src=\"http:\/\/www.rsc.org.tr\/indextr\/wp-content\/uploads\/DTD_logo-150x150.png\" alt=\"Ya\u015far ROTA\" width=\"150\" height=\"150\" srcset=\"http:\/\/www.rsc.org.tr\/indextr\/wp-content\/uploads\/DTD_logo-150x150.png 150w, http:\/\/www.rsc.org.tr\/indextr\/wp-content\/uploads\/DTD_logo.png 300w\" sizes=\"auto, (max-width: 150px) 100vw, 150px\" \/><\/a><\/p>\n<p><span style=\"color:#ffffff;\">&nbsp;<span><\/p>\n<p><strong>DEM\u0130RYOLU TA\u015eIMACILI\u011eI DERNE\u011e\u0130<\/strong><\/p>\n<p>Demiryolu Ta\u015f\u0131mac\u0131l\u0131\u011f\u0131 Derne\u011fi (DTD) \u00a0ye\u015fil ve temiz ta\u015f\u0131mac\u0131l\u0131k t\u00fcr\u00fc olan demiryolu ta\u015f\u0131mac\u0131l\u0131\u011f\u0131n\u0131 \u00e7a\u011f\u0131n ve \u00fclkenin gerekleri do\u011frultusunda geli\u015ftirmek ve demiryolunun \u00fclkenin toplam ta\u015f\u0131mac\u0131l\u0131\u011f\u0131 i\u00e7indeki pay\u0131n\u0131 y\u00fckseltmek amac\u0131yla 2006 y\u0131l\u0131nda kurulmu\u015ftur. <a title=\"DEM\u0130RYOLU TA\u015eIMACILI\u011eI DERNE\u011e\u0130\" href=\"http:\/\/www.rsc.org.tr\/indextr\/index.php\/demiryolu-tasimaciligi-dernegi\/\">Detaylar&#8230;<\/a><\/p>\n<p><span style=\"color:#ffffff;\">&nbsp;<span><\/p>\n<p><span style=\"color:#ffffff;\">&nbsp;<span><\/p>\n<hr \/>\n<p><span style=\"color:#ffffff;\">&nbsp;<span><\/p>\n<p><span style=\"color:#ffffff;\">&nbsp;<span><\/p>\n<p><a title=\"S\u0130RENA MAR\u0130NE DEN\u0130ZC\u0130L\u0130K SAN. T\u0130C. A.\u015e.\" href=\"http:\/\/www.rsc.org.tr\/indextr\/index.php\/sirena-marine-denizcilik-san-tic-a-s\/\"><img loading=\"lazy\" decoding=\"async\" class=\"size-thumbnail wp-image-620 alignleft\" src=\"http:\/\/www.rsc.org.tr\/indextr\/wp-content\/uploads\/sirena-marine-logo-150x150.png\" alt=\"sirena marine logo\" width=\"150\" height=\"150\" srcset=\"http:\/\/www.rsc.org.tr\/indextr\/wp-content\/uploads\/sirena-marine-logo-150x150.png 150w, http:\/\/www.rsc.org.tr\/indextr\/wp-content\/uploads\/sirena-marine-logo.png 300w\" sizes=\"auto, (max-width: 150px) 100vw, 150px\" \/><\/a><\/p>\n<p><span style=\"color:#ffffff;\">&nbsp;<span><\/p>\n<p><strong>S\u0130RENA MAR\u0130NE DEN\u0130ZC\u0130L\u0130K SAN. T\u0130C. A.\u015e.<\/strong><\/p>\n<p>Sirena Marine Denizcilik Sanayi ve Ticaret A.\u015e., K\u0131ra\u00e7a Holding&#8217;in 2006 y\u0131l\u0131 Kas\u0131m ay\u0131nda, d\u00fcnyaca \u00fcnl\u00fc motoryat \u00fcreticisi Azimut &#8211; Benetti Grubu ile yapm\u0131\u015f oldu\u011fu anla\u015fma neticesinde kurulmu\u015ftur. <a title=\"S\u0130RENA MAR\u0130NE DEN\u0130ZC\u0130L\u0130K SAN. T\u0130C. A.\u015e.\" href=\"http:\/\/www.rsc.org.tr\/indextr\/index.php\/sirena-marine-denizcilik-san-tic-a-s\/\">Detaylar&#8230;<\/a><\/p>\n<p><span style=\"color:#ffffff;\">&nbsp;<span><\/p>\n<p><span style=\"color:#ffffff;\">&nbsp;<span><\/p>\n<hr \/>\n<p><span style=\"color:#ffffff;\">&nbsp;<span><\/p>\n<p><span style=\"color:#ffffff;\">&nbsp;<span><\/p>\n<p><span style=\"color:#ffffff;\">&nbsp;<span><\/p>\n<p><span style=\"color:#ffffff;\">&nbsp;<span><\/p>\n<p><em><strong><a title=\"KATEGOR\u0130LER\" href=\"http:\/\/www.rsc.org.tr\/indextr\/index.php\/kategoriler\/\">KATEGOR\u0130LER<\/a> &gt;&gt;<\/strong><\/em><\/p>\n","protected":false},"excerpt":{"rendered":"<p>&nbsp; &nbsp; METASOFT B\u0130LG. B\u0130L. \u0130\u015eL. H\u0130Z. SAN. T\u0130C. LTD. \u015eT\u0130. Metasoft Bilgisayar Bilgi \u0130\u015flem Hiz. San. Tic. Ltd. \u015eti. Faliyetlerine 2000 y\u0131l\u0131nda ba\u015flam\u0131\u015f olup 14 y\u0131ll\u0131k Bilgi \u0130\u015flem tecr\u00fcbesine sahiptir. Metasoft Bilgi \u0130\u015flem Hizmetleri, Yaz\u0131l\u0131m , Proje Geli\u015ftirme , Dan\u0131\u015fmanl\u0131k ve E\u011fitim konusunda faaliyet g\u00f6stermektedir. Detaylar&#8230; &nbsp; &nbsp; &nbsp; ESK\u0130\u015eEH\u0130R SANAY\u0130 ODASI Eski\u015fehir Sanayi [&hellip;]<\/p>\n","protected":false},"author":1,"featured_media":0,"parent":0,"menu_order":0,"comment_status":"closed","ping_status":"closed","template":"page-full-width.php","meta":{"footnotes":""},"class_list":["post-453","page","type-page","status-publish","hentry"],"_links":{"self":[{"href":"http:\/\/www.rsc.org.tr\/indextr\/index.php\/wp-json\/wp\/v2\/pages\/453","targetHints":{"allow":["GET"]}}],"collection":[{"href":"http:\/\/www.rsc.org.tr\/indextr\/index.php\/wp-json\/wp\/v2\/pages"}],"about":[{"href":"http:\/\/www.rsc.org.tr\/indextr\/index.php\/wp-json\/wp\/v2\/types\/page"}],"author":[{"embeddable":true,"href":"http:\/\/www.rsc.org.tr\/indextr\/index.php\/wp-json\/wp\/v2\/users\/1"}],"replies":[{"embeddable":true,"href":"http:\/\/www.rsc.org.tr\/indextr\/index.php\/wp-json\/wp\/v2\/comments?post=453"}],"version-history":[{"count":7,"href":"http:\/\/www.rsc.org.tr\/indextr\/index.php\/wp-json\/wp\/v2\/pages\/453\/revisions"}],"predecessor-version":[{"id":661,"href":"http:\/\/www.rsc.org.tr\/indextr\/index.php\/wp-json\/wp\/v2\/pages\/453\/revisions\/661"}],"wp:attachment":[{"href":"http:\/\/www.rsc.org.tr\/indextr\/index.php\/wp-json\/wp\/v2\/media?parent=453"}],"curies":[{"name":"wp","href":"https:\/\/api.w.org\/{rel}","templated":true}]}}