{"id":446,"date":"2014-06-26T11:01:27","date_gmt":"2014-06-26T08:01:27","guid":{"rendered":"http:\/\/www.rsc.org.tr\/indextr\/?page_id=446"},"modified":"2014-08-11T11:39:05","modified_gmt":"2014-08-11T08:39:05","slug":"egitim","status":"publish","type":"page","link":"http:\/\/www.rsc.org.tr\/indextr\/index.php\/egitim\/","title":{"rendered":"E\u011e\u0130T\u0130M"},"content":{"rendered":"<p><a title=\"ESK\u0130\u015eEH\u0130R ANADOLU \u00dcN\u0130VERS\u0130TES\u0130\" href=\"http:\/\/biltay.net\/rsc\/?page_id=309\"><img loading=\"lazy\" decoding=\"async\" class=\"size-thumbnail wp-image-120 alignleft\" src=\"http:\/\/biltay.net\/rsc\/wp-content\/uploads\/2014\/06\/esanadolu1-150x150.jpg\" alt=\"Prof. Dr. Do\u011fan G\u00f6khan ECE\" width=\"150\" height=\"150\" \/><\/a><\/p>\n<p><span style=\"color: #ffffff;\">\u00a0<\/span><\/p>\n<p><strong>Prof. Dr. \u00d6mer Mete KO\u00c7KAR<\/strong><\/p>\n<p>Eski\u015fehir Anadolu \u00dcniversitesi<\/p>\n<p><span style=\"color: #ffffff;\">\u00a0<\/span><\/p>\n<p><span style=\"color: #ffffff;\">\u00a0<\/span><\/p>\n<p><span style=\"color: #ffffff;\">\u00a0<\/span><\/p>\n<hr \/>\n<p><span style=\"color: #ffffff;\">\u00a0<\/span><\/p>\n<p><a title=\"ESK\u0130\u015eEH\u0130R ANADOLU \u00dcN\u0130VERS\u0130TES\u0130\" href=\"http:\/\/biltay.net\/rsc\/?page_id=309\"><img loading=\"lazy\" decoding=\"async\" class=\"size-thumbnail wp-image-91 alignleft\" src=\"http:\/\/biltay.net\/rsc\/wp-content\/uploads\/2014\/06\/esanadolu-150x150.jpg\" alt=\"Prof. Dr. H. H\u00fcseyin ERKAYA\" width=\"150\" height=\"150\" \/><\/a><\/p>\n<p><span style=\"color: #ffffff;\">\u00a0<\/span><\/p>\n<p><strong>Prof. Dr. Do\u011fan G\u00f6khan ECE<\/strong><\/p>\n<p>Eski\u015fehir Anadolu \u00dcniversitesi<\/p>\n<p><span style=\"color: #ffffff;\">\u00a0<\/span><\/p>\n<p><span style=\"color: #ffffff;\">\u00a0<\/span><\/p>\n<p><span style=\"color: #ffffff;\">\u00a0<\/span><\/p>\n<hr \/>\n<p><span style=\"color: #ffffff;\">\u00a0<\/span><\/p>\n<p><a title=\"ESK\u0130\u015eEH\u0130R OSMANGAZ\u0130 \u00dcN\u0130VERS\u0130TES\u0130\" href=\"http:\/\/biltay.net\/rsc\/?page_id=305\"><img loading=\"lazy\" decoding=\"async\" class=\"size-thumbnail wp-image-93 alignleft\" src=\"http:\/\/biltay.net\/rsc\/wp-content\/uploads\/2014\/06\/esogu-150x150.jpg\" alt=\"Prof. Dr. \u00d6mer Mete KO\u00c7KAR\" width=\"150\" height=\"150\" \/><\/a><\/p>\n<p><span style=\"color: #ffffff;\">\u00a0<\/span><\/p>\n<p><strong>Prof. Dr. Hasan H\u00fcseyin ERKAYA<\/strong><\/p>\n<p>Eski\u015fehir Osmangazi \u00dcniversitesi<\/p>\n<p><span style=\"color: #ffffff;\">\u00a0<\/span><\/p>\n<p><span style=\"color: #ffffff;\">\u00a0<\/span><\/p>\n<p><span style=\"color: #ffffff;\">\u00a0<\/span><\/p>\n<hr \/>\n<p><span style=\"color: #ffffff;\">\u00a0<\/span><\/p>\n<p><span style=\"color: #ffffff;\">\u00a0<\/span><\/p>\n<p><span style=\"color: #ffffff;\">\u00a0<\/span><\/p>\n<p><em><strong><a title=\"KATEGOR\u0130LER\" href=\"http:\/\/www.rsc.org.tr\/indextr\/index.php\/kategoriler\/\">KATEGOR\u0130LER<\/a> &gt;&gt;<\/strong><\/em><\/p>\n","protected":false},"excerpt":{"rendered":"<p>\u00a0 Prof. Dr. \u00d6mer Mete KO\u00c7KAR Eski\u015fehir Anadolu \u00dcniversitesi \u00a0 \u00a0 \u00a0 \u00a0 \u00a0 Prof. Dr. Do\u011fan G\u00f6khan ECE Eski\u015fehir Anadolu \u00dcniversitesi \u00a0 \u00a0 \u00a0 \u00a0 \u00a0 Prof. Dr. Hasan H\u00fcseyin ERKAYA Eski\u015fehir Osmangazi \u00dcniversitesi \u00a0 \u00a0 \u00a0 \u00a0 \u00a0 \u00a0 KATEGOR\u0130LER &gt;&gt;<\/p>\n","protected":false},"author":1,"featured_media":0,"parent":0,"menu_order":0,"comment_status":"closed","ping_status":"closed","template":"page-full-width.php","meta":{"footnotes":""},"class_list":["post-446","page","type-page","status-publish","hentry"],"_links":{"self":[{"href":"http:\/\/www.rsc.org.tr\/indextr\/index.php\/wp-json\/wp\/v2\/pages\/446","targetHints":{"allow":["GET"]}}],"collection":[{"href":"http:\/\/www.rsc.org.tr\/indextr\/index.php\/wp-json\/wp\/v2\/pages"}],"about":[{"href":"http:\/\/www.rsc.org.tr\/indextr\/index.php\/wp-json\/wp\/v2\/types\/page"}],"author":[{"embeddable":true,"href":"http:\/\/www.rsc.org.tr\/indextr\/index.php\/wp-json\/wp\/v2\/users\/1"}],"replies":[{"embeddable":true,"href":"http:\/\/www.rsc.org.tr\/indextr\/index.php\/wp-json\/wp\/v2\/comments?post=446"}],"version-history":[{"count":4,"href":"http:\/\/www.rsc.org.tr\/indextr\/index.php\/wp-json\/wp\/v2\/pages\/446\/revisions"}],"predecessor-version":[{"id":732,"href":"http:\/\/www.rsc.org.tr\/indextr\/index.php\/wp-json\/wp\/v2\/pages\/446\/revisions\/732"}],"wp:attachment":[{"href":"http:\/\/www.rsc.org.tr\/indextr\/index.php\/wp-json\/wp\/v2\/media?parent=446"}],"curies":[{"name":"wp","href":"https:\/\/api.w.org\/{rel}","templated":true}]}}