{"id":443,"date":"2014-06-26T11:00:22","date_gmt":"2014-06-26T08:00:22","guid":{"rendered":"http:\/\/www.rsc.org.tr\/indextr\/?page_id=443"},"modified":"2014-07-02T15:49:59","modified_gmt":"2014-07-02T12:49:59","slug":"elektrik-elektronik-sistemleri","status":"publish","type":"page","link":"http:\/\/www.rsc.org.tr\/indextr\/index.php\/elektrik-elektronik-sistemleri\/","title":{"rendered":"ELEKTR\u0130K &#8211; ELEKTRON\u0130K S\u0130STEMLER\u0130"},"content":{"rendered":"<p><span style=\"color:#ffffff;\">&nbsp;<span><\/p>\n<p><a title=\"BEKEL BEYAZ E\u015eYA SAN. ve T\u0130C. A.\u015e.\" href=\"http:\/\/www.rsc.org.tr\/indextr\/index.php\/bekel-beyaz-esya-san-ve-tic-a-s\/\"><img loading=\"lazy\" decoding=\"async\" class=\"wp-image-544 size-thumbnail alignleft\" src=\"http:\/\/biltay.net\/rsc\/wp-content\/uploads\/2014\/06\/bekel-150x150.png\" alt=\"Sava\u015f \u00d6ZAYDEM\u0130R\" width=\"150\" height=\"150\" \/><\/a><\/p>\n<p><span style=\"color:#ffffff;\">&nbsp;<span><\/p>\n<p><strong>BEKEL BEYAZ E\u015eYA SAN. ve T\u0130C. A.\u015e.<\/strong><\/p>\n<p style=\"text-align: justify;\">Beyaz E\u015fya Yan Sanayi sekt\u00f6r\u00fcnde faaliyet g\u00f6steren Endel Beyaz Grup, b\u00fcnyesindeki Kabel A.\u015e., Bekel A.\u015e. ve Endel A.\u015e. \u015firketlerinde beyaz e\u015fya kablo gruplar\u0131, bula\u015f\u0131k makinesi sepeti ve buzdolab\u0131 kondanseri \u00fcretmektedir. <a title=\"BEKEL BEYAZ E\u015eYA SAN. ve T\u0130C. A.\u015e.\" href=\"http:\/\/www.rsc.org.tr\/indextr\/index.php\/bekel-beyaz-esya-san-ve-tic-a-s\/\">Detaylar&#8230;<\/a><\/p>\n<p><span style=\"color:#ffffff;\">&nbsp;<span><\/p>\n<p><span style=\"color:#ffffff;\">&nbsp;<span><\/p>\n<hr \/>\n<p><span style=\"color:#ffffff;\">&nbsp;<span><\/p>\n<p><span style=\"color:#ffffff;\">&nbsp;<span><\/p>\n<p><a title=\"KEMSAN \u2013 KAYNAK ELEKTRON\u0130K MAK. SAN. T\u0130C. LTD. \u015eT\u0130.\" href=\"http:\/\/www.rsc.org.tr\/indextr\/index.php\/kemsan-kaynak-elektronik-mak-san-tic-ltd-sti\/\"><img loading=\"lazy\" decoding=\"async\" class=\"alignleft wp-image-99 size-thumbnail\" src=\"http:\/\/biltay.net\/rsc\/wp-content\/uploads\/2014\/06\/kaynak-mak-150x150.png\" alt=\"Adil CEYHAN\" width=\"150\" height=\"150\" \/><\/a><\/p>\n<p><strong>KEMSAN &#8211; KAYNAK ELEKTRON\u0130K MAK. SAN. T\u0130C. LTD. \u015eT\u0130.<\/strong><\/p>\n<p style=\"text-align: justify;\">1989 y\u0131l\u0131nda kaliteli enerjiye olan ihtiya\u00e7lar do\u011frultusunda, Kemsan marka Kesintisiz G\u00fc\u00e7 Kayna\u011f\u0131 tasar\u0131m, \u00fcretim, pazarlama ve teknik servis faaliyetlerini y\u00fcr\u00fctmek \u00fczere kurulmu\u015f bir G\u00fc\u00e7 Elektroni\u011fi firmas\u0131d\u0131r. <a title=\"KEMSAN \u2013 KAYNAK ELEKTRON\u0130K MAK. SAN. T\u0130C. LTD. \u015eT\u0130.\" href=\"http:\/\/www.rsc.org.tr\/indextr\/index.php\/kemsan-kaynak-elektronik-mak-san-tic-ltd-sti\/\">Detaylar&#8230;<\/a><\/p>\n<p><span style=\"color:#ffffff;\">&nbsp;<span><\/p>\n<p><span style=\"color:#ffffff;\">&nbsp;<span><\/p>\n<hr \/>\n<p><span style=\"color:#ffffff;\">&nbsp;<span><\/p>\n<p><span style=\"color:#ffffff;\">&nbsp;<span><\/p>\n<p><a title=\"MEDEL ELKT. ELKTRO. SAN. LTD. \u015eT\u0130.\" href=\"http:\/\/www.rsc.org.tr\/indextr\/index.php\/medel-elkt-elktro-san-ltd-sti\/\"><img loading=\"lazy\" decoding=\"async\" class=\"alignleft wp-image-101 size-thumbnail\" src=\"http:\/\/biltay.net\/rsc\/wp-content\/uploads\/2014\/06\/medel-150x150.jpg\" alt=\"Ali Niyazi SARIMADEN\" width=\"150\" height=\"150\" \/><\/a><strong>MEDEL ELKT. ELKTRO. SAN. LTD. \u015eT\u0130.\u00a0<\/strong><\/p>\n<p style=\"text-align: justify;\">1994 y\u0131l\u0131nda kurulan MEDEL Elektronik \u015eirketi \u0130stanbul\u2019da bulunan \u00fcretim tesisinde \u00fcretilen 400.000\u2019dan fazla \u00fcr\u00fcn\u00fcn\u00fc, yurti\u00e7inin yan\u0131 s\u0131ra Asya, Ortado\u011fu ve Balkanlarda faaliyet g\u00f6steren sat\u0131\u015f ve pazarlama a\u011f\u0131 ile t\u00fcm d\u00fcnyan\u0131n hizmetine sunmu\u015ftur. <a title=\"MEDEL ELKT. ELKTRO. SAN. LTD. \u015eT\u0130.\" href=\"http:\/\/www.rsc.org.tr\/indextr\/index.php\/medel-elkt-elktro-san-ltd-sti\/\">Detaylar&#8230;<\/a><\/p>\n<p><span style=\"color:#ffffff;\">&nbsp;<span><\/p>\n<p><span style=\"color:#ffffff;\">&nbsp;<span><\/p>\n<hr \/>\n<p><a title=\"SAVRON\u0130K ELEKTRON\u0130K\" href=\"http:\/\/www.rsc.org.tr\/indextr\/index.php\/savronik-elektronik\/\"><img loading=\"lazy\" decoding=\"async\" class=\"alignleft wp-image-106 size-thumbnail\" src=\"http:\/\/biltay.net\/rsc\/wp-content\/uploads\/2014\/06\/savronik-150x150.png\" alt=\"Mehmet Kenan I\u015eIK \" width=\"150\" height=\"150\" \/><\/a><\/p>\n<p><span style=\"color:#ffffff;\">&nbsp;<span><\/p>\n<p><strong>SAVRON\u0130K ELEKTRON\u0130K<\/strong><\/p>\n<p style=\"text-align: justify;\">Savronik\u2019in vizyonu milli bir Ar-Ge evi olarak \u00fclke i\u00e7inde savunma ama\u00e7l\u0131 elektronik cihaz ve sistem gereksinimlerine daha geni\u015f spektrumda \u00e7\u00f6z\u00fcmler olu\u015ftururken, T\u00fcrk Savunma Sanayii Politikas\u0131 ve Stratejisi Esaslar\u0131 ile uyumlu d\u0131\u015f pazarlara a\u00e7\u0131lmay\u0131 sa\u011flamakt\u0131r. <a title=\"SAVRON\u0130K ELEKTRON\u0130K\" href=\"http:\/\/www.rsc.org.tr\/indextr\/index.php\/savronik-elektronik\/\">Detaylar&#8230;<\/a><\/p>\n<p><span style=\"color:#ffffff;\">&nbsp;<span><\/p>\n<p><span style=\"color:#ffffff;\">&nbsp;<span><\/p>\n<hr \/>\n<p><span style=\"color:#ffffff;\">&nbsp;<span><\/p>\n<p><a title=\"SOM PANO SAN. T\u0130C. LTD \u015eT\u0130.\" href=\"http:\/\/www.rsc.org.tr\/indextr\/index.php\/som-pano-san-tic-ltd-sti\/\"><img loading=\"lazy\" decoding=\"async\" class=\"alignleft wp-image-108 size-thumbnail\" src=\"http:\/\/biltay.net\/rsc\/wp-content\/uploads\/2014\/06\/somPano-150x150.jpg\" alt=\"Orhan CO\u015eKUN \" width=\"150\" height=\"150\" \/><\/a><\/p>\n<p><span style=\"color:#ffffff;\">&nbsp;<span><\/p>\n<p><strong>SOM PANO SAN. T\u0130C. LTD \u015eT\u0130.<\/strong><\/p>\n<p style=\"text-align: justify;\">Som Pano San. ve Tic. Ltd. \u015et\u0130. 1983 y\u0131l\u0131nda kurulmu\u015f olup, i\u015fletmede elektrik panolar\u0131 imalat\u0131 ile her t\u00fcrl\u00fc sa\u00e7 kesme, k\u0131v\u0131rma ve kaynakl\u0131 birle\u015ftirme i\u015fleri yap\u0131lmaktad\u0131r. <a title=\"SOM PANO SAN. T\u0130C. LTD \u015eT\u0130.\" href=\"http:\/\/www.rsc.org.tr\/indextr\/index.php\/som-pano-san-tic-ltd-sti\/\">Detaylar&#8230;<\/a><\/p>\n<p><span style=\"color:#ffffff;\">&nbsp;<span><\/p>\n<p><span style=\"color:#ffffff;\">&nbsp;<span><\/p>\n<p><span style=\"color:#ffffff;\">&nbsp;<span><\/p>\n<hr \/>\n<p><span style=\"color:#ffffff;\">&nbsp;<span><\/p>\n<p><a title=\"GATE ELEKTRON\u0130K\" href=\"http:\/\/www.rsc.org.tr\/indextr\/index.php\/gate-elektronik\/\"><img loading=\"lazy\" decoding=\"async\" class=\"size-thumbnail wp-image-118 alignleft\" src=\"http:\/\/biltay.net\/rsc\/wp-content\/uploads\/2014\/06\/gate-150x150.png\" alt=\"Hikmet \u00d6ZCAN\" width=\"150\" height=\"150\" \/><\/a><\/p>\n<p><strong>GATE ELEKTRON\u0130K<\/strong><\/p>\n<p style=\"text-align: justify;\">1989 y\u0131l\u0131nda, \u00a0sivil ve askeri elektronik sistemler i\u00e7in ar\u0131za tespit, ar\u0131za giderme, depo seviyesi bak\u0131m onar\u0131m hizmeti vermek amac\u0131yla kurulan GATE Elektronik, \u00a0bug\u00fcn itibariyle elektronik ve bili\u015fim sekt\u00f6r\u00fcnde Ar-Ge, sistem tasar\u0131m\u0131, entegrasyon, \u00fcretim, g\u00f6m\u00fcl\u00fc yaz\u0131l\u0131m, uygulama yaz\u0131l\u0131m\u0131\u00a0 geli\u015ftirme faaliyetleri y\u00fcr\u00fctmektedir. <a title=\"GATE ELEKTRON\u0130K\" href=\"http:\/\/www.rsc.org.tr\/indextr\/index.php\/gate-elektronik\/\">Detaylar&#8230;<\/a><\/p>\n<p><span style=\"color:#ffffff;\">&nbsp;<span><\/p>\n<p><span style=\"color:#ffffff;\">&nbsp;<span><\/p>\n<hr \/>\n<p><span style=\"color:#ffffff;\">&nbsp;<span><\/p>\n<p><span style=\"color:#ffffff;\">&nbsp;<span><\/p>\n<p><em><strong>\u00a0<a title=\"KATEGOR\u0130LER\" href=\"http:\/\/www.rsc.org.tr\/indextr\/index.php\/kategoriler\/\">KATEGOR\u0130LER <\/a>&gt;&gt;<\/strong><\/em><\/p>\n","protected":false},"excerpt":{"rendered":"<p>&nbsp; &nbsp; BEKEL BEYAZ E\u015eYA SAN. ve T\u0130C. A.\u015e. Beyaz E\u015fya Yan Sanayi sekt\u00f6r\u00fcnde faaliyet g\u00f6steren Endel Beyaz Grup, b\u00fcnyesindeki Kabel A.\u015e., Bekel A.\u015e. ve Endel A.\u015e. \u015firketlerinde beyaz e\u015fya kablo gruplar\u0131, bula\u015f\u0131k makinesi sepeti ve buzdolab\u0131 kondanseri \u00fcretmektedir. Detaylar&#8230; &nbsp; &nbsp; &nbsp; &nbsp; KEMSAN &#8211; KAYNAK ELEKTRON\u0130K MAK. SAN. T\u0130C. LTD. \u015eT\u0130. 1989 y\u0131l\u0131nda [&hellip;]<\/p>\n","protected":false},"author":1,"featured_media":0,"parent":0,"menu_order":0,"comment_status":"closed","ping_status":"closed","template":"page-full-width.php","meta":{"footnotes":""},"class_list":["post-443","page","type-page","status-publish","hentry"],"_links":{"self":[{"href":"http:\/\/www.rsc.org.tr\/indextr\/index.php\/wp-json\/wp\/v2\/pages\/443","targetHints":{"allow":["GET"]}}],"collection":[{"href":"http:\/\/www.rsc.org.tr\/indextr\/index.php\/wp-json\/wp\/v2\/pages"}],"about":[{"href":"http:\/\/www.rsc.org.tr\/indextr\/index.php\/wp-json\/wp\/v2\/types\/page"}],"author":[{"embeddable":true,"href":"http:\/\/www.rsc.org.tr\/indextr\/index.php\/wp-json\/wp\/v2\/users\/1"}],"replies":[{"embeddable":true,"href":"http:\/\/www.rsc.org.tr\/indextr\/index.php\/wp-json\/wp\/v2\/comments?post=443"}],"version-history":[{"count":4,"href":"http:\/\/www.rsc.org.tr\/indextr\/index.php\/wp-json\/wp\/v2\/pages\/443\/revisions"}],"predecessor-version":[{"id":665,"href":"http:\/\/www.rsc.org.tr\/indextr\/index.php\/wp-json\/wp\/v2\/pages\/443\/revisions\/665"}],"wp:attachment":[{"href":"http:\/\/www.rsc.org.tr\/indextr\/index.php\/wp-json\/wp\/v2\/media?parent=443"}],"curies":[{"name":"wp","href":"https:\/\/api.w.org\/{rel}","templated":true}]}}