{"id":428,"date":"2014-06-26T10:55:45","date_gmt":"2014-06-26T07:55:45","guid":{"rendered":"http:\/\/www.rsc.org.tr\/indextr\/?page_id=428"},"modified":"2015-02-06T16:37:50","modified_gmt":"2015-02-06T14:37:50","slug":"nasil-uye-olunur","status":"publish","type":"page","link":"http:\/\/www.rsc.org.tr\/indextr\/index.php\/nasil-uye-olunur\/","title":{"rendered":"NASIL \u00dcYE OLUNUR?"},"content":{"rendered":"<p style=\"text-align: justify;\"><span style=\"color: #ffffff;\">\u00a0<\/span><\/p>\n<p style=\"text-align: justify;\">Fiil ehliyetine sahip bulunan ve derne\u011fin ama\u00e7 ve ilkelerini benimseyerek bu do\u011frultuda \u00e7al\u0131\u015fmay\u0131 kabul eden ve Mevzuat\u0131n \u00f6ng\u00f6rd\u00fc\u011f\u00fc ko\u015fullar\u0131n\u0131 ta\u015f\u0131yan her ger\u00e7ek ve t\u00fczel ki\u015fi Rayl\u0131 Sistemler K\u00fcmelenmesi Derne\u011fi\u2019ne \u00fcye olma hakk\u0131na sahiptir. \u00dcyelik talebinde bulunan ger\u00e7ek\/t\u00fczel ki\u015fi, belirlenen y\u0131ll\u0131k \u00fcyelik aidat\u0131n\u0131 zaman\u0131nda \u00f6demeyi kabul eder. \u00dcyelik aidat\u0131: As\u0131l \u00fcyeler i\u00e7in senelik1.200 TL, Akademik \u00fcyeler i\u00e7in 200 TL olarak belirlenmi\u015ftir.<\/p>\n<p style=\"text-align: justify;\">Dernek ba\u015fkanl\u0131\u011f\u0131na,\u00a0&#8220;<a href=\"http:\/\/biltay.net\/rsc\/wp-content\/uploads\/2014\/06\/RSKD_Uyelik_Basvuru_Formu_OK.doc\">\u00dcyelik Ba\u015fvuru Formu<\/a>\u201d doldurularak yap\u0131lan \u00fcyelik ba\u015fvurusu, dernek Y\u00f6netim Kurulu\u2019nca en \u00e7ok otuz g\u00fcn i\u00e7inde \u00fcyeli\u011fi karara ba\u011flan\u0131r ve sonu\u00e7 yaz\u0131yla ba\u015fvuru sahibine bildirilir. Derne\u011fin as\u0131l \u00fcyeleri, derne\u011fin kurucular\u0131 ile m\u00fcracaatlar\u0131 \u00fczerine Y\u00f6netim Kurulu\u2019nca \u00fcyeli\u011fe kabul edilen ki\u015filerdir.<\/p>\n<p style=\"text-align: justify;\">\n<p>&nbsp;<\/p>\n","protected":false},"excerpt":{"rendered":"<p>\u00a0 Fiil ehliyetine sahip bulunan ve derne\u011fin ama\u00e7 ve ilkelerini benimseyerek bu do\u011frultuda \u00e7al\u0131\u015fmay\u0131 kabul eden ve Mevzuat\u0131n \u00f6ng\u00f6rd\u00fc\u011f\u00fc ko\u015fullar\u0131n\u0131 ta\u015f\u0131yan her ger\u00e7ek ve t\u00fczel ki\u015fi Rayl\u0131 Sistemler K\u00fcmelenmesi Derne\u011fi\u2019ne \u00fcye olma hakk\u0131na sahiptir. \u00dcyelik talebinde bulunan ger\u00e7ek\/t\u00fczel ki\u015fi, belirlenen y\u0131ll\u0131k \u00fcyelik aidat\u0131n\u0131 zaman\u0131nda \u00f6demeyi kabul eder. \u00dcyelik aidat\u0131: As\u0131l \u00fcyeler i\u00e7in senelik1.200 TL, Akademik [&hellip;]<\/p>\n","protected":false},"author":1,"featured_media":0,"parent":0,"menu_order":0,"comment_status":"closed","ping_status":"closed","template":"page-full-width.php","meta":{"footnotes":""},"class_list":["post-428","page","type-page","status-publish","hentry"],"_links":{"self":[{"href":"http:\/\/www.rsc.org.tr\/indextr\/index.php\/wp-json\/wp\/v2\/pages\/428","targetHints":{"allow":["GET"]}}],"collection":[{"href":"http:\/\/www.rsc.org.tr\/indextr\/index.php\/wp-json\/wp\/v2\/pages"}],"about":[{"href":"http:\/\/www.rsc.org.tr\/indextr\/index.php\/wp-json\/wp\/v2\/types\/page"}],"author":[{"embeddable":true,"href":"http:\/\/www.rsc.org.tr\/indextr\/index.php\/wp-json\/wp\/v2\/users\/1"}],"replies":[{"embeddable":true,"href":"http:\/\/www.rsc.org.tr\/indextr\/index.php\/wp-json\/wp\/v2\/comments?post=428"}],"version-history":[{"count":6,"href":"http:\/\/www.rsc.org.tr\/indextr\/index.php\/wp-json\/wp\/v2\/pages\/428\/revisions"}],"predecessor-version":[{"id":545,"href":"http:\/\/www.rsc.org.tr\/indextr\/index.php\/wp-json\/wp\/v2\/pages\/428\/revisions\/545"}],"wp:attachment":[{"href":"http:\/\/www.rsc.org.tr\/indextr\/index.php\/wp-json\/wp\/v2\/media?parent=428"}],"curies":[{"name":"wp","href":"https:\/\/api.w.org\/{rel}","templated":true}]}}