{"id":400,"date":"2014-06-25T14:45:59","date_gmt":"2014-06-25T11:45:59","guid":{"rendered":"http:\/\/www.rsc.org.tr\/indextr\/?page_id=400"},"modified":"2015-02-27T14:02:05","modified_gmt":"2015-02-27T12:02:05","slug":"makine-muhendislik","status":"publish","type":"page","link":"http:\/\/www.rsc.org.tr\/indextr\/index.php\/makine-muhendislik\/","title":{"rendered":"MAK\u0130NE &#8211; M\u00dcHEND\u0130SL\u0130K"},"content":{"rendered":"<p><span style=\"color: #ffffff;\">\u00a0<\/span><\/p>\n<p><span style=\"color: #ffffff;\">\u00a0<\/span><\/p>\n<p><a title=\"AKAR MAK\u0130NA SAN. ve T\u0130C. LTD. \u015eT\u0130.\" href=\"http:\/\/www.rsc.org.tr\/indextr\/index.php\/akar-makina-san-ve-tic-ltd-sti\/\"><img loading=\"lazy\" decoding=\"async\" class=\"size-thumbnail wp-image-207 alignleft\" title=\"akar\" src=\"http:\/\/www.rsc.org.tr\/indextr\/wp-content\/uploads\/akar-150x150.jpg\" alt=\"\" width=\"150\" height=\"150\" srcset=\"http:\/\/www.rsc.org.tr\/indextr\/wp-content\/uploads\/akar-150x150.jpg 150w, http:\/\/www.rsc.org.tr\/indextr\/wp-content\/uploads\/akar.jpg 300w\" sizes=\"auto, (max-width: 150px) 100vw, 150px\" \/><\/a><\/p>\n<p><strong>AKAR MAK\u0130NA SAN. ve T\u0130C. LTD. \u015eT\u0130.<\/strong><\/p>\n<p>1990 y\u0131l\u0131nda kurulmu\u015f olan Akar Makina, Demir \u00c7elik End\u00fcstrisi ve Lastik Kaplama Sanayisi i\u00e7in makinalar \u00fcretmekte ayr\u0131ca farkl\u0131 end\u00fcstri kollar\u0131na otoklav ve bas\u0131n\u00e7l\u0131 ekipman imalat\u0131 yapmaktad\u0131r. <a title=\"AKAR MAK\u0130NA SAN. ve T\u0130C. LTD. \u015eT\u0130.\" href=\"http:\/\/www.rsc.org.tr\/indextr\/index.php\/akar-makina-san-ve-tic-ltd-sti\/\">Detaylar&#8230;<\/a><\/p>\n<p><span style=\"color: #ffffff;\">\u00a0<\/span><\/p>\n<p><span style=\"color: #ffffff;\">\u00a0<\/span><\/p>\n<hr \/>\n<p><span style=\"color: #ffffff;\">\u00a0<\/span><\/p>\n<p><a title=\"AYDING\u00d6R MAK\u0130NA SAN. T\u0130C. LTD. \u015eT\u0130.\" href=\"http:\/\/www.rsc.org.tr\/indextr\/index.php\/aydingor-makina-san-tic-ltd-sti\/\"><img loading=\"lazy\" decoding=\"async\" class=\"alignleft\" src=\"http:\/\/biltay.net\/rsc\/wp-content\/uploads\/2014\/06\/aydingor-150x150.png\" alt=\"Hasan AYDING\u00d6R\" width=\"150\" height=\"150\" \/><\/a><\/p>\n<p><span style=\"color: #ffffff;\">\u00a0<\/span><\/p>\n<p><strong>AYDING\u00d6R MAK\u0130NA SAN. T\u0130C. LTD. \u015eT\u0130.<\/strong><\/p>\n<p>1972 y\u0131l\u0131nda kurulan Ayd\u0131ng\u00f6r Makina San. Tic. Ltd. \u015eti. Eski\u015fehir Organize Sanayi B\u00f6lgesindeki 3500 m2 kapal\u0131 alanda Havac\u0131l\u0131k ve Savunma Sanayi, Denizcilik, Demiryollar\u0131, Madencilik ve A\u011f\u0131r Sanayiye hizmet vermekle birlikte Makina Park\u0131na uygun de\u011fi\u015fik sekt\u00f6rlere de fason imalat yapmaktad\u0131r. <a title=\"AYDING\u00d6R MAK\u0130NA SAN. T\u0130C. LTD. \u015eT\u0130.\" href=\"http:\/\/www.rsc.org.tr\/indextr\/index.php\/aydingor-makina-san-tic-ltd-sti\/\">Detaylar&#8230;<\/a><\/p>\n<p><span style=\"color: #ffffff;\">\u00a0<\/span><\/p>\n<p><span style=\"color: #ffffff;\">\u00a0<\/span><\/p>\n<hr \/>\n<p><span style=\"color: #ffffff;\">\u00a0<\/span><\/p>\n<p><span style=\"color: #ffffff;\">\u00a0<\/span><\/p>\n<p><a title=\"\u00c7INA OTOMOT\u0130V MAK. SAN. T\u0130C. LTD. \u015eT\u0130.\" href=\"http:\/\/www.rsc.org.tr\/indextr\/index.php\/cina-otomotiv-mak-san-tic-ltd-sti\/\"><img loading=\"lazy\" decoding=\"async\" class=\"alignleft\" src=\"http:\/\/biltay.net\/rsc\/wp-content\/uploads\/2014\/06\/cina-logo-150x150.jpg\" alt=\"Evren \u00c7INA\" width=\"150\" height=\"150\" \/><\/a><\/p>\n<p><strong>\u00c7INA OTOMOT\u0130V MAK. SAN. T\u0130C. LTD. \u015eT\u0130.<\/strong><\/p>\n<p>\u00c7\u0131na Otomotiv Makina San. ve Tic. Ltd. \u015eti, 1975 y\u0131l\u0131nda, a\u011f\u0131r vas\u0131ta s\u00fcspansiyon ve \u015fase sistemleri ile bunlar\u0131n yedek par\u00e7alar\u0131n\u0131n sat\u0131\u015f, servis ve tadilat hizmetiyle yerini ald\u0131\u011f\u0131 i\u015f hayat\u0131na, 2005 y\u0131l\u0131nda tala\u015fl\u0131 imalat sekt\u00f6r\u00fcnde faaliyete ba\u015flayarak, otomotiv yedek par\u00e7alar\u0131 ve makine par\u00e7alar\u0131 \u00fcretimini de b\u00fcnyesine kat\u0131p m\u00fc\u015fterilerine hizmet etmeye devam etmektedir. <a title=\"\u00c7INA OTOMOT\u0130V MAK. SAN. T\u0130C. LTD. \u015eT\u0130.\" href=\"http:\/\/www.rsc.org.tr\/indextr\/index.php\/cina-otomotiv-mak-san-tic-ltd-sti\/\">Detaylar&#8230;<\/a><\/p>\n<p><span style=\"color: #ffffff;\">\u00a0<\/span><\/p>\n<p><span style=\"color: #ffffff;\">\u00a0<\/span><\/p>\n<p><span style=\"color: #ffffff;\">\u00a0<\/span><\/p>\n<hr \/>\n<p><a title=\"EJS ESK\u0130\u015eEH\u0130R JANT ve MAK. SAN. T\u0130C. A.\u015e.\" href=\"http:\/\/www.rsc.org.tr\/indextr\/index.php\/ejs-eskisehir-jant-ve-mak-san-tic-a-s\/\"><img loading=\"lazy\" decoding=\"async\" class=\"alignleft\" src=\"http:\/\/biltay.net\/rsc\/wp-content\/uploads\/2014\/06\/ejs-150x150.png\" alt=\"Cenap A\u015eAN\" width=\"150\" height=\"150\" \/><\/a><\/p>\n<p><span style=\"color: #ffffff;\">\u00a0<\/span><\/p>\n<p><strong>EJS ESK\u0130\u015eEH\u0130R JANT ve MAK. SAN. T\u0130C. A.\u015e.<\/strong> ,<\/p>\n<p>EJS TURBOMAK, motor par\u00e7alar\u0131 \u00fcretimi yapan bir Eski\u015fehir firmas\u0131d\u0131r. RSC &#8211; Eski\u015fehir Rayl\u0131 Sistemler K\u00fcmelenmesi i\u00e7inde yer almaktad\u0131r. <a title=\"EJS ESK\u0130\u015eEH\u0130R JANT ve MAK. SAN. T\u0130C. A.\u015e.\" href=\"http:\/\/www.rsc.org.tr\/indextr\/index.php\/ejs-eskisehir-jant-ve-mak-san-tic-a-s\/\">Detaylar&#8230;<\/a><\/p>\n<p><span style=\"color: #ffffff;\">\u00a0<\/span><\/p>\n<p><span style=\"color: #ffffff;\">\u00a0<\/span><\/p>\n<hr \/>\n<p><a title=\"EMEK \u00d6ZEL CIVATA SAN. T\u0130C. LTD. \u015eT\u0130.\" href=\"http:\/\/www.rsc.org.tr\/indextr\/index.php\/emek-ozel-civata-san-tic-ltd-sti\/\"><img loading=\"lazy\" decoding=\"async\" class=\"alignleft\" src=\"http:\/\/biltay.net\/rsc\/wp-content\/uploads\/2014\/06\/images-150x150.jpg\" alt=\"Onur TU\u011e\" width=\"150\" height=\"150\" \/><\/a><\/p>\n<p><span style=\"color: #ffffff;\">\u00a0<\/span><\/p>\n<p><strong>EMEK \u00d6ZEL CIVATA SAN. T\u0130C. LTD. \u015eT\u0130.<\/strong><\/p>\n<p>Emek \u00d6zel C\u0131vata 1993&#8217;de \u00fcretime ba\u015flam\u0131\u015f bir Eski\u015fehir firmas\u0131d\u0131r. C\u0131vata, conta, somun, burgulu \u00e7ubuk \u00fcretimi yapmaktad\u0131r. <a title=\"EMEK \u00d6ZEL CIVATA SAN. T\u0130C. LTD. \u015eT\u0130.\" href=\"http:\/\/www.rsc.org.tr\/indextr\/index.php\/emek-ozel-civata-san-tic-ltd-sti\/\">Detaylar&#8230;<\/a><\/p>\n<p><span style=\"color: #ffffff;\">\u00a0<\/span><\/p>\n<p><span style=\"color: #ffffff;\">\u00a0<\/span><\/p>\n<hr \/>\n<p><span style=\"color: #ffffff;\">\u00a0<\/span><\/p>\n<p><span style=\"color: #ffffff;\">\u00a0<\/span><\/p>\n<p><a title=\"H\u0130SARLAR MAK. SAN. T\u0130C. A.\u015e.\" href=\"http:\/\/www.rsc.org.tr\/indextr\/index.php\/hisarlar-mak-san-tic-a-s\/\"><img loading=\"lazy\" decoding=\"async\" class=\"alignleft\" src=\"http:\/\/biltay.net\/rsc\/wp-content\/uploads\/2014\/06\/hisarlar-150x150.jpg\" alt=\"Zafer T\u00dcRKER\" width=\"150\" height=\"150\" \/><\/a><\/p>\n<p><strong>H\u0130SARLAR MAK. SAN. T\u0130C. A.\u015e.<\/strong><\/p>\n<p>H\u0130SARLAR MAK\u0130NA A.\u015e. kurucu ba\u015fkan Fazl\u0131 T\u00fcrker\u2019in 1974 y\u0131l\u0131nda Eski\u015fehir\u2019de Her-\u0130\u015f ad\u0131yla k\u00fc\u00e7\u00fck bir kaporta tamirat at\u00f6lyesi kurmas\u0131yla ba\u015flayan yolculu\u011funa T\u00fcrkiye\u2019 nin ilk trakt\u00f6r kabini imalat\u0131, 1985 y\u0131l\u0131nda T\u00fcrkiye\u2019 nin ilk toprak i\u015fleme makinas\u0131 imalat\u0131 ve 1988 y\u0131l\u0131nda Hollanda\u2019ya i\u015f makinas\u0131 kabini ihracat\u0131 ilkleri aras\u0131nda yer alarak devam etmektedir. <a title=\"H\u0130SARLAR MAK. SAN. T\u0130C. A.\u015e.\" href=\"http:\/\/www.rsc.org.tr\/indextr\/index.php\/hisarlar-mak-san-tic-a-s\/\">Detaylar&#8230;<\/a><\/p>\n<p><span style=\"color: #ffffff;\">\u00a0<\/span><\/p>\n<p><span style=\"color: #ffffff;\">\u00a0<\/span><\/p>\n<p><span style=\"color: #ffffff;\">\u00a0<\/span><\/p>\n<hr \/>\n<p><span style=\"color: #ffffff;\"><a href=\"http:\/\/www.rsc.org.tr\/indextr\/wp-content\/uploads\/AAAA2.jpg\"><img loading=\"lazy\" decoding=\"async\" class=\"alignleft size-full wp-image-893\" src=\"http:\/\/www.rsc.org.tr\/indextr\/wp-content\/uploads\/AAAA2.jpg\" alt=\"OMES_ LOGO\" width=\"150\" height=\"150\" \/><\/a>o<br \/>\n<\/span><\/p>\n<p><b>OMES M\u00dcHEND\u0130SL\u0130K. PLA. MAK. SAN. T\u0130C.LTD.\u015eT\u0130.<\/b><\/p>\n<p>OMES, demiryollar\u0131nda her t\u00fcrl\u00fc kaynak i\u015flemleri, tala\u015fl\u0131 imalat, sac kesim ve b\u00fck\u00fcm i\u015flemleri ile proje geli\u015ftirme ve m\u00fchendislik hizmetleri konusunda faaliyet g\u00f6stermektedir.\u00a0Eski\u015fehir\u00a0 Organize Sanayi B\u00f6lgesinde 4000 m2 kapal\u0131,toplam 10000 m2 alanda \u00fcretimine devam etmektedir. <a title=\"OMES M\u00fchendislik Plastik Makina San. ve Tic. LTD. \u015eT\u0130.\" href=\"http:\/\/www.rsc.org.tr\/indextr\/index.php\/895-2\/\">Detaylar&#8230;<\/a><\/p>\n<p>&nbsp;<\/p>\n<p>&nbsp;<\/p>\n<hr class=\"progression-hr\"><\/hr>\n<p><a title=\"JMS MAK. SAN. T\u0130C. A.\u015e.\" href=\"http:\/\/www.rsc.org.tr\/indextr\/index.php\/jms-mak-san-tic-a-s\/\"><img loading=\"lazy\" decoding=\"async\" class=\"alignleft\" src=\"http:\/\/biltay.net\/rsc\/wp-content\/uploads\/2014\/06\/JMS-150x150.png\" alt=\"H\u00fcsn\u00fc Erkan G\u0130RAY\" width=\"150\" height=\"150\" \/><\/a><\/p>\n<p>&nbsp;<\/p>\n<p><strong>JMS MAK. SAN. T\u0130C. A.\u015e.<\/strong><\/p>\n<p>1978 y\u0131l\u0131nda JAMAK ad\u0131yla Eski\u015fehir Organize Sanayi b\u00f6lgesinde jant ve makinalar\u0131 imalat\u0131 yapmak \u00fczere kurulan JMS Makina Sanayi ve Ticaret A.\u015e, 2003\u2019ten bu yana faaliyetlerine 10.000 m2 kapal\u0131, toplam 28.000 m2 alan \u00fczerinde kurulu fabrika sahas\u0131nda devam etmektedir. <a title=\"JMS MAK. SAN. T\u0130C. A.\u015e.\" href=\"http:\/\/www.rsc.org.tr\/indextr\/index.php\/jms-mak-san-tic-a-s\/\">Detaylar&#8230;<\/a><\/p>\n<p><span style=\"color: #ffffff;\">\u00a0<\/span><\/p>\n<p><span style=\"color: #ffffff;\">\u00a0<\/span><\/p>\n<hr \/>\n<p><span style=\"color: #ffffff;\">\u00a0<\/span><\/p>\n<p><a title=\"L\u0130NEER MAK\u0130NA\" href=\"http:\/\/www.rsc.org.tr\/indextr\/index.php\/lineer-makina\/\"><img loading=\"lazy\" decoding=\"async\" class=\"alignleft wp-image-501 size-thumbnail\" src=\"http:\/\/www.rsc.org.tr\/indextr\/wp-content\/uploads\/lineer1-150x150.png\" alt=\"lineer\" width=\"150\" height=\"150\" srcset=\"http:\/\/www.rsc.org.tr\/indextr\/wp-content\/uploads\/lineer1-150x150.png 150w, http:\/\/www.rsc.org.tr\/indextr\/wp-content\/uploads\/lineer1.png 300w\" sizes=\"auto, (max-width: 150px) 100vw, 150px\" \/><\/a><\/p>\n<p><strong>L\u0130NEER MAK\u0130NA<\/strong><\/p>\n<p>Lineer Makina, makine ve makine par\u00e7alar\u0131 \u00fcreten bir Eski\u015fehir firmas\u0131d\u0131r. Eski\u015fehir Rayl\u0131 Sistemler K\u00fcmelenmesi&#8217;ne \u00fcye olarak faaliyetlerini s\u00fcrd\u00fcrmektedir. <a title=\"L\u0130NEER MAK\u0130NA\" href=\"http:\/\/www.rsc.org.tr\/indextr\/index.php\/lineer-makina\/\">Detaylar&#8230;<\/a><\/p>\n<p><span style=\"color: #ffffff;\">\u00a0<\/span><\/p>\n<p><span style=\"color: #ffffff;\">\u00a0<\/span><\/p>\n<hr \/>\n<p><span style=\"color: #ffffff;\">\u00a0<\/span><\/p>\n<p><a title=\"SAFKAR SO\u011eT. KLM. SO\u011e. HAV. TES. \u0130HT. \u0130HR. A.\u015e.\" href=\"http:\/\/www.rsc.org.tr\/indextr\/index.php\/safkar-sogt-klm-sog-hav-tes-iht-ihr-a-s\/\"><img loading=\"lazy\" decoding=\"async\" class=\"alignleft\" src=\"http:\/\/biltay.net\/rsc\/wp-content\/uploads\/2014\/06\/safkar-150x150.jpg\" alt=\"Abdullah Nuri \u00dcNVER\" width=\"150\" height=\"150\" \/><\/a><\/p>\n<p><span style=\"color: #ffffff;\">\u00a0<\/span><\/p>\n<p><strong>SAFKAR SO\u011eT. KLM. SO\u011e. HAV. TES. \u0130HT. \u0130HR. A.\u015e.<\/strong><\/p>\n<p>Safkar So\u011futma Sistemleri, 1980&#8217;li y\u0131llarda kurulmu\u015ftur. Bug\u00fcn otob\u00fcs, midib\u00fcs, minib\u00fcs klimalar\u0131, frigorifik so\u011futucular, metro, tramvay, hafif rayl\u0131 ve tren klimalar\u0131, savunma sanayi \u00fcr\u00fcnleri ve vermekte oldu\u011fu d\u00fcnya \u00e7ap\u0131nda m\u00fchendislik hizmetleri ile, bu boyutta hizmet sunan d\u00fcnyan\u0131n say\u0131l\u0131 firmalar\u0131 aras\u0131ndad\u0131r. <a title=\"SAFKAR SO\u011eT. KLM. SO\u011e. HAV. TES. \u0130HT. \u0130HR. A.\u015e.\" href=\"http:\/\/www.rsc.org.tr\/indextr\/index.php\/safkar-sogt-klm-sog-hav-tes-iht-ihr-a-s\/\">Detaylar&#8230;<\/a><\/p>\n<p><span style=\"color: #ffffff;\">\u00a0<\/span><\/p>\n<p><span style=\"color: #ffffff;\">\u00a0<\/span><\/p>\n<hr \/>\n<p><a title=\"SOLENTEK END. TAS. \u00dcRT. SAN. T\u0130C. A.\u015e.\" href=\"http:\/\/www.rsc.org.tr\/indextr\/index.php\/solentek-end-tas-urt-san-tic-a-s\/\"><img loading=\"lazy\" decoding=\"async\" class=\"alignleft\" src=\"http:\/\/biltay.net\/rsc\/wp-content\/uploads\/2014\/06\/solentek-150x150.png\" alt=\"Muammer ABALI\" width=\"150\" height=\"150\" \/><\/a><\/p>\n<p><span style=\"color: #ffffff;\">\u00a0<\/span><\/p>\n<p><strong>SOLENTEK END. TAS. \u00dcRT. SAN. T\u0130C. A.\u015e.<\/strong><\/p>\n<p>Solentek, Bursa Nil\u00fcfer Organize Sanayi B\u00f6lgesi (NOSAB)&#8217;nde kurulu 9200 m<sup>2<\/sup> \u00fcretim alan\u0131nda, \u00e7a\u011f\u0131n gerektirdi\u011fi teknolojik altyap\u0131s\u0131 ile, solar enerji ve metal i\u015fleme sekt\u00f6rlerinde faaliyet g\u00f6stermektedir.<a title=\"SOLENTEK END. TAS. \u00dcRT. SAN. T\u0130C. A.\u015e.\" href=\"http:\/\/www.rsc.org.tr\/indextr\/index.php\/solentek-end-tas-urt-san-tic-a-s\/\"> Detaylar&#8230;<\/a><\/p>\n<p><span style=\"color: #ffffff;\">\u00a0<\/span><\/p>\n<p><span style=\"color: #ffffff;\">\u00a0<\/span><\/p>\n<hr \/>\n<p><span style=\"color: #ffffff;\">\u00a0<\/span><\/p>\n<p><a title=\"TEKN\u0130KER MAK\u0130NE M\u00dcH. \u0130N\u015e. TAAH. SAN. T\u0130C. LTD. \u015eT\u0130.\" href=\"http:\/\/www.rsc.org.tr\/indextr\/index.php\/tekniker-makine-muh-ins-taah-san-tic-ltd-sti\/\"><img loading=\"lazy\" decoding=\"async\" class=\"alignleft\" src=\"http:\/\/biltay.net\/rsc\/wp-content\/uploads\/2014\/06\/tekniker-150x150.gif\" alt=\"Muzaffer ER\u015eAH\u0130N\" width=\"150\" height=\"150\" \/><\/a><\/p>\n<p><span style=\"color: #ffffff;\">\u00a0<\/span><\/p>\n<p><strong>TEKN\u0130KER MAK\u0130NE M\u00dcH. \u0130N\u015e. TAAH. SAN. T\u0130C. LTD. \u015eT\u0130.<\/strong><\/p>\n<p>Tekniker Makine Limited \u015eirketi 30 y\u0131l\u0131 a\u015fk\u0131n bir s\u00fcre sanayi sitesinde projeye dayal\u0131 \u00f6zel makine imalat\u0131 \u00fczerine faaliyet g\u00f6stermi\u015f olup, 1996 y\u0131l\u0131nda \u015firketle\u015ferek Eski\u015fehir Organize Sanayi B\u00f6lgesinde 2500 m\u00b2 si kapal\u0131 olmak \u00fczere 6000 m\u00b2 alanda hizmet vermeye devam etmektedir. <a title=\"TEKN\u0130KER MAK\u0130NE M\u00dcH. \u0130N\u015e. TAAH. SAN. T\u0130C. LTD. \u015eT\u0130.\" href=\"http:\/\/www.rsc.org.tr\/indextr\/index.php\/tekniker-makine-muh-ins-taah-san-tic-ltd-sti\/\">Detaylar&#8230;<\/a><\/p>\n<p><span style=\"color: #ffffff;\">\u00a0<\/span><\/p>\n<p><span style=\"color: #ffffff;\">\u00a0<\/span><\/p>\n<hr \/>\n<p><span style=\"color: #ffffff;\">\u00a0<\/span><\/p>\n<p><a title=\"TOMR\u0130S MAK\u0130NA\" href=\"http:\/\/www.rsc.org.tr\/indextr\/index.php\/tomris-makina\/\"><img loading=\"lazy\" decoding=\"async\" class=\"alignleft\" src=\"http:\/\/biltay.net\/rsc\/wp-content\/uploads\/2014\/06\/tomris-150x150.png\" alt=\"Serdar TOMR\u0130S \" width=\"150\" height=\"150\" \/><\/a><\/p>\n<p><span style=\"color: #ffffff;\">\u00a0<\/span><\/p>\n<p><strong>TOMR\u0130S MAK\u0130NA<\/strong><\/p>\n<p>TOMR\u0130S MAK\u0130NA, tala\u015fl\u0131 imalat ve \u00e7elik konstr\u00fcksiyon konular\u0131nda Havac\u0131l\u0131k ve Savunma, Otomotiv, Beyaz E\u015fya, G\u0131da, Demir \u00c7elik, D\u00f6k\u00fcm, Seramik, Madencilik ve \u00c7imento Sanayi gibi sekt\u00f6rlere hizmet vermektedir. <a title=\"TOMR\u0130S MAK\u0130NA\" href=\"http:\/\/www.rsc.org.tr\/indextr\/index.php\/tomris-makina\/\">Detaylar&#8230;<\/a><\/p>\n<p><span style=\"color: #ffffff;\">\u00a0<\/span><\/p>\n<hr \/>\n<p><span style=\"color: #ffffff;\">\u00a0<\/span><\/p>\n<p><a title=\"YAKABOYU KAB\u0130N MAK. SAN. T\u0130C. LTD. \u015eT\u0130.\" href=\"http:\/\/www.rsc.org.tr\/indextr\/index.php\/yakaboyu-kabin-mak-san-tic-ltd-sti\/\"><img loading=\"lazy\" decoding=\"async\" class=\"alignleft\" src=\"http:\/\/biltay.net\/rsc\/wp-content\/uploads\/2014\/06\/yakaboyu-150x150.png\" alt=\"\u00d6zg\u00fcr S\u00dcR\u00dcC\u00dc\" width=\"150\" height=\"150\" \/><\/a><\/p>\n<p><span style=\"color: #ffffff;\">\u00a0<\/span><\/p>\n<p><strong>YAKABOYU KAB\u0130N MAK. SAN. T\u0130C. LTD. \u015eT\u0130.<\/strong><\/p>\n<p>1985 y\u0131l\u0131nda H\u00fcseyin S\u00fcr\u00fcc\u00fc liderli\u011finde kurulan Yakaboyu Kabin Makina San., faaliyetlerine 60m\u00b2`lik at\u00f6lyede ba\u015flam\u0131\u015f olup bug\u00fcn 8000m\u00b2 kapal\u0131 7000m\u00b2 a\u00e7\u0131k alanda geli\u015fen son teknolojinin t\u00fcm olanaklar\u0131n\u0131 kullanarak devam etmektedir. <a title=\"YAKABOYU KAB\u0130N MAK. SAN. T\u0130C. LTD. \u015eT\u0130.\" href=\"http:\/\/www.rsc.org.tr\/indextr\/index.php\/yakaboyu-kabin-mak-san-tic-ltd-sti\/\">Detaylar&#8230;<\/a><\/p>\n<p><span style=\"color: #ffffff;\">\u00a0<\/span><\/p>\n<p><span style=\"color: #ffffff;\">\u00a0<\/span><\/p>\n<p><span style=\"color: #ffffff;\">\u00a0<\/span><\/p>\n<hr \/>\n<p><span style=\"color: #ffffff;\">\u00a0<\/span><\/p>\n<p><span style=\"color: #ffffff;\">\u00a0<\/span><\/p>\n<p><a title=\"ZET RED\u00dcKT\u00d6R SAN. T\u0130C. A.\u015e.\" href=\"http:\/\/www.rsc.org.tr\/indextr\/index.php\/zet-reduktor-san-tic-a-s\/\"><img loading=\"lazy\" decoding=\"async\" class=\"alignleft\" src=\"http:\/\/biltay.net\/rsc\/wp-content\/uploads\/2014\/06\/zet-150x150.png\" alt=\"Ahmet \u00d6ZYAZICI\" width=\"150\" height=\"150\" \/><\/a><\/p>\n<p><span style=\"color: #ffffff;\">\u00a0<\/span><\/p>\n<p><strong>ZET RED\u00dcKT\u00d6R SAN. T\u0130C. A.\u015e.<\/strong><\/p>\n<p>\u00dclkemizin ilk red\u00fckt\u00f6r \u00fcreticilerinden olan ZET Red\u00fckt\u00f6r San. ve Tic. A.\u015e. \u00f6nceleri \u0130stanbul Bomonti\u2019de bulunan \u00fcretimini, 1994 y\u0131l\u0131ndan sonra Kurtk\u00f6y\u2019deki tesislerinde s\u00fcrd\u00fcrm\u00fc\u015ft\u00fcr. 2006 y\u0131l\u0131nda Eski\u015fehir Organize Sanayi B\u00f6lgesinde fabrika binas\u0131n\u0131 tamamlayarak \u00fcretime ba\u015flam\u0131\u015ft\u0131r. <a title=\"ZET RED\u00dcKT\u00d6R SAN. T\u0130C. A.\u015e.\" href=\"http:\/\/www.rsc.org.tr\/indextr\/index.php\/zet-reduktor-san-tic-a-s\/\">Detaylar&#8230;<\/a><\/p>\n<p><span style=\"color: #ffffff;\">\u00a0<\/span><\/p>\n<p><span style=\"color: #ffffff;\">\u00a0<\/span><\/p>\n<hr \/>\n<p><a title=\"ENT\u0130L END\u00dcSTR\u0130 YATIRIMLARI T\u0130C. A.\u015e.\" href=\"http:\/\/www.rsc.org.tr\/indextr\/index.php\/entil-endustri-yatirimlari-tic-a-s\/\"><img loading=\"lazy\" decoding=\"async\" class=\"alignleft\" src=\"http:\/\/biltay.net\/rsc\/wp-content\/uploads\/2014\/06\/entil-150x150.jpg\" alt=\"Teoman ALTINOK\" width=\"150\" height=\"150\" \/><\/a><\/p>\n<p><span style=\"color: #ffffff;\">\u00a0<\/span><\/p>\n<p><strong>ENT\u0130L END\u00dcSTR\u0130 YATIRIMLARI T\u0130C. A.\u015e.<\/strong><br \/>\nEntil End\u00fcstri Yat\u0131r\u0131mlar\u0131 Tic. A. \u015e. 1994 y\u0131l\u0131nda kurulmu\u015f bir firmad\u0131r. Ald\u0131\u011f\u0131 kalite ve g\u00fcvence belgeleri, sertifikalar\u0131 ile d\u00f6k\u00fcm sanayiinde faaliyet g\u00f6stermektedir. Son olarak Eski\u015fehir Rayl\u0131 Sistemler K\u00fcmelenmesi \u00fcyeleri aras\u0131na kat\u0131lm\u0131\u015ft\u0131r. <a title=\"ENT\u0130L END\u00dcSTR\u0130 YATIRIMLARI T\u0130C. A.\u015e.\" href=\"http:\/\/www.rsc.org.tr\/indextr\/index.php\/entil-endustri-yatirimlari-tic-a-s\/\">Detaylar&#8230;<\/a><\/p>\n<p><span style=\"color: #ffffff;\">\u00a0<\/span><\/p>\n<p><span style=\"color: #ffffff;\">\u00a0<\/span><\/p>\n<hr \/>\n<p><span style=\"color: #ffffff;\">\u00a0<\/span><\/p>\n<p><a title=\"EYMAK ULUSLARARASI \u0130N\u015e. SAN. T\u0130C. ARA\u015e. LTD. \u015eT\u0130.\" href=\"http:\/\/www.rsc.org.tr\/indextr\/index.php\/eymak-uluslararasi-ins-san-tic-aras-ltd-sti\/\"><img loading=\"lazy\" decoding=\"async\" class=\"alignleft\" src=\"http:\/\/biltay.net\/rsc\/wp-content\/uploads\/2014\/06\/eymak-150x150.jpg\" alt=\"Selim TANYEL\" width=\"150\" height=\"150\" \/><\/a><\/p>\n<p><span style=\"color: #ffffff;\">\u00a0<\/span><\/p>\n<p><strong>EYMAK ULUSLARARASI \u0130N\u015e. SAN. T\u0130C. ARA\u015e. LTD. \u015eT\u0130.<\/strong><\/p>\n<p>Eymak, T\u00fcrkiye ve Orta Do\u011fu b\u00f6lgesinde URB, MGM ve ART URB olu\u015fan URB Grup \u015eirketleri\u2019nin \u00fcretim yelpazesi tek yetkili sat\u0131\u015f ve pazarlama \u015firketidir. URB \u015eirketler Grubu Romanya\u2019da URB ve KRS markalar\u0131 ile \u00fcretim yapan S.C. Rulmenti, Macaristan\u2019da MGM ve T\u00fcrkiye&#8217;de ART markas\u0131 ile \u00fcretim yapan Anadolu Rulman adl\u0131 \u00fc\u00e7 fabrikadan olu\u015fmaktad\u0131r. <a title=\"EYMAK ULUSLARARASI \u0130N\u015e. SAN. T\u0130C. ARA\u015e. LTD. \u015eT\u0130.\" href=\"http:\/\/www.rsc.org.tr\/indextr\/index.php\/eymak-uluslararasi-ins-san-tic-aras-ltd-sti\/\">Detaylar&#8230;<\/a><\/p>\n<p><span style=\"color: #ffffff;\">\u00a0<\/span><\/p>\n<p><span style=\"color: #ffffff;\">\u00a0<\/span><\/p>\n<hr \/>\n<p><span style=\"color: #ffffff;\">\u00a0<\/span><\/p>\n<p><a title=\"\u00c7MS \u00c7ET\u0130N D\u00d6K\u00dcM MAK\u0130NA SAN. VE T\u0130C. LTD. \u015eT\u0130.\" href=\"http:\/\/www.rsc.org.tr\/indextr\/index.php\/cms-cetin-dokum-makina-san-ve-tic-ltd-sti\/\"><img loading=\"lazy\" decoding=\"async\" class=\"size-thumbnail wp-image-618 alignleft\" src=\"http:\/\/www.rsc.org.tr\/indextr\/wp-content\/uploads\/cMS_logo-150x150.png\" alt=\"\u00c7etin B\u0130NG\u00d6L\" width=\"150\" height=\"150\" srcset=\"http:\/\/www.rsc.org.tr\/indextr\/wp-content\/uploads\/cMS_logo-150x150.png 150w, http:\/\/www.rsc.org.tr\/indextr\/wp-content\/uploads\/cMS_logo.png 300w\" sizes=\"auto, (max-width: 150px) 100vw, 150px\" \/><\/a><\/p>\n<p><span style=\"color: #ffffff;\">\u00a0<\/span><\/p>\n<p><strong>\u00c7MS \u00c7ET\u0130N D\u00d6K\u00dcM MAK\u0130NA SAN. VE T\u0130C. LTD. \u015eT\u0130.<\/strong><\/p>\n<p>\u00c7MS \u00c7etin Makina, 1984 y\u0131l\u0131nda Eski\u015fehir sanayi sitesinde kurulmu\u015f olup 1987 y\u0131l\u0131ndan itibaren d\u00f6k\u00fcmhanelere y\u00f6nelik makine imalat\u0131na a\u011f\u0131rl\u0131k vermi\u015ftir. <a title=\"\u00c7MS \u00c7ET\u0130N D\u00d6K\u00dcM MAK\u0130NA SAN. VE T\u0130C. LTD. \u015eT\u0130.\" href=\"http:\/\/www.rsc.org.tr\/indextr\/index.php\/cms-cetin-dokum-makina-san-ve-tic-ltd-sti\/\">Detaylar&#8230;<\/a><\/p>\n<p><span style=\"color: #ffffff;\">\u00a0<\/span><\/p>\n<p><span style=\"color: #ffffff;\">\u00a0<\/span><\/p>\n<hr \/>\n<p><span style=\"color: #ffffff;\">\u00a0<\/span><\/p>\n<p><span style=\"color: #ffffff;\">\u00a0<\/span><\/p>\n<p><span style=\"color: #ffffff;\">\u00a0<\/span><\/p>\n<p><em><strong><a title=\"KATEGOR\u0130LER\" href=\"http:\/\/www.rsc.org.tr\/indextr\/index.php\/kategoriler\/\">KATEGOR\u0130LER<\/a> &gt;&gt;<\/strong><\/em><\/p>\n","protected":false},"excerpt":{"rendered":"<p>\u00a0 \u00a0 AKAR MAK\u0130NA SAN. ve T\u0130C. LTD. \u015eT\u0130. 1990 y\u0131l\u0131nda kurulmu\u015f olan Akar Makina, Demir \u00c7elik End\u00fcstrisi ve Lastik Kaplama Sanayisi i\u00e7in makinalar \u00fcretmekte ayr\u0131ca farkl\u0131 end\u00fcstri kollar\u0131na otoklav ve bas\u0131n\u00e7l\u0131 ekipman imalat\u0131 yapmaktad\u0131r. Detaylar&#8230; \u00a0 \u00a0 \u00a0 \u00a0 AYDING\u00d6R MAK\u0130NA SAN. T\u0130C. LTD. \u015eT\u0130. 1972 y\u0131l\u0131nda kurulan Ayd\u0131ng\u00f6r Makina San. Tic. Ltd. \u015eti. [&hellip;]<\/p>\n","protected":false},"author":1,"featured_media":0,"parent":0,"menu_order":0,"comment_status":"closed","ping_status":"closed","template":"page-full-width.php","meta":{"footnotes":""},"class_list":["post-400","page","type-page","status-publish","hentry"],"_links":{"self":[{"href":"http:\/\/www.rsc.org.tr\/indextr\/index.php\/wp-json\/wp\/v2\/pages\/400","targetHints":{"allow":["GET"]}}],"collection":[{"href":"http:\/\/www.rsc.org.tr\/indextr\/index.php\/wp-json\/wp\/v2\/pages"}],"about":[{"href":"http:\/\/www.rsc.org.tr\/indextr\/index.php\/wp-json\/wp\/v2\/types\/page"}],"author":[{"embeddable":true,"href":"http:\/\/www.rsc.org.tr\/indextr\/index.php\/wp-json\/wp\/v2\/users\/1"}],"replies":[{"embeddable":true,"href":"http:\/\/www.rsc.org.tr\/indextr\/index.php\/wp-json\/wp\/v2\/comments?post=400"}],"version-history":[{"count":12,"href":"http:\/\/www.rsc.org.tr\/indextr\/index.php\/wp-json\/wp\/v2\/pages\/400\/revisions"}],"predecessor-version":[{"id":904,"href":"http:\/\/www.rsc.org.tr\/indextr\/index.php\/wp-json\/wp\/v2\/pages\/400\/revisions\/904"}],"wp:attachment":[{"href":"http:\/\/www.rsc.org.tr\/indextr\/index.php\/wp-json\/wp\/v2\/media?parent=400"}],"curies":[{"name":"wp","href":"https:\/\/api.w.org\/{rel}","templated":true}]}}