{"id":397,"date":"2014-06-25T14:40:35","date_gmt":"2014-06-25T11:40:35","guid":{"rendered":"http:\/\/www.rsc.org.tr\/indextr\/?page_id=397"},"modified":"2014-07-02T15:58:48","modified_gmt":"2014-07-02T12:58:48","slug":"isletme","status":"publish","type":"page","link":"http:\/\/www.rsc.org.tr\/indextr\/index.php\/isletme\/","title":{"rendered":"\u0130\u015eLETME"},"content":{"rendered":"<p><span style=\"color:#ffffff;\">&nbsp;<span><\/p>\n<p><span style=\"color:#ffffff;\">&nbsp;<span><\/p>\n<p><a title=\"ESTRAM-ESK\u0130\u015eEH\u0130R HAF\u0130F RAYLI S\u0130STEMLER \u0130\u015eLETMES\u0130\" href=\"http:\/\/www.rsc.org.tr\/indextr\/index.php\/estram-eskisehir-hafif-rayli-sistemler-isletmesi\/\"><img loading=\"lazy\" decoding=\"async\" class=\"size-thumbnail wp-image-217 alignleft\" title=\"estram\" src=\"http:\/\/www.rsc.org.tr\/indextr\/wp-content\/uploads\/estram-150x150.png\" alt=\"\" width=\"150\" height=\"150\" srcset=\"http:\/\/www.rsc.org.tr\/indextr\/wp-content\/uploads\/estram-150x150.png 150w, http:\/\/www.rsc.org.tr\/indextr\/wp-content\/uploads\/estram.png 300w\" sizes=\"auto, (max-width: 150px) 100vw, 150px\" \/><\/a><\/p>\n<p><span style=\"color:#ffffff;\">&nbsp;<span><\/p>\n<p><strong>ESTRAM-ESK\u0130\u015eEH\u0130R HAF\u0130F RAYLI S\u0130STEMLER \u0130\u015eLETMES\u0130<\/strong><\/p>\n<p>ESTRAM &#8211; Eski\u015fehir Hafif Rayl\u0131 Sistemler \u0130\u015fletmesi 24 Aral\u0131k 2004 tarihinde i\u015fletmeye a\u00e7\u0131lm\u0131\u015ft\u0131r. Eski\u015fehir i\u00e7inde \u015fehri \u00e7aprazlamas\u0131na dola\u015fan tramvay hatt\u0131n\u0131n i\u015fletmesini yapan ESTRAM mevcut lastik tekerlekli toplu ta\u015f\u0131ma sistemlerinin entegrasyonunu sa\u011flam\u0131\u015ft\u0131r. <a title=\"ESTRAM-ESK\u0130\u015eEH\u0130R HAF\u0130F RAYLI S\u0130STEMLER \u0130\u015eLETMES\u0130\" href=\"http:\/\/www.rsc.org.tr\/indextr\/index.php\/estram-eskisehir-hafif-rayli-sistemler-isletmesi\/\">Detaylar&#8230;<\/a><\/p>\n<p><span style=\"color:#ffffff;\">&nbsp;<span><\/p>\n<p><span style=\"color:#ffffff;\">&nbsp;<span><\/p>\n<hr \/>\n<p><span style=\"color:#ffffff;\">&nbsp;<span><\/p>\n<p><span style=\"color:#ffffff;\">&nbsp;<span><\/p>\n<p><span style=\"color:#ffffff;\">&nbsp;<span><\/p>\n<p><span style=\"color:#ffffff;\">&nbsp;<span><\/p>\n<p><em><strong><a title=\"KATEGOR\u0130LER\" href=\"http:\/\/www.rsc.org.tr\/indextr\/index.php\/kategoriler\/\">KATEGOR\u0130LER<\/a> &gt;&gt;<\/strong><\/em><\/p>\n","protected":false},"excerpt":{"rendered":"<p>&nbsp; &nbsp; &nbsp; ESTRAM-ESK\u0130\u015eEH\u0130R HAF\u0130F RAYLI S\u0130STEMLER \u0130\u015eLETMES\u0130 ESTRAM &#8211; Eski\u015fehir Hafif Rayl\u0131 Sistemler \u0130\u015fletmesi 24 Aral\u0131k 2004 tarihinde i\u015fletmeye a\u00e7\u0131lm\u0131\u015ft\u0131r. Eski\u015fehir i\u00e7inde \u015fehri \u00e7aprazlamas\u0131na dola\u015fan tramvay hatt\u0131n\u0131n i\u015fletmesini yapan ESTRAM mevcut lastik tekerlekli toplu ta\u015f\u0131ma sistemlerinin entegrasyonunu sa\u011flam\u0131\u015ft\u0131r. Detaylar&#8230; &nbsp; &nbsp; &nbsp; &nbsp; &nbsp; &nbsp; KATEGOR\u0130LER &gt;&gt;<\/p>\n","protected":false},"author":1,"featured_media":0,"parent":0,"menu_order":0,"comment_status":"closed","ping_status":"closed","template":"page-full-width.php","meta":{"footnotes":""},"class_list":["post-397","page","type-page","status-publish","hentry"],"_links":{"self":[{"href":"http:\/\/www.rsc.org.tr\/indextr\/index.php\/wp-json\/wp\/v2\/pages\/397","targetHints":{"allow":["GET"]}}],"collection":[{"href":"http:\/\/www.rsc.org.tr\/indextr\/index.php\/wp-json\/wp\/v2\/pages"}],"about":[{"href":"http:\/\/www.rsc.org.tr\/indextr\/index.php\/wp-json\/wp\/v2\/types\/page"}],"author":[{"embeddable":true,"href":"http:\/\/www.rsc.org.tr\/indextr\/index.php\/wp-json\/wp\/v2\/users\/1"}],"replies":[{"embeddable":true,"href":"http:\/\/www.rsc.org.tr\/indextr\/index.php\/wp-json\/wp\/v2\/comments?post=397"}],"version-history":[{"count":6,"href":"http:\/\/www.rsc.org.tr\/indextr\/index.php\/wp-json\/wp\/v2\/pages\/397\/revisions"}],"predecessor-version":[{"id":680,"href":"http:\/\/www.rsc.org.tr\/indextr\/index.php\/wp-json\/wp\/v2\/pages\/397\/revisions\/680"}],"wp:attachment":[{"href":"http:\/\/www.rsc.org.tr\/indextr\/index.php\/wp-json\/wp\/v2\/media?parent=397"}],"curies":[{"name":"wp","href":"https:\/\/api.w.org\/{rel}","templated":true}]}}