{"id":394,"date":"2014-06-25T14:37:15","date_gmt":"2014-06-25T11:37:15","guid":{"rendered":"http:\/\/www.rsc.org.tr\/indextr\/?page_id=394"},"modified":"2014-07-03T09:37:32","modified_gmt":"2014-07-03T06:37:32","slug":"vagon-uretimi","status":"publish","type":"page","link":"http:\/\/www.rsc.org.tr\/indextr\/index.php\/vagon-uretimi\/","title":{"rendered":"VAGON \u00dcRET\u0130M\u0130"},"content":{"rendered":"<p><a title=\"T\u00dcLOMSA\u015e \u2013 T\u00dcRK\u0130YE LOKM. MOT. SAN. A. \u015e.\" href=\"http:\/\/www.rsc.org.tr\/indextr\/index.php\/tulomsas-turkiye-lokm-mot-san-a-s\/\"><img loading=\"lazy\" decoding=\"async\" class=\"size-thumbnail wp-image-294 alignleft\" title=\"tulomsas\" src=\"http:\/\/www.rsc.org.tr\/indextr\/wp-content\/uploads\/tulomsas2-150x150.jpg\" alt=\"\" width=\"150\" height=\"150\" srcset=\"http:\/\/www.rsc.org.tr\/indextr\/wp-content\/uploads\/tulomsas2-150x150.jpg 150w, http:\/\/www.rsc.org.tr\/indextr\/wp-content\/uploads\/tulomsas2.jpg 300w\" sizes=\"auto, (max-width: 150px) 100vw, 150px\" \/><\/a><\/p>\n<p><span style=\"color: #ffffff;\">&nbsp;\u00a0<\/span><\/p>\n<p><strong>T\u00dcLOMSA\u015e &#8211; T\u00dcRK\u0130YE LOKM. MOT. SAN. A. \u015e.<\/strong><\/p>\n<p>T\u00dcLOMSA\u015e, TCDD\u2019nin lokomotif ve vagon ihtiyac\u0131n\u0131 kar\u015f\u0131lamak \u00fczere \u00e7e\u015fitli tipte lokomotif, demiryolu bak\u0131m arac\u0131, bojili y\u00fck vagonu, \u00e7esitli tipte dizel motor, alternat\u00f6r, cer motoru, \u00e7elik ve pik d\u00f6k\u00fcm \u00fcretim kapasitesiyle T\u00fcrk A\u011f\u0131r Sanayiinin lokomotifi olarak hizmet vermektedir.<\/p>\n<p><span style=\"color: #ffffff;\">\u00a0&nbsp;<\/span><\/p>\n<p><span style=\"color: #ffffff;\">&nbsp;\u00a0<\/span><\/p>\n<hr \/>\n<p><span style=\"color: #ffffff;\">&nbsp;\u00a0<\/span><\/p>\n<p><span style=\"color: #ffffff;\">&nbsp;\u00a0<\/span><\/p>\n<p><a title=\"ESRAY MAK\u0130NA OTO. \u0130N\u015e. SAN. T\u0130C. A.\u015e.\" href=\"http:\/\/www.rsc.org.tr\/indextr\/index.php\/esray-makina-oto-ins-san-tic-a-s\/\"><img loading=\"lazy\" decoding=\"async\" class=\"size-thumbnail wp-image-216 alignleft\" title=\"esray\" src=\"http:\/\/www.rsc.org.tr\/indextr\/wp-content\/uploads\/esray-150x150.png\" alt=\"\" width=\"150\" height=\"150\" srcset=\"http:\/\/www.rsc.org.tr\/indextr\/wp-content\/uploads\/esray-150x150.png 150w, http:\/\/www.rsc.org.tr\/indextr\/wp-content\/uploads\/esray.png 300w\" sizes=\"auto, (max-width: 150px) 100vw, 150px\" \/><\/a><\/p>\n<p><span style=\"color: #ffffff;\">&nbsp;\u00a0<\/span><\/p>\n<p><strong>ESRAY MAK\u0130NA OTO. \u0130N\u015e. SAN. T\u0130C. A.\u015e.<\/strong><\/p>\n<p>Demiryolu ara\u00e7 gere\u00e7leri ve \u00fcst yap\u0131 ekipmanlar\u0131 sekt\u00f6r\u00fcnde faaliyet g\u00f6steren Esray Mak. Oto. \u0130n\u015f. San. Tic. A.\u015e. vagon imalat\u0131 yapmaktad\u0131r.<\/p>\n<p><span style=\"color: #ffffff;\">\u00a0&nbsp;<\/span><\/p>\n<p><span style=\"color: #ffffff;\">&nbsp;\u00a0<\/span><\/p>\n<hr \/>\n<p><span style=\"color: #ffffff;\">&nbsp;\u00a0<\/span><\/p>\n<p><span style=\"color: #ffffff;\">&nbsp;\u00a0<\/span><\/p>\n<p><em><strong><a title=\"KATEGOR\u0130LER\" href=\"http:\/\/www.rsc.org.tr\/indextr\/index.php\/kategoriler\/\">KATEGOR\u0130LER<\/a> &gt;&gt;<\/strong><\/em><\/p>\n","protected":false},"excerpt":{"rendered":"<p>&nbsp;\u00a0 T\u00dcLOMSA\u015e &#8211; T\u00dcRK\u0130YE LOKM. MOT. SAN. A. \u015e. T\u00dcLOMSA\u015e, TCDD\u2019nin lokomotif ve vagon ihtiyac\u0131n\u0131 kar\u015f\u0131lamak \u00fczere \u00e7e\u015fitli tipte lokomotif, demiryolu bak\u0131m arac\u0131, bojili y\u00fck vagonu, \u00e7esitli tipte dizel motor, alternat\u00f6r, cer motoru, \u00e7elik ve pik d\u00f6k\u00fcm \u00fcretim kapasitesiyle T\u00fcrk A\u011f\u0131r Sanayiinin lokomotifi olarak hizmet vermektedir. \u00a0&nbsp; &nbsp;\u00a0 &nbsp;\u00a0 &nbsp;\u00a0 &nbsp;\u00a0 ESRAY MAK\u0130NA OTO. \u0130N\u015e. [&hellip;]<\/p>\n","protected":false},"author":1,"featured_media":0,"parent":0,"menu_order":0,"comment_status":"closed","ping_status":"closed","template":"page-full-width.php","meta":{"footnotes":""},"class_list":["post-394","page","type-page","status-publish","hentry"],"_links":{"self":[{"href":"http:\/\/www.rsc.org.tr\/indextr\/index.php\/wp-json\/wp\/v2\/pages\/394","targetHints":{"allow":["GET"]}}],"collection":[{"href":"http:\/\/www.rsc.org.tr\/indextr\/index.php\/wp-json\/wp\/v2\/pages"}],"about":[{"href":"http:\/\/www.rsc.org.tr\/indextr\/index.php\/wp-json\/wp\/v2\/types\/page"}],"author":[{"embeddable":true,"href":"http:\/\/www.rsc.org.tr\/indextr\/index.php\/wp-json\/wp\/v2\/users\/1"}],"replies":[{"embeddable":true,"href":"http:\/\/www.rsc.org.tr\/indextr\/index.php\/wp-json\/wp\/v2\/comments?post=394"}],"version-history":[{"count":8,"href":"http:\/\/www.rsc.org.tr\/indextr\/index.php\/wp-json\/wp\/v2\/pages\/394\/revisions"}],"predecessor-version":[{"id":702,"href":"http:\/\/www.rsc.org.tr\/indextr\/index.php\/wp-json\/wp\/v2\/pages\/394\/revisions\/702"}],"wp:attachment":[{"href":"http:\/\/www.rsc.org.tr\/indextr\/index.php\/wp-json\/wp\/v2\/media?parent=394"}],"curies":[{"name":"wp","href":"https:\/\/api.w.org\/{rel}","templated":true}]}}