{"id":385,"date":"2014-06-25T14:26:51","date_gmt":"2014-06-25T11:26:51","guid":{"rendered":"http:\/\/www.rsc.org.tr\/indextr\/?page_id=385"},"modified":"2014-07-02T15:59:34","modified_gmt":"2014-07-02T12:59:34","slug":"kategoriler","status":"publish","type":"page","link":"http:\/\/www.rsc.org.tr\/indextr\/index.php\/kategoriler\/","title":{"rendered":"KATEGOR\u0130LER"},"content":{"rendered":"<table class=\" aligncenter\" width=\"876\">\n<tbody>\n<tr>\n<td width=\"401\"><a href=\"http:\/\/www.rsc.org.tr\/indextr\/index.php\/vagon-uretimi\/\"><img loading=\"lazy\" decoding=\"async\" class=\"size-medium wp-image-206\" title=\"vagon-imalat\" src=\"http:\/\/www.rsc.org.tr\/indextr\/wp-content\/uploads\/vagon-imalat-300x225.jpg\" alt=\"\" width=\"300\" height=\"225\" srcset=\"http:\/\/www.rsc.org.tr\/indextr\/wp-content\/uploads\/vagon-imalat-300x225.jpg 300w, http:\/\/www.rsc.org.tr\/indextr\/wp-content\/uploads\/vagon-imalat.jpg 399w\" sizes=\"auto, (max-width: 300px) 100vw, 300px\" \/><\/a><\/p>\n<table>\n<tbody>\n<tr>\n<td width=\"401\"><\/td>\n<\/tr>\n<\/tbody>\n<\/table>\n<\/td>\n<td width=\"64\"><\/td>\n<td width=\"411\"><a href=\"http:\/\/www.rsc.org.tr\/indextr\/index.php\/isletme\/\"><img loading=\"lazy\" decoding=\"async\" class=\"size-medium wp-image-386 alignnone\" title=\"isletme\" src=\"http:\/\/www.rsc.org.tr\/indextr\/wp-content\/uploads\/isletme-300x224.jpg\" alt=\"\" width=\"300\" height=\"224\" srcset=\"http:\/\/www.rsc.org.tr\/indextr\/wp-content\/uploads\/isletme-300x224.jpg 300w, http:\/\/www.rsc.org.tr\/indextr\/wp-content\/uploads\/isletme.jpg 400w\" sizes=\"auto, (max-width: 300px) 100vw, 300px\" \/><\/a><\/p>\n<table>\n<tbody>\n<tr>\n<td width=\"411\"><\/td>\n<\/tr>\n<\/tbody>\n<\/table>\n<\/td>\n<\/tr>\n<tr>\n<td style=\"text-align: center;\"><strong> VAGON \u00dcRET\u0130M\u0130<\/strong><\/td>\n<td><\/td>\n<td style=\"text-align: center;\"><strong>\u0130\u015eLETME<\/strong><\/td>\n<\/tr>\n<tr>\n<td><\/td>\n<td><\/td>\n<td><\/td>\n<\/tr>\n<\/tbody>\n<\/table>\n<table class=\" aligncenter\" width=\"876\">\n<tbody>\n<tr>\n<td width=\"401\">\n<table>\n<tbody>\n<tr>\n<td width=\"401\"><a href=\"http:\/\/www.rsc.org.tr\/indextr\/index.php\/makine-muhendislik\/ \"><img loading=\"lazy\" decoding=\"async\" class=\"size-medium wp-image-392 alignnone\" title=\"motor-uretim\" src=\"http:\/\/www.rsc.org.tr\/indextr\/wp-content\/uploads\/motor-uretim-300x225.jpg\" alt=\"\" width=\"300\" height=\"225\" srcset=\"http:\/\/www.rsc.org.tr\/indextr\/wp-content\/uploads\/motor-uretim-300x225.jpg 300w, http:\/\/www.rsc.org.tr\/indextr\/wp-content\/uploads\/motor-uretim.jpg 400w\" sizes=\"auto, (max-width: 300px) 100vw, 300px\" \/><\/a><\/td>\n<\/tr>\n<\/tbody>\n<\/table>\n<\/td>\n<td width=\"64\"><\/td>\n<td width=\"411\"><a href=\"http:\/\/www.rsc.org.tr\/indextr\/index.php\/elektrik-elektronik-sistemleri\/\"><img loading=\"lazy\" decoding=\"async\" class=\"aligncenter size-medium wp-image-189\" title=\"elekt-elektro\" src=\"http:\/\/www.rsc.org.tr\/indextr\/wp-content\/uploads\/elekt-elektro-300x224.jpg\" alt=\"\" width=\"300\" height=\"224\" srcset=\"http:\/\/www.rsc.org.tr\/indextr\/wp-content\/uploads\/elekt-elektro-300x224.jpg 300w, http:\/\/www.rsc.org.tr\/indextr\/wp-content\/uploads\/elekt-elektro.jpg 399w\" sizes=\"auto, (max-width: 300px) 100vw, 300px\" \/><\/a><\/p>\n<table>\n<tbody>\n<tr>\n<td width=\"411\"><\/td>\n<\/tr>\n<\/tbody>\n<\/table>\n<\/td>\n<\/tr>\n<tr>\n<td style=\"text-align: center;\"><strong> MAK\u0130NE &#8211; M\u00dcHEND\u0130SL\u0130K<\/strong><\/td>\n<td><\/td>\n<td style=\"text-align: center;\"><strong>ELEKTR\u0130K &#8211; ELEKTRON\u0130K S\u0130STEMLER\u0130<\/strong><\/td>\n<\/tr>\n<tr>\n<td><\/td>\n<td><\/td>\n<td><\/td>\n<\/tr>\n<\/tbody>\n<\/table>\n<table class=\" aligncenter\" width=\"876\">\n<tbody>\n<tr>\n<td width=\"401\"><a href=\" http:\/\/www.rsc.org.tr\/indextr\/index.php\/egitim\/\"><img loading=\"lazy\" decoding=\"async\" class=\"aligncenter size-medium wp-image-188\" title=\"egtm\" src=\"http:\/\/www.rsc.org.tr\/indextr\/wp-content\/uploads\/egtm-300x225.jpg\" alt=\"\" width=\"300\" height=\"225\" srcset=\"http:\/\/www.rsc.org.tr\/indextr\/wp-content\/uploads\/egtm-300x225.jpg 300w, http:\/\/www.rsc.org.tr\/indextr\/wp-content\/uploads\/egtm.jpg 400w\" sizes=\"auto, (max-width: 300px) 100vw, 300px\" \/><\/a><\/p>\n<table>\n<tbody>\n<tr>\n<td width=\"401\"><\/td>\n<\/tr>\n<\/tbody>\n<\/table>\n<\/td>\n<td width=\"64\"><\/td>\n<td width=\"411\"><a href=\"http:\/\/www.rsc.org.tr\/indextr\/index.php\/arastirma\/\"><img loading=\"lazy\" decoding=\"async\" class=\"aligncenter size-medium wp-image-186\" title=\"arastirma\" src=\"http:\/\/www.rsc.org.tr\/indextr\/wp-content\/uploads\/arastirma-300x225.jpg\" alt=\"\" width=\"300\" height=\"225\" srcset=\"http:\/\/www.rsc.org.tr\/indextr\/wp-content\/uploads\/arastirma-300x225.jpg 300w, http:\/\/www.rsc.org.tr\/indextr\/wp-content\/uploads\/arastirma.jpg 400w\" sizes=\"auto, (max-width: 300px) 100vw, 300px\" \/><\/a><\/p>\n<table>\n<tbody>\n<tr>\n<td width=\"411\"><\/td>\n<\/tr>\n<\/tbody>\n<\/table>\n<\/td>\n<\/tr>\n<tr>\n<td style=\"text-align: center;\"><strong> E\u011e\u0130T\u0130M<\/strong><\/td>\n<td style=\"text-align: center;\"><\/td>\n<td style=\"text-align: center;\"><strong>ARA\u015eTIRMA<\/strong><\/td>\n<\/tr>\n<tr>\n<td><\/td>\n<td><\/td>\n<td><\/td>\n<\/tr>\n<\/tbody>\n<\/table>\n<table class=\" aligncenter\" width=\"876\">\n<tbody>\n<tr>\n<td width=\"401\"><a href=\"http:\/\/www.rsc.org.tr\/indextr\/index.php\/diger\/\"><img loading=\"lazy\" decoding=\"async\" class=\"aligncenter size-medium wp-image-387\" title=\"genkurul2-1024x681 - Kopya\" src=\"http:\/\/www.rsc.org.tr\/indextr\/wp-content\/uploads\/genkurul2-1024x681-Kopya-300x224.jpg\" alt=\"\" width=\"300\" height=\"224\" srcset=\"http:\/\/www.rsc.org.tr\/indextr\/wp-content\/uploads\/genkurul2-1024x681-Kopya-300x224.jpg 300w, http:\/\/www.rsc.org.tr\/indextr\/wp-content\/uploads\/genkurul2-1024x681-Kopya.jpg 401w\" sizes=\"auto, (max-width: 300px) 100vw, 300px\" \/><\/a><\/p>\n<table>\n<tbody>\n<tr>\n<td width=\"401\"><\/td>\n<\/tr>\n<\/tbody>\n<\/table>\n<\/td>\n<td width=\"64\"><\/td>\n<td width=\"411\">\n<table>\n<tbody>\n<tr>\n<td width=\"411\"><\/td>\n<\/tr>\n<\/tbody>\n<\/table>\n<\/td>\n<\/tr>\n<tr>\n<td style=\"text-align: center;\"><strong> D\u0130\u011eER<\/strong><\/td>\n<td><\/td>\n<td><\/td>\n<\/tr>\n<tr>\n<td><\/td>\n<td><\/td>\n<td><\/td>\n<\/tr>\n<\/tbody>\n<\/table>\n<p><span style=\"color:#ffffff;\">&nbsp;<span><\/p>\n<p><span style=\"color:#ffffff;\">&nbsp;<span><\/p>\n<p><span style=\"color:#ffffff;\">&nbsp;<span><\/p>\n<p><em><strong><a title=\"\u00dcYELER\u0130M\u0130Z\" href=\"http:\/\/www.rsc.org.tr\/indextr\/index.php\/uyelerimiz\/\">\u00dcYELER\u0130M\u0130Z<\/a> &gt;&gt; <a title=\"NASIL \u00dcYE OLUNUR?\" href=\"http:\/\/www.rsc.org.tr\/indextr\/index.php\/nasil-uye-olunur\/\">NASIL \u00dcYE OLUNUR? <\/a>&gt;&gt;<\/strong><\/em><\/p>\n","protected":false},"excerpt":{"rendered":"<p>VAGON \u00dcRET\u0130M\u0130 \u0130\u015eLETME MAK\u0130NE &#8211; M\u00dcHEND\u0130SL\u0130K ELEKTR\u0130K &#8211; ELEKTRON\u0130K S\u0130STEMLER\u0130 E\u011e\u0130T\u0130M ARA\u015eTIRMA D\u0130\u011eER &nbsp; &nbsp; &nbsp; \u00dcYELER\u0130M\u0130Z &gt;&gt; NASIL \u00dcYE OLUNUR? &gt;&gt;<\/p>\n","protected":false},"author":1,"featured_media":0,"parent":0,"menu_order":0,"comment_status":"closed","ping_status":"closed","template":"page-full-width.php","meta":{"footnotes":""},"class_list":["post-385","page","type-page","status-publish","hentry"],"_links":{"self":[{"href":"http:\/\/www.rsc.org.tr\/indextr\/index.php\/wp-json\/wp\/v2\/pages\/385","targetHints":{"allow":["GET"]}}],"collection":[{"href":"http:\/\/www.rsc.org.tr\/indextr\/index.php\/wp-json\/wp\/v2\/pages"}],"about":[{"href":"http:\/\/www.rsc.org.tr\/indextr\/index.php\/wp-json\/wp\/v2\/types\/page"}],"author":[{"embeddable":true,"href":"http:\/\/www.rsc.org.tr\/indextr\/index.php\/wp-json\/wp\/v2\/users\/1"}],"replies":[{"embeddable":true,"href":"http:\/\/www.rsc.org.tr\/indextr\/index.php\/wp-json\/wp\/v2\/comments?post=385"}],"version-history":[{"count":15,"href":"http:\/\/www.rsc.org.tr\/indextr\/index.php\/wp-json\/wp\/v2\/pages\/385\/revisions"}],"predecessor-version":[{"id":683,"href":"http:\/\/www.rsc.org.tr\/indextr\/index.php\/wp-json\/wp\/v2\/pages\/385\/revisions\/683"}],"wp:attachment":[{"href":"http:\/\/www.rsc.org.tr\/indextr\/index.php\/wp-json\/wp\/v2\/media?parent=385"}],"curies":[{"name":"wp","href":"https:\/\/api.w.org\/{rel}","templated":true}]}}